{"id":5287,"date":"2025-07-17T20:00:12","date_gmt":"2025-07-17T18:00:12","guid":{"rendered":"https:\/\/sultanspices.es\/product\/chatar-salsa-halal-algerienne-500-ml\/"},"modified":"2026-02-23T12:40:36","modified_gmt":"2026-02-23T11:40:36","slug":"chatar-salsa-halal-algerienne-500-ml","status":"publish","type":"product","link":"https:\/\/sultanspices.es\/es\/producto\/chatar-salsa-halal-algerienne-500-ml\/","title":{"rendered":"CHATAR SALSA HALAL ALGERIENNE 500 ML"},"content":{"rendered":"<div id=\"model-response-message-contentr_f8ecce110505a4a4\" class=\"markdown markdown-main-panel enable-updated-hr-color\" dir=\"ltr\">\n<h2>CHATAR SALSA HALAL ALG\u00c9RIENNE 500 ML: El toque picante y dulce para sus comidas en Espa\u00f1a<\/h2>\n<p>En Sultan Spices and Supermarket, estamos encantados de ofrecerle una sensaci\u00f3n de sabor que ha cautivado a los amantes de la comida r\u00e1pida de toda Europa y el norte de \u00c1frica: <b>Chatar Salsa Halal Alg\u00e9rienne 500 ML<\/b>. Esta popular salsa ofrece un perfil de sabor \u00fanico y adictivo que equilibra el dulzor con un agradable toque picante, lo que la convierte en un condimento incre\u00edblemente vers\u00e1til. Con certificaci\u00f3n Halal, es el acompa\u00f1amiento perfecto para una amplia gama de platos, desde la comida tradicional de Oriente Medio y el norte de \u00c1frica hasta la cl\u00e1sica comida r\u00e1pida occidental.<\/p>\n<p>La Salsa Chatar Alg\u00e9rienne se caracteriza por su vibrante color amarillo anaranjado y su textura cremosa, a menudo con cebolla finamente picada, pasta de tomate y una mezcla de especias. Aunque la receta exacta puede variar, suele ofrecer una armoniosa mezcla de notas dulces, \u00e1cidas y sutilmente picantes, con toques de cebolla y a veces un toque de ajo o un ligero matiz de mostaza. Este complejo perfil de sabor es lo que lo hace tan atractivo, ya que ofrece una alternativa fresca y excitante a los ketchups o mayonesas habituales.<\/p>\n<p><span class=\"citation-259 citation-end-259\">La salsa \"alg\u00e9rienne\", aunque muy popular en las comunidades norteafricanas, sobre todo en Francia y B\u00e9lgica, es una creaci\u00f3n moderna que ha ganado una inmensa popularidad como condimento en establecimientos de comida r\u00e1pida.<\/span>Chatar garantiza que su producto es Halal, lo que lo hace accesible a una base de consumidores m\u00e1s amplia aqu\u00ed en Espa\u00f1a. Su mezcla \u00fanica de sabores puede convertir una comida sencilla en una experiencia culinaria memorable, a\u00f1adiendo un toque ex\u00f3tico sin ser excesivamente picante para los que prefieren un picante m\u00e1s suave.<\/p>\n<p>La versatilidad de Chatar Salsa Halal Alg\u00e9rienne es realmente notable. <span class=\"citation-258\">Es famoso su uso como aderezo para <\/span><i><span class=\"citation-258\">chawarmas<\/span><\/i><span class=\"citation-258\">kebabs, y <\/span><i><span class=\"citation-258\">Tacos franceses<\/span><\/i><span class=\"citation-258 citation-end-258\"> (un tipo de envoltorio, no relacionado con los tacos mexicanos).<\/span><span class=\"citation-257\">Adem\u00e1s, es una excelente inmersi\u00f3n para <\/span><i><span class=\"citation-257\">patatas fritas<\/span><\/i><span class=\"citation-257 citation-end-257\"> (patatas fritas) o gajos de patata, una sabrosa pasta para untar en s\u00e1ndwiches y hamburguesas, o un sabroso acompa\u00f1amiento para carnes a la parrilla y barbacoas.<sup class=\"superscript\" data-turn-source-index=\"3\">3<\/sup><\/span><span class=\"citation-256 citation-end-256\">Incluso puede rociarse sobre ensaladas o mezclarse con arroces para a\u00f1adir una dimensi\u00f3n cremosa y especiada, aportando un toque excitante a las comidas cotidianas.<\/span><\/p>\n<p>Para nuestros clientes de M\u00e1laga y de toda Espa\u00f1a que aprecian los sabores variados y los productos Halal pr\u00e1cticos y de alta calidad, Chatar Salsa Halal Alg\u00e9rienne 500 ML es un producto imprescindible. Tanto si est\u00e1s preparando una comida familiar r\u00e1pida y deliciosa como si simplemente quieres elevar el nivel de tus aperitivos, esta salsa proporciona una experiencia aut\u00e9ntica y deliciosa. Descubra por qu\u00e9 esta sensaci\u00f3n dulce y picante se ha convertido en un producto b\u00e1sico muy apreciado e impregne sus platos con su sabor \u00fanico y cautivador.<\/p>\n<\/div>","protected":false},"excerpt":{"rendered":"<p>CHATAR SALSA HALAL ALG\u00c9RIENNE 500 ML: El toque picante y dulce para sus comidas en Espa\u00f1a En Especias y Supermercado Sult\u00e1n, nos complace ofrecerle una sensaci\u00f3n de sabor que ha cautivado a los amantes de la comida r\u00e1pida en toda Europa y el Norte de \u00c1frica: Chatar Salsa Halal Alg\u00e9rienne 500 ML. Esta popular salsa ofrece un perfil de sabor \u00fanico y adictivo...<\/p>","protected":false},"featured_media":5342,"comment_status":"open","ping_status":"closed","template":"","meta":{"_kad_blocks_custom_css":"","_kad_blocks_head_custom_js":"","_kad_blocks_body_custom_js":"","_kad_blocks_footer_custom_js":"","_kadence_starter_templates_imported_post":false,"_kad_post_transparent":"default","_kad_post_title":"","_kad_post_layout":"default","_kad_post_sidebar_id":"","_kad_post_content_style":"default","_kad_post_vertical_padding":"default","_kad_post_feature":"","_kad_post_feature_position":"","_kad_post_header":false,"_kad_post_footer":false,"_kad_post_classname":""},"product_brand":[],"product_cat":[55],"product_tag":[],"class_list":{"0":"post-5287","1":"product","2":"type-product","3":"status-publish","4":"has-post-thumbnail","6":"product_cat-pastes","8":"first","9":"outofstock","10":"shipping-taxable","11":"purchasable","12":"product-type-simple","13":"entry","14":"content-bg","15":"loop-entry"},"taxonomy_info":{"product_cat":[{"value":55,"label":"Pastes, Pickles &amp; Sauces"}]},"featured_image_src_large":["https:\/\/sultanspices.es\/wp-content\/uploads\/2025\/07\/ProductsPIX-79-1024x1024.png",1024,1024,true],"author_info":[],"comment_info":0,"jetpack_sharing_enabled":true,"_links":{"self":[{"href":"https:\/\/sultanspices.es\/es\/wp-json\/wp\/v2\/product\/5287","targetHints":{"allow":["GET"]}}],"collection":[{"href":"https:\/\/sultanspices.es\/es\/wp-json\/wp\/v2\/product"}],"about":[{"href":"https:\/\/sultanspices.es\/es\/wp-json\/wp\/v2\/types\/product"}],"replies":[{"embeddable":true,"href":"https:\/\/sultanspices.es\/es\/wp-json\/wp\/v2\/comments?post=5287"}],"wp:featuredmedia":[{"embeddable":true,"href":"https:\/\/sultanspices.es\/es\/wp-json\/wp\/v2\/media\/5342"}],"wp:attachment":[{"href":"https:\/\/sultanspices.es\/es\/wp-json\/wp\/v2\/media?parent=5287"}],"wp:term":[{"taxonomy":"product_brand","embeddable":true,"href":"https:\/\/sultanspices.es\/es\/wp-json\/wp\/v2\/product_brand?post=5287"},{"taxonomy":"product_cat","embeddable":true,"href":"https:\/\/sultanspices.es\/es\/wp-json\/wp\/v2\/product_cat?post=5287"},{"taxonomy":"product_tag","embeddable":true,"href":"https:\/\/sultanspices.es\/es\/wp-json\/wp\/v2\/product_tag?post=5287"}],"curies":[{"name":"wp","href":"https:\/\/api.w.org\/{rel}","templated":true}]}}