{"id":5284,"date":"2025-07-17T20:00:10","date_gmt":"2025-07-17T18:00:10","guid":{"rendered":"https:\/\/sultanspices.es\/product\/bajra-flour-ali-baba-1kg\/"},"modified":"2026-04-27T10:45:48","modified_gmt":"2026-04-27T08:45:48","slug":"bajra-flour-ali-baba-1kg","status":"publish","type":"product","link":"https:\/\/sultanspices.es\/es\/producto\/bajra-harina-ali-baba-1kg\/","title":{"rendered":"HARINA DE BAJRA ALI BABA 1KG"},"content":{"rendered":"<div id=\"model-response-message-contentr_b777eecd8d99662b\" class=\"markdown markdown-main-panel enable-updated-hr-color\" dir=\"ltr\">\n<h2>HARINA DE BAJRA ALI BABA 1KG: La fuente de energ\u00eda sin gluten para su cocina espa\u00f1ola<\/h2>\n<p>En Especias y Supermercado Sult\u00e1n, ampliamos continuamente nuestra gama de ingredientes sanos y aut\u00e9nticos para satisfacer las diversas necesidades culinarias de Espa\u00f1a. <span class=\"citation-279\">Nos complace presentarles <\/span><b><span class=\"citation-279\">Ali Baba Bajra Harina 1KG<\/span><\/b><span class=\"citation-279 citation-end-279\">tambi\u00e9n conocida como harina de mijo perla.<\/span> <span class=\"citation-278 citation-end-278\">Este antiguo cereal, b\u00e1sico en las dietas tradicionales de la India y \u00c1frica, est\u00e1 ganando popularidad en todo el mundo por su excepcional perfil nutricional y su naturaleza naturalmente libre de gluten, lo que lo convierte en una fant\u00e1stica alternativa a la harina de trigo para un estilo de vida saludable.<\/span><\/p>\n<p>La harina Ali Baba Bajra se muele meticulosamente a partir de granos de mijo perla de primera calidad, lo que garantiza una textura fina y una calidad constante. <span class=\"citation-277 citation-end-277\">Posee un caracter\u00edstico sabor terroso, ligeramente a nuez, que a\u00f1ade una profundidad \u00fanica a sus platos.<\/span>\u00a0Este envase de 1 kilogramo proporciona una cantidad generosa, perfecta para el consumo regular de quienes aprecian los beneficios del mijo o para cualquiera que est\u00e9 explorando la reposter\u00eda sin gluten y los panes planos tradicionales de la India. Su versatilidad lo convierte en un excelente complemento para cualquier despensa preocupada por la salud.<\/p>\n<p><span class=\"citation-276 citation-end-276\">Una de las ventajas m\u00e1s significativas de la harina de Bajra es su impresionante contenido nutricional.<\/span><span class=\"citation-275\">Es naturalmente <\/span><b><span class=\"citation-275\">sin gluten<\/span><\/b><span class=\"citation-275 citation-end-275\">por lo que es una opci\u00f3n ideal para las personas cel\u00edacas, con intolerancia al gluten o que simplemente desean reducir el gluten en su dieta.<\/span><span class=\"citation-274 citation-end-274\">Adem\u00e1s, la bajra es una excelente fuente de fibra diet\u00e9tica, que favorece una digesti\u00f3n sana y ayuda a controlar el peso al mantener la sensaci\u00f3n de saciedad durante m\u00e1s tiempo.<\/span> <span class=\"citation-273 citation-end-273\">Tambi\u00e9n es rica en minerales esenciales como hierro, magnesio, f\u00f3sforo y zinc, y aporta una buena cantidad de prote\u00ednas de origen vegetal, lo que contribuye a la energ\u00eda y el bienestar general.<\/span><\/p>\n<p><span class=\"citation-272\">En la cocina india, la harina de Bajra se utiliza para hacer panes planos sanos y r\u00fasticos como <\/span><i><span class=\"citation-272\">Bajra Roti<\/span><\/i><span class=\"citation-272\"> o <\/span><i><span class=\"citation-272\">Bhakri<\/span><\/i><span class=\"citation-272 citation-end-272\">especialmente popular durante los meses m\u00e1s fr\u00edos por sus propiedades calor\u00edficas.<\/span><span class=\"citation-271\">Estos nutritivos rotis se sirven tradicionalmente con sustanciosos currys, platos de lentejas (<\/span><i><span class=\"citation-271\">dals<\/span><\/i><span class=\"citation-271 citation-end-271\">), y diversos preparados vegetales.<sup class=\"superscript\" data-turn-source-index=\"9\">9<\/sup><\/span> <span class=\"citation-270\">Adem\u00e1s de los panes planos, la harina de Bajra puede incorporarse a sabrosas gachas, <\/span><i><span class=\"citation-270\">khichdi<\/span><\/i><span class=\"citation-270 citation-end-270\"> (un reconfortante plato de arroz y lentejas), o incluso en modernas recetas de reposter\u00eda sin gluten para tortitas, magdalenas o como espesante para sopas y guisos.<\/span><\/p>\n<p>Para nuestros clientes en M\u00e1laga y en toda Espa\u00f1a, la Harina Ali Baba Bajra 1KG de Especias y Supermercado Sult\u00e1n abre un mundo de posibilidades saludables y llenas de sabor. Si usted est\u00e1 buscando adoptar una dieta libre de gluten, explorar aut\u00e9nticas tradiciones culinarias de la India, o simplemente a\u00f1adir un grano entero denso en nutrientes a sus comidas, la harina de Bajra es una excelente opci\u00f3n. Descubra su sabor \u00fanico y sus innumerables beneficios para la salud, y eleve su cocina con este antiguo superalimento.<\/p>\n<\/div>","protected":false},"excerpt":{"rendered":"<p>HARINA BAJRA ALI BABA 1KG: La fuente de energ\u00eda sin gluten para su cocina espa\u00f1ola En Sult\u00e1n Especias y Supermercado, estamos continuamente ampliando nuestra gama de ingredientes sanos y aut\u00e9nticos para satisfacer las diversas necesidades culinarias en Espa\u00f1a. Estamos encantados de presentar Ali Baba Bajra Flour 1KG, tambi\u00e9n conocida como harina de mijo perla. Este antiguo grano,...<\/p>","protected":false},"featured_media":5344,"comment_status":"open","ping_status":"closed","template":"","meta":{"_kad_blocks_custom_css":"","_kad_blocks_head_custom_js":"","_kad_blocks_body_custom_js":"","_kad_blocks_footer_custom_js":"","_kadence_starter_templates_imported_post":false,"_kad_post_transparent":"default","_kad_post_title":"","_kad_post_layout":"default","_kad_post_sidebar_id":"","_kad_post_content_style":"default","_kad_post_vertical_padding":"default","_kad_post_feature":"","_kad_post_feature_position":"","_kad_post_header":false,"_kad_post_footer":false,"_kad_post_classname":""},"product_brand":[],"product_cat":[52],"product_tag":[],"class_list":{"0":"post-5284","1":"product","2":"type-product","3":"status-publish","4":"has-post-thumbnail","6":"product_cat-flour","8":"first","9":"instock","10":"shipping-taxable","11":"purchasable","12":"product-type-simple","13":"entry","14":"content-bg","15":"loop-entry"},"taxonomy_info":{"product_cat":[{"value":52,"label":"Flour"}]},"featured_image_src_large":["https:\/\/sultanspices.es\/wp-content\/uploads\/2025\/07\/ProductsPIX-80-1024x1024.png",1024,1024,true],"author_info":[],"comment_info":0,"jetpack_sharing_enabled":true,"_links":{"self":[{"href":"https:\/\/sultanspices.es\/es\/wp-json\/wp\/v2\/product\/5284","targetHints":{"allow":["GET"]}}],"collection":[{"href":"https:\/\/sultanspices.es\/es\/wp-json\/wp\/v2\/product"}],"about":[{"href":"https:\/\/sultanspices.es\/es\/wp-json\/wp\/v2\/types\/product"}],"replies":[{"embeddable":true,"href":"https:\/\/sultanspices.es\/es\/wp-json\/wp\/v2\/comments?post=5284"}],"wp:featuredmedia":[{"embeddable":true,"href":"https:\/\/sultanspices.es\/es\/wp-json\/wp\/v2\/media\/5344"}],"wp:attachment":[{"href":"https:\/\/sultanspices.es\/es\/wp-json\/wp\/v2\/media?parent=5284"}],"wp:term":[{"taxonomy":"product_brand","embeddable":true,"href":"https:\/\/sultanspices.es\/es\/wp-json\/wp\/v2\/product_brand?post=5284"},{"taxonomy":"product_cat","embeddable":true,"href":"https:\/\/sultanspices.es\/es\/wp-json\/wp\/v2\/product_cat?post=5284"},{"taxonomy":"product_tag","embeddable":true,"href":"https:\/\/sultanspices.es\/es\/wp-json\/wp\/v2\/product_tag?post=5284"}],"curies":[{"name":"wp","href":"https:\/\/api.w.org\/{rel}","templated":true}]}}