{"id":5283,"date":"2025-07-17T20:00:09","date_gmt":"2025-07-17T18:00:09","guid":{"rendered":"https:\/\/sultanspices.es\/product\/ali-baba-nutmeg-jaifal-100g\/"},"modified":"2026-03-08T18:08:23","modified_gmt":"2026-03-08T17:08:23","slug":"ali-baba-nutmeg-jaifal-100g","status":"publish","type":"product","link":"https:\/\/sultanspices.es\/es\/producto\/ali-baba-nuez-moscada-jaifal-100g\/","title":{"rendered":"ALI BABA NUEZ MOSCADA (JAIFAL) 100G"},"content":{"rendered":"<div id=\"model-response-message-contentr_a1b36f150b2ac99a\" class=\"markdown markdown-main-panel enable-updated-hr-color\" dir=\"ltr\">\n<h2>ALI BABA NUTMEG (JAIFAL) 100G: La joya c\u00e1lida y arom\u00e1tica para su despensa espa\u00f1ola<\/h2>\n<p>En Especias y Supermercado Sult\u00e1n, creemos en ofrecer especias de la m\u00e1s alta calidad para enriquecer sus experiencias culinarias en Espa\u00f1a. Estamos encantados de presentar <b>Ali Baba Nuez Moscada (Jaifal) 100G<\/b>una apreciada especia conocida por su distintiva fragancia picante y su sabor c\u00e1lido, ligeramente dulce y amaderado. <span class=\"citation-295 citation-end-295\">Esta joya vers\u00e1til es un elemento b\u00e1sico en diversas cocinas de todo el mundo, especialmente en la india y la pakistan\u00ed, y su presencia en su cocina le abrir\u00e1 una nueva dimensi\u00f3n de profundidad arom\u00e1tica tanto en platos dulces como salados.<\/span><\/p>\n<p>Ali Baba garantiza que su nuez moscada (Jaifal) es de primera calidad, obtenida para ofrecer un sabor y un aroma potentes. Aunque est\u00e1 disponible molida, el paquete de 100 g de nuez moscada entera permite rallarla fresca, lo que se considera la mejor forma de liberar todos sus aceites arom\u00e1ticos y conseguir el sabor m\u00e1s intenso. <span class=\"citation-294 citation-end-294\">Esta pr\u00e1ctica garantiza que cada plato que prepare reciba la esencia \u00f3ptima de esta notable especia, realzando su perfil general.<\/span><\/p>\n<p><span class=\"citation-293 citation-end-293\">M\u00e1s all\u00e1 de su incre\u00edble atractivo culinario, la nuez moscada tambi\u00e9n ocupa un lugar en las pr\u00e1cticas tradicionales de bienestar.<\/span> <span class=\"citation-292 citation-end-292\">Se sabe que contiene compuestos con propiedades antioxidantes y antiinflamatorias.<sup class=\"superscript\" data-turn-source-index=\"4\">4<\/sup><\/span> <span class=\"citation-291 citation-end-291\">Hist\u00f3ricamente, se ha utilizado para favorecer la digesti\u00f3n, promover la relajaci\u00f3n e incluso ayudar a dormir mejor cuando se consume con moderaci\u00f3n.<sup class=\"superscript\" data-turn-source-index=\"5\">5<\/sup><\/span> Aunque se conoce principalmente por su sabor, la incorporaci\u00f3n de esta especia a la cocina tambi\u00e9n puede aportar un toque de sus tradicionales beneficios para la salud.<\/p>\n<p>En la cocina india y pakistan\u00ed, el jaifal (nuez moscada) es una especia muy apreciada, utilizada con delicadeza debido a su fuerte sabor. <span class=\"citation-290\">Es un ingrediente clave en muchas mezclas de especias arom\u00e1ticas como <\/span><i><span class=\"citation-290\">Garam Masala<\/span><\/i><span class=\"citation-290\">, a\u00f1adiendo calidez y profundidad a los ricos currys, <\/span><i><span class=\"citation-290\">biryanis<\/span><\/i><span class=\"citation-290 citation-end-290\">y salsas cremosas.<\/span> <span class=\"citation-289\">Tambi\u00e9n ocupa un lugar destacado en dulces y postres, como <\/span><i><span class=\"citation-289\">kheer<\/span><\/i><span class=\"citation-289\"> (arroz con leche), <\/span><i><span class=\"citation-289\">halwa<\/span><\/i><span class=\"citation-289 citation-end-289\">y diversos productos horneados, aportando una nota reconfortante y \u00fanica<\/span>\u00a0<span class=\"citation-288 citation-end-288\">Su versatilidad se extiende a los platos de verduras saladas, en particular los que llevan tub\u00e9rculos o verduras de hoja verde, e incluso en preparaciones con huevo.<\/span>Tanto si es un chef experimentado que busca perfeccionar sus recetas indias y pakistan\u00edes, como si es un cocinero casero aventurero en Espa\u00f1a deseoso de explorar nuevos perfiles de sabor, la Nuez Moscada Ali Baba (Jaifal) 100G es un complemento indispensable en su colecci\u00f3n de especias. Su potente aroma y rico sabor transformar\u00e1n sus platos, aportando ese toque aut\u00e9ntico y c\u00e1lido que s\u00f3lo la nuez moscada reci\u00e9n rallada puede ofrecer. Eleve su cocina y deleite sus sentidos con esta arom\u00e1tica joya de Especias y Supermercado Sult\u00e1n de M\u00e1laga.<\/p>\n<\/div>","protected":false},"excerpt":{"rendered":"<p>ALI BABA NUTMEG (JAIFAL) 100G: La c\u00e1lida y arom\u00e1tica joya para su despensa espa\u00f1ola En Sultan Spices and Supermarket, creemos en ofrecer las especias de la m\u00e1s alta calidad para enriquecer sus experiencias culinarias en Espa\u00f1a. Estamos encantados de presentar Ali Baba Nuez Moscada (Jaifal) 100G, una apreciada especia conocida por su distintiva fragancia...<\/p>","protected":false},"featured_media":5348,"comment_status":"open","ping_status":"closed","template":"","meta":{"_kad_blocks_custom_css":"","_kad_blocks_head_custom_js":"","_kad_blocks_body_custom_js":"","_kad_blocks_footer_custom_js":"","_kadence_starter_templates_imported_post":false,"_kad_post_transparent":"default","_kad_post_title":"","_kad_post_layout":"default","_kad_post_sidebar_id":"","_kad_post_content_style":"default","_kad_post_vertical_padding":"default","_kad_post_feature":"","_kad_post_feature_position":"","_kad_post_header":false,"_kad_post_footer":false,"_kad_post_classname":""},"product_brand":[],"product_cat":[50],"product_tag":[],"class_list":{"0":"post-5283","1":"product","2":"type-product","3":"status-publish","4":"has-post-thumbnail","6":"product_cat-spices","8":"first","9":"instock","10":"sale","11":"shipping-taxable","12":"purchasable","13":"product-type-simple","14":"entry","15":"content-bg","16":"loop-entry"},"taxonomy_info":{"product_cat":[{"value":50,"label":"Spices"}]},"featured_image_src_large":["https:\/\/sultanspices.es\/wp-content\/uploads\/2025\/07\/ProductsPIX-81-1024x1024.png",1024,1024,true],"author_info":[],"comment_info":0,"jetpack_sharing_enabled":true,"_links":{"self":[{"href":"https:\/\/sultanspices.es\/es\/wp-json\/wp\/v2\/product\/5283","targetHints":{"allow":["GET"]}}],"collection":[{"href":"https:\/\/sultanspices.es\/es\/wp-json\/wp\/v2\/product"}],"about":[{"href":"https:\/\/sultanspices.es\/es\/wp-json\/wp\/v2\/types\/product"}],"replies":[{"embeddable":true,"href":"https:\/\/sultanspices.es\/es\/wp-json\/wp\/v2\/comments?post=5283"}],"wp:featuredmedia":[{"embeddable":true,"href":"https:\/\/sultanspices.es\/es\/wp-json\/wp\/v2\/media\/5348"}],"wp:attachment":[{"href":"https:\/\/sultanspices.es\/es\/wp-json\/wp\/v2\/media?parent=5283"}],"wp:term":[{"taxonomy":"product_brand","embeddable":true,"href":"https:\/\/sultanspices.es\/es\/wp-json\/wp\/v2\/product_brand?post=5283"},{"taxonomy":"product_cat","embeddable":true,"href":"https:\/\/sultanspices.es\/es\/wp-json\/wp\/v2\/product_cat?post=5283"},{"taxonomy":"product_tag","embeddable":true,"href":"https:\/\/sultanspices.es\/es\/wp-json\/wp\/v2\/product_tag?post=5283"}],"curies":[{"name":"wp","href":"https:\/\/api.w.org\/{rel}","templated":true}]}}