{"id":5282,"date":"2025-07-17T20:00:08","date_gmt":"2025-07-17T18:00:08","guid":{"rendered":"https:\/\/sultanspices.es\/product\/ali-baba-madras-curry-hot-pwd-1-kg\/"},"modified":"2026-02-23T12:40:31","modified_gmt":"2026-02-23T11:40:31","slug":"ali-baba-madras-curry-hot-pwd-1-kg","status":"publish","type":"product","link":"https:\/\/sultanspices.es\/es\/producto\/ali-baba-madras-curry-caliente-pwd-1-kg\/","title":{"rendered":"ALI BABA MADRAS CURRY CALIENTE PWD 1 KG"},"content":{"rendered":"<div id=\"model-response-message-contentr_43b1cb0e657ad346\" class=\"markdown markdown-main-panel enable-updated-hr-color\" dir=\"ltr\">\n<h2>ALI BABA MADRAS CURRY HOT PWD 1 KG: Encienda su cocina espa\u00f1ola con aut\u00e9ntico calor<\/h2>\n<p>En Sultan Spices and Supermarket, le damos la posibilidad de crear comidas verdaderamente vibrantes y emocionantes con sabores aut\u00e9nticos. Estamos orgullosos de ofrecer <b>Ali Baba Madras Curry Polvo Picante 1 KG<\/b>Una mezcla de especias audaz y arom\u00e1tica que trae el calor vigorizante y el sabor complejo de la cocina tradicional del sur de la India directamente a su casa en Espa\u00f1a. Este generoso paquete de 1 kilo es la elecci\u00f3n definitiva para los cocineros apasionados que adoran un toque picante y la rica profundidad que s\u00f3lo un polvo de curry de calidad puede proporcionar.<\/p>\n<p>El curry en polvo de Madr\u00e1s es una mezcla \u00fanica de especias, que se distingue de otras variantes del curry por su caracter\u00edstico picante y, a menudo, un tono ligeramente rojizo. Ali Baba garantiza una mezcla de primera calidad, que suele contener una s\u00f3lida combinaci\u00f3n de chiles rojos molidos, cilantro, comino, fenogreco, c\u00farcuma y, a veces, otras especias como pimienta negra o jengibre. Esta mezcla cuidadosamente equilibrada proporciona un potente golpe de sabor que es a la vez profundamente arom\u00e1tico y satisfactoriamente picante, por lo que es una piedra angular para la creaci\u00f3n de platos verdaderamente aut\u00e9nticos y estimulantes.<\/p>\n<p>La belleza de un curry en polvo de alta calidad como Ali Baba Madras Curry Hot reside en su capacidad para simplificar complejos perfiles de sabor. En lugar de medir y moler cada una de las especias, dispondr\u00e1 de una mezcla perfectamente equilibrada lista para usar. El tama\u00f1o de 1 kg es econ\u00f3mico y pr\u00e1ctico para los hogares que comen curry con frecuencia o para restaurantes y empresas de catering. Le garantiza que siempre tendr\u00e1 a mano este ingrediente esencial, listo para infundir a sus comidas su distintivo calor y cautivador aroma.<\/p>\n<p>En la cocina india y pakistan\u00ed, el curry en polvo de Madr\u00e1s se utiliza principalmente como especia b\u00e1sica para crear currys ricos y contundentes. Combina excepcionalmente bien con carnes variadas, como pollo, cordero o ternera, as\u00ed como con verduras sustanciosas, lentejas (<i>dals<\/i>) y platos de marisco. Adem\u00e1s del curry tradicional, puede utilizarse para dar un toque picante a platos de arroz como <i>biryani<\/i> o <i>pulao<\/i>Para sazonar salteados, o incluso para crear sabrosas marinadas y ali\u00f1os para ingredientes a la parrilla. Su versatilidad le permite experimentar e infundir una esencia picante y arom\u00e1tica a innumerables creaciones culinarias.<\/p>\n<p>Para nuestros clientes aventureros en M\u00e1laga y en toda Espa\u00f1a que anhelan el calor aut\u00e9ntico y los sabores complejos, Ali Baba Madras Curry Polvo Picante 1 KG de Especias y Supermercado Sult\u00e1n es una adici\u00f3n indispensable a su colecci\u00f3n de especias. Abrace el ardiente esp\u00edritu de Madr\u00e1s y transforme su cocina diaria en un extraordinario viaje culinario, llevando los vibrantes sabores del sur de Asia directamente a su mesa.<\/p>\n<\/div>","protected":false},"excerpt":{"rendered":"<p>ALI BABA MADRAS CURRY HOT PWD 1 KG: Encienda su cocina espa\u00f1ola con aut\u00e9ntico calor En Sultan Spices and Supermarket, le permitimos crear comidas verdaderamente vibrantes y emocionantes con sabores aut\u00e9nticos. Estamos orgullosos de ofrecer Ali Baba Madras Curry Hot Powder 1 KG, una mezcla de especias audaz y arom\u00e1tica que trae...<\/p>","protected":false},"featured_media":5346,"comment_status":"open","ping_status":"closed","template":"","meta":{"_kad_blocks_custom_css":"","_kad_blocks_head_custom_js":"","_kad_blocks_body_custom_js":"","_kad_blocks_footer_custom_js":"","_kadence_starter_templates_imported_post":false,"_kad_post_transparent":"default","_kad_post_title":"","_kad_post_layout":"default","_kad_post_sidebar_id":"","_kad_post_content_style":"default","_kad_post_vertical_padding":"default","_kad_post_feature":"","_kad_post_feature_position":"","_kad_post_header":false,"_kad_post_footer":false,"_kad_post_classname":""},"product_brand":[],"product_cat":[50],"product_tag":[],"class_list":{"0":"post-5282","1":"product","2":"type-product","3":"status-publish","4":"has-post-thumbnail","6":"product_cat-spices","8":"first","9":"instock","10":"sale","11":"shipping-taxable","12":"purchasable","13":"product-type-simple","14":"entry","15":"content-bg","16":"loop-entry"},"taxonomy_info":{"product_cat":[{"value":50,"label":"Spices"}]},"featured_image_src_large":["https:\/\/sultanspices.es\/wp-content\/uploads\/2025\/07\/ProductsPIX-82-1024x1024.png",1024,1024,true],"author_info":[],"comment_info":0,"jetpack_sharing_enabled":true,"_links":{"self":[{"href":"https:\/\/sultanspices.es\/es\/wp-json\/wp\/v2\/product\/5282","targetHints":{"allow":["GET"]}}],"collection":[{"href":"https:\/\/sultanspices.es\/es\/wp-json\/wp\/v2\/product"}],"about":[{"href":"https:\/\/sultanspices.es\/es\/wp-json\/wp\/v2\/types\/product"}],"replies":[{"embeddable":true,"href":"https:\/\/sultanspices.es\/es\/wp-json\/wp\/v2\/comments?post=5282"}],"wp:featuredmedia":[{"embeddable":true,"href":"https:\/\/sultanspices.es\/es\/wp-json\/wp\/v2\/media\/5346"}],"wp:attachment":[{"href":"https:\/\/sultanspices.es\/es\/wp-json\/wp\/v2\/media?parent=5282"}],"wp:term":[{"taxonomy":"product_brand","embeddable":true,"href":"https:\/\/sultanspices.es\/es\/wp-json\/wp\/v2\/product_brand?post=5282"},{"taxonomy":"product_cat","embeddable":true,"href":"https:\/\/sultanspices.es\/es\/wp-json\/wp\/v2\/product_cat?post=5282"},{"taxonomy":"product_tag","embeddable":true,"href":"https:\/\/sultanspices.es\/es\/wp-json\/wp\/v2\/product_tag?post=5282"}],"curies":[{"name":"wp","href":"https:\/\/api.w.org\/{rel}","templated":true}]}}