{"id":5015,"date":"2025-02-16T18:24:33","date_gmt":"2025-02-16T17:24:33","guid":{"rendered":"https:\/\/sultanspices.es\/product\/toothpaste-dabur-clove-100ml\/"},"modified":"2026-02-23T12:41:23","modified_gmt":"2026-02-23T11:41:23","slug":"toothpaste-dabur-clove-100ml","status":"publish","type":"product","link":"https:\/\/sultanspices.es\/es\/producto\/dentifrico-dabur-clove-100ml\/","title":{"rendered":"DENT\u00cdFRICO DABUR CLAVO 100ML"},"content":{"rendered":"<div class=\"flex max-w-full flex-col flex-grow\">\n<div class=\"min-h-8 text-message flex w-full flex-col items-end gap-2 whitespace-normal break-words text-start [.text-message+&amp;]:mt-5\" dir=\"auto\" data-message-author-role=\"assistant\" data-message-id=\"ff5042f5-59ba-4465-832d-0a6bf7f4abc9\" data-message-model-slug=\"gpt-4o\">\n<div class=\"flex w-full flex-col gap-1 empty:hidden first:pt-[3px]\">\n<div class=\"markdown prose w-full break-words dark:prose-invert dark\">\n<p data-start=\"36\" data-end=\"337\">Mantenga unos dientes fuertes y sanos con <strong data-start=\"75\" data-end=\"107\">DENT\u00cdFRICO DABUR CLAVO 100ML<\/strong>disponible en <strong data-start=\"122\" data-end=\"139\">Sultan Spices<\/strong>su empresa de confianza <strong data-start=\"154\" data-end=\"188\">Tienda de comestibles india en M\u00e1laga<\/strong>. Con el poder natural del clavo, este dent\u00edfrico ayurv\u00e9dico de Dabur ayuda a combatir los g\u00e9rmenes, refrescar el aliento y promover la salud bucal en general.<\/p>\n<h3 data-start=\"339\" data-end=\"362\"><strong data-start=\"343\" data-end=\"360\">Caracter\u00edsticas principales:<\/strong><\/h3>\n<p data-start=\"363\" data-end=\"856\">\u2714 <strong data-start=\"365\" data-end=\"392\">F\u00f3rmula enriquecida con clavo:<\/strong> Contiene las propiedades antibacterianas y analg\u00e9sicas naturales del aceite de clavo.<br data-start=\"471\" data-end=\"474\" \/>\u2714 <strong data-start=\"476\" data-end=\"506\">Combate los g\u00e9rmenes y el mal aliento:<\/strong> Ayuda a eliminar las bacterias y proporciona un frescor duradero.<br data-start=\"568\" data-end=\"571\" \/>\u2714 <strong data-start=\"573\" data-end=\"602\">Fortalece dientes y enc\u00edas:<\/strong> Favorece la salud de las enc\u00edas y previene las caries y la sensibilidad dental.<br data-start=\"667\" data-end=\"670\" \/>\u2714 <strong data-start=\"672\" data-end=\"695\">Sin productos qu\u00edmicos agresivos:<\/strong> No contiene fl\u00faor ni aditivos artificiales, por lo que es una opci\u00f3n natural para el cuidado bucal.<br data-start=\"778\" data-end=\"781\" \/>\u2714 <strong data-start=\"783\" data-end=\"808\">C\u00f3modo embalaje:<\/strong> Viene en un tubo de 100ML, perfecto para el uso diario.<\/p>\n<p data-start=\"858\" data-end=\"1054\">En <strong data-start=\"861\" data-end=\"878\">Sultan Spices<\/strong>le ofrecemos aut\u00e9nticos productos ayurv\u00e9dicos que mejoran su salud y bienestar. <strong data-start=\"963\" data-end=\"995\">DENT\u00cdFRICO DABUR CLAVO 100ML<\/strong> es una soluci\u00f3n natural para unos dientes fuertes y un aliento fresco.<\/p>\n<p data-start=\"1056\" data-end=\"1186\">Visite <strong data-start=\"1062\" data-end=\"1089\">Especias Sult\u00e1n en M\u00e1laga<\/strong> para explorar una amplia gama de productos ayurv\u00e9dicos, productos esenciales para el cuidado personal y remedios naturales.<\/p>\n<p data-start=\"1188\" data-end=\"1333\" data-is-last-node=\"\">Actualice su rutina de cuidado bucal con <strong data-start=\"1224\" data-end=\"1256\">DENT\u00cdFRICO DABUR CLAVO 100ML<\/strong> de <strong data-start=\"1262\" data-end=\"1279\">Sultan Spices<\/strong>y disfruta del poder de la naturaleza para una sonrisa m\u00e1s sana.<\/p>\n<\/div>\n<\/div>\n<\/div>\n<\/div>\n<div class=\"mb-2 flex gap-3 empty:hidden -ml-2\">\n<div class=\"items-center justify-start rounded-xl p-1 flex\">\n<div class=\"flex items-center\"><\/div>\n<\/div>\n<\/div>","protected":false},"excerpt":{"rendered":"<p>Mantenga unos dientes fuertes y sanos con TOOTHPASTE DABUR CLOVE 100ML, disponible en Sultan Spices, su tienda de alimentaci\u00f3n india de confianza en M\u00e1laga. Infundido con el poder natural del clavo, esta pasta de dientes ayurv\u00e9dica de Dabur ayuda a combatir los g\u00e9rmenes, refrescar el aliento y promover la salud oral en general. Caracter\u00edsticas principales: \u2714 F\u00f3rmula enriquecida con clavo: Contiene las propiedades antibacterianas y analg\u00e9sicas naturales...<\/p>","protected":false},"featured_media":5021,"comment_status":"open","ping_status":"closed","template":"","meta":{"_kad_blocks_custom_css":"","_kad_blocks_head_custom_js":"","_kad_blocks_body_custom_js":"","_kad_blocks_footer_custom_js":"","_kadence_starter_templates_imported_post":false,"_kad_post_transparent":"default","_kad_post_title":"","_kad_post_layout":"default","_kad_post_sidebar_id":"","_kad_post_content_style":"default","_kad_post_vertical_padding":"default","_kad_post_feature":"","_kad_post_feature_position":"","_kad_post_header":false,"_kad_post_footer":false,"_kad_post_classname":""},"product_brand":[],"product_cat":[15],"product_tag":[],"class_list":{"0":"post-5015","1":"product","2":"type-product","3":"status-publish","4":"has-post-thumbnail","6":"product_cat-indian-items","8":"first","9":"instock","10":"shipping-taxable","11":"purchasable","12":"product-type-simple","13":"entry","14":"content-bg","15":"loop-entry"},"taxonomy_info":{"product_cat":[{"value":15,"label":"Other Indian Items"}]},"featured_image_src_large":["https:\/\/sultanspices.es\/wp-content\/uploads\/2025\/02\/ProductsPIX-29-1024x1024.png",1024,1024,true],"author_info":[],"comment_info":0,"jetpack_sharing_enabled":true,"_links":{"self":[{"href":"https:\/\/sultanspices.es\/es\/wp-json\/wp\/v2\/product\/5015","targetHints":{"allow":["GET"]}}],"collection":[{"href":"https:\/\/sultanspices.es\/es\/wp-json\/wp\/v2\/product"}],"about":[{"href":"https:\/\/sultanspices.es\/es\/wp-json\/wp\/v2\/types\/product"}],"replies":[{"embeddable":true,"href":"https:\/\/sultanspices.es\/es\/wp-json\/wp\/v2\/comments?post=5015"}],"wp:featuredmedia":[{"embeddable":true,"href":"https:\/\/sultanspices.es\/es\/wp-json\/wp\/v2\/media\/5021"}],"wp:attachment":[{"href":"https:\/\/sultanspices.es\/es\/wp-json\/wp\/v2\/media?parent=5015"}],"wp:term":[{"taxonomy":"product_brand","embeddable":true,"href":"https:\/\/sultanspices.es\/es\/wp-json\/wp\/v2\/product_brand?post=5015"},{"taxonomy":"product_cat","embeddable":true,"href":"https:\/\/sultanspices.es\/es\/wp-json\/wp\/v2\/product_cat?post=5015"},{"taxonomy":"product_tag","embeddable":true,"href":"https:\/\/sultanspices.es\/es\/wp-json\/wp\/v2\/product_tag?post=5015"}],"curies":[{"name":"wp","href":"https:\/\/api.w.org\/{rel}","templated":true}]}}