{"id":5013,"date":"2025-02-16T18:24:30","date_gmt":"2025-02-16T17:24:30","guid":{"rendered":"https:\/\/sultanspices.es\/product\/soya-chaap-pachranga-800g\/"},"modified":"2026-02-23T12:41:19","modified_gmt":"2026-02-23T11:41:19","slug":"soya-chaap-pachranga-800g","status":"publish","type":"product","link":"https:\/\/sultanspices.es\/es\/producto\/soja-chaap-pachranga-800g\/","title":{"rendered":"SOJA CHAAP PACHRANGA 800G"},"content":{"rendered":"<div class=\"flex max-w-full flex-col flex-grow\">\n<div class=\"min-h-8 text-message flex w-full flex-col items-end gap-2 whitespace-normal break-words text-start [.text-message+&amp;]:mt-5\" dir=\"auto\" data-message-author-role=\"assistant\" data-message-id=\"0bcc4120-ff66-458e-8e22-7f52c4b06826\" data-message-model-slug=\"gpt-4o\">\n<div class=\"flex w-full flex-col gap-1 empty:hidden first:pt-[3px]\">\n<div class=\"markdown prose w-full break-words dark:prose-invert dark\">\n<p data-start=\"33\" data-end=\"310\">Ll\u00e9vate a casa el aut\u00e9ntico sabor de las delicias vegetarianas con <strong data-start=\"91\" data-end=\"120\">SOJA CHAAP PACHRANGA 800G<\/strong>disponible en <strong data-start=\"135\" data-end=\"152\">Sultan Spices<\/strong>Tu mejor opci\u00f3n <strong data-start=\"165\" data-end=\"199\">Tienda de comestibles india en M\u00e1laga<\/strong>. Esta deliciosa alternativa a la carne, rica en prote\u00ednas, es perfecta para crear sabrosos platos indios y asi\u00e1ticos.<\/p>\n<h3 data-start=\"312\" data-end=\"335\"><strong data-start=\"316\" data-end=\"333\">Caracter\u00edsticas principales:<\/strong><\/h3>\n<p data-start=\"336\" data-end=\"853\">\u2714 <strong data-start=\"338\" data-end=\"372\">Rico en prote\u00ednas y apto para veganos:<\/strong> Una gran fuente de prote\u00ednas de origen vegetal, ideal para vegetarianos y veganos.<br data-start=\"442\" data-end=\"445\" \/>\u2714 <strong data-start=\"447\" data-end=\"475\">Aut\u00e9ntico sabor indio:<\/strong> Perfecto para preparar tandoori soja chaap, currys, kebabs y platos a la parrilla.<br data-start=\"552\" data-end=\"555\" \/>\u2714 <strong data-start=\"557\" data-end=\"584\">Textura tierna y carnosa:<\/strong> Imita el sabor y el bocado de la carne tradicional, por lo que es un gran sustituto.<br data-start=\"661\" data-end=\"664\" \/>\u2714 <strong data-start=\"666\" data-end=\"684\">Listo para cocinar:<\/strong> Se presenta en un pr\u00e1ctico envase de 800 g que facilita la preparaci\u00f3n de sabrosas comidas.<br data-start=\"760\" data-end=\"763\" \/>\u2714 <strong data-start=\"765\" data-end=\"785\">Uso vers\u00e1til:<\/strong> Se puede marinar, asar, saltear o cocinar en ricas salsas.<\/p>\n<p data-start=\"855\" data-end=\"1102\">En <strong data-start=\"858\" data-end=\"875\">Sultan Spices<\/strong>le traemos lo mejor de <strong data-start=\"902\" data-end=\"926\">India y Pakist\u00e1n<\/strong> ingredientes que le ayudar\u00e1n a recrear aut\u00e9nticos sabores en casa. <strong data-start=\"987\" data-end=\"1016\">SOJA CHAAP PACHRANGA 800G<\/strong> es un producto imprescindible para los amantes de las prote\u00ednas vegetales con especias y sabores atrevidos.<\/p>\n<p data-start=\"1104\" data-end=\"1220\">Visite <strong data-start=\"1110\" data-end=\"1137\">Especias Sult\u00e1n en M\u00e1laga<\/strong> para explorar una amplia selecci\u00f3n de comestibles, especias y productos especiales indios.<\/p>\n<p data-start=\"1222\" data-end=\"1378\" data-is-last-node=\"\">Disfrute de un restaurante <strong data-start=\"1245\" data-end=\"1259\">chaap de soja<\/strong> en casa con <strong data-start=\"1273\" data-end=\"1302\">SOJA CHAAP PACHRANGA 800G<\/strong> de <strong data-start=\"1308\" data-end=\"1325\">Sultan Spices<\/strong>y lleva tu cocina vegetariana al siguiente nivel.<\/p>\n<\/div>\n<\/div>\n<\/div>\n<\/div>","protected":false},"excerpt":{"rendered":"<p>Ll\u00e9vate a casa el aut\u00e9ntico sabor de la delicia vegetariana con SOYA CHAAP PACHRANGA 800G, disponible en Sultan Spices, tu tienda de alimentaci\u00f3n india de referencia en M\u00e1laga. Esta deliciosa alternativa a la carne, rica en prote\u00ednas, es perfecta para crear sabrosos platos indios y asi\u00e1ticos. Caracter\u00edsticas principales: \u2714 Alto contenido en prote\u00ednas y apto para veganos: Una gran fuente de prote\u00ednas de origen vegetal, ideal para vegetarianos y veganos.\u2714...<\/p>","protected":false},"featured_media":5023,"comment_status":"open","ping_status":"closed","template":"","meta":{"_kad_blocks_custom_css":"","_kad_blocks_head_custom_js":"","_kad_blocks_body_custom_js":"","_kad_blocks_footer_custom_js":"","_kadence_starter_templates_imported_post":false,"_kad_post_transparent":"default","_kad_post_title":"","_kad_post_layout":"default","_kad_post_sidebar_id":"","_kad_post_content_style":"default","_kad_post_vertical_padding":"default","_kad_post_feature":"","_kad_post_feature_position":"","_kad_post_header":false,"_kad_post_footer":false,"_kad_post_classname":""},"product_brand":[],"product_cat":[54],"product_tag":[],"class_list":{"0":"post-5013","1":"product","2":"type-product","3":"status-publish","4":"has-post-thumbnail","6":"product_cat-instant-meals-rte","8":"first","9":"instock","10":"shipping-taxable","11":"purchasable","12":"product-type-simple","13":"entry","14":"content-bg","15":"loop-entry"},"taxonomy_info":{"product_cat":[{"value":54,"label":"Instant meals RTE"}]},"featured_image_src_large":["https:\/\/sultanspices.es\/wp-content\/uploads\/2025\/02\/ProductsPIX-30-1024x1024.png",1024,1024,true],"author_info":[],"comment_info":0,"jetpack_sharing_enabled":true,"_links":{"self":[{"href":"https:\/\/sultanspices.es\/es\/wp-json\/wp\/v2\/product\/5013","targetHints":{"allow":["GET"]}}],"collection":[{"href":"https:\/\/sultanspices.es\/es\/wp-json\/wp\/v2\/product"}],"about":[{"href":"https:\/\/sultanspices.es\/es\/wp-json\/wp\/v2\/types\/product"}],"replies":[{"embeddable":true,"href":"https:\/\/sultanspices.es\/es\/wp-json\/wp\/v2\/comments?post=5013"}],"wp:featuredmedia":[{"embeddable":true,"href":"https:\/\/sultanspices.es\/es\/wp-json\/wp\/v2\/media\/5023"}],"wp:attachment":[{"href":"https:\/\/sultanspices.es\/es\/wp-json\/wp\/v2\/media?parent=5013"}],"wp:term":[{"taxonomy":"product_brand","embeddable":true,"href":"https:\/\/sultanspices.es\/es\/wp-json\/wp\/v2\/product_brand?post=5013"},{"taxonomy":"product_cat","embeddable":true,"href":"https:\/\/sultanspices.es\/es\/wp-json\/wp\/v2\/product_cat?post=5013"},{"taxonomy":"product_tag","embeddable":true,"href":"https:\/\/sultanspices.es\/es\/wp-json\/wp\/v2\/product_tag?post=5013"}],"curies":[{"name":"wp","href":"https:\/\/api.w.org\/{rel}","templated":true}]}}