{"id":5012,"date":"2025-02-16T18:24:27","date_gmt":"2025-02-16T17:24:27","guid":{"rendered":"https:\/\/sultanspices.es\/product\/soap-lifebuoy-100gr\/"},"modified":"2026-02-23T12:40:53","modified_gmt":"2026-02-23T11:40:53","slug":"soap-lifebuoy-100gr","status":"publish","type":"product","link":"https:\/\/sultanspices.es\/es\/producto\/jabon-lifebuoy-100gr\/","title":{"rendered":"LIFEBUOY SOAP 100G"},"content":{"rendered":"<div class=\"flex max-w-full flex-col flex-grow\">\n<div class=\"min-h-8 text-message flex w-full flex-col items-end gap-2 whitespace-normal break-words text-start [.text-message+&amp;]:mt-5\" dir=\"auto\" data-message-author-role=\"assistant\" data-message-id=\"2793ed2c-e717-4b02-b20a-874748781b00\" data-message-model-slug=\"gpt-4o\">\n<div class=\"flex w-full flex-col gap-1 empty:hidden first:pt-[3px]\">\n<div class=\"markdown prose w-full break-words dark:prose-invert dark\">\n<p data-start=\"27\" data-end=\"310\">Mantente fresco y protegido con <strong data-start=\"57\" data-end=\"80\">JAB\u00d3N LIFEBUOY 100GR<\/strong>disponible en <strong data-start=\"95\" data-end=\"112\">Sultan Spices<\/strong>su empresa de confianza <strong data-start=\"127\" data-end=\"161\">Tienda de comestibles india en M\u00e1laga<\/strong>. El jab\u00f3n Lifebuoy es famoso por su <strong data-start=\"197\" data-end=\"225\">protecci\u00f3n antibacteriana<\/strong>Manteni\u00e9ndole a usted y a su familia a salvo de los g\u00e9rmenes a la vez que les proporciona una refrescante limpieza.<\/p>\n<h3 data-start=\"312\" data-end=\"335\"><strong data-start=\"316\" data-end=\"333\">Caracter\u00edsticas principales:<\/strong><\/h3>\n<p data-start=\"336\" data-end=\"760\">\u2714 <strong data-start=\"338\" data-end=\"364\">99,9% Protecci\u00f3n contra g\u00e9rmenes:<\/strong> Ayuda a eliminar las bacterias y mantiene la piel higi\u00e9nicamente limpia.<br data-start=\"424\" data-end=\"427\" \/>\u2714 <strong data-start=\"429\" data-end=\"454\">Fragancia refrescante:<\/strong> Deja la piel fresca y revitalizada.<br data-start=\"502\" data-end=\"505\" \/>\u2714 <strong data-start=\"507\" data-end=\"533\">Suave y delicado con la piel:<\/strong> Adecuado para el uso diario de toda la familia.<br data-start=\"577\" data-end=\"580\" \/>\u2714 <strong data-start=\"582\" data-end=\"600\">Marca de confianza:<\/strong> Lifebuoy es un nombre muy conocido desde hace d\u00e9cadas, que garantiza una higiene de calidad.<br data-start=\"674\" data-end=\"677\" \/>\u2714 <strong data-start=\"679\" data-end=\"704\">Pr\u00e1ctica barra de 100 GR:<\/strong> Perfecto para el hogar, los viajes o las rutinas diarias de cuidado de la piel.<\/p>\n<p data-start=\"762\" data-end=\"945\">En <strong data-start=\"765\" data-end=\"782\">Sultan Spices<\/strong>le ofrecemos productos de cuidado personal de confianza de marcas l\u00edderes. <strong data-start=\"849\" data-end=\"872\">JAB\u00d3N LIFEBUOY 100GR<\/strong> es un producto de higiene esencial para el frescor y la protecci\u00f3n diarios.<\/p>\n<p data-start=\"947\" data-end=\"1047\">Visite <strong data-start=\"953\" data-end=\"980\">Especias Sult\u00e1n en M\u00e1laga<\/strong> para explorar una amplia gama de productos esenciales para la higiene y el cuidado personal.<\/p>\n<p data-start=\"1049\" data-end=\"1198\" data-is-last-node=\"\">Mantenga su piel limpia y sana con <strong data-start=\"1087\" data-end=\"1110\">JAB\u00d3N LIFEBUOY 100GR<\/strong> de <strong data-start=\"1116\" data-end=\"1133\">Sultan Spices<\/strong>y disfrute cada d\u00eda de la confianza de una protecci\u00f3n superior contra los g\u00e9rmenes.<\/p>\n<\/div>\n<\/div>\n<\/div>\n<\/div>\n<div class=\"mb-2 flex gap-3 empty:hidden -ml-2\">\n<div class=\"items-center justify-start rounded-xl p-1 flex\"><\/div>\n<\/div>","protected":false},"excerpt":{"rendered":"<p>Mantente fresco y protegido con el JAB\u00d3N LIFEBUOY 100GR, disponible en Sultan Spices, tu tienda de alimentaci\u00f3n india de confianza en M\u00e1laga. El jab\u00f3n Lifebuoy es conocido por su protecci\u00f3n antibacteriana, manteni\u00e9ndote a ti y a tu familia a salvo de los g\u00e9rmenes a la vez que proporciona una limpieza refrescante. Caracter\u00edsticas principales: \u2714 99.9% Protecci\u00f3n contra g\u00e9rmenes: Ayuda a eliminar las bacterias y mantiene la piel higi\u00e9nicamente limpia.\u2714 Refrescante...<\/p>","protected":false},"featured_media":5025,"comment_status":"open","ping_status":"closed","template":"","meta":{"_kad_blocks_custom_css":"","_kad_blocks_head_custom_js":"","_kad_blocks_body_custom_js":"","_kad_blocks_footer_custom_js":"","_kadence_starter_templates_imported_post":false,"_kad_post_transparent":"default","_kad_post_title":"","_kad_post_layout":"default","_kad_post_sidebar_id":"","_kad_post_content_style":"default","_kad_post_vertical_padding":"default","_kad_post_feature":"","_kad_post_feature_position":"","_kad_post_header":false,"_kad_post_footer":false,"_kad_post_classname":""},"product_brand":[],"product_cat":[64,15],"product_tag":[],"class_list":{"0":"post-5012","1":"product","2":"type-product","3":"status-publish","4":"has-post-thumbnail","6":"product_cat-fragrances","7":"product_cat-indian-items","9":"first","10":"outofstock","11":"shipping-taxable","12":"purchasable","13":"product-type-simple","14":"entry","15":"content-bg","16":"loop-entry"},"taxonomy_info":{"product_cat":[{"value":64,"label":"Fragrances"},{"value":15,"label":"Other Indian Items"}]},"featured_image_src_large":["https:\/\/sultanspices.es\/wp-content\/uploads\/2025\/02\/ProductsPIX-31-1024x1024.png",1024,1024,true],"author_info":[],"comment_info":0,"jetpack_sharing_enabled":true,"_links":{"self":[{"href":"https:\/\/sultanspices.es\/es\/wp-json\/wp\/v2\/product\/5012","targetHints":{"allow":["GET"]}}],"collection":[{"href":"https:\/\/sultanspices.es\/es\/wp-json\/wp\/v2\/product"}],"about":[{"href":"https:\/\/sultanspices.es\/es\/wp-json\/wp\/v2\/types\/product"}],"replies":[{"embeddable":true,"href":"https:\/\/sultanspices.es\/es\/wp-json\/wp\/v2\/comments?post=5012"}],"wp:featuredmedia":[{"embeddable":true,"href":"https:\/\/sultanspices.es\/es\/wp-json\/wp\/v2\/media\/5025"}],"wp:attachment":[{"href":"https:\/\/sultanspices.es\/es\/wp-json\/wp\/v2\/media?parent=5012"}],"wp:term":[{"taxonomy":"product_brand","embeddable":true,"href":"https:\/\/sultanspices.es\/es\/wp-json\/wp\/v2\/product_brand?post=5012"},{"taxonomy":"product_cat","embeddable":true,"href":"https:\/\/sultanspices.es\/es\/wp-json\/wp\/v2\/product_cat?post=5012"},{"taxonomy":"product_tag","embeddable":true,"href":"https:\/\/sultanspices.es\/es\/wp-json\/wp\/v2\/product_tag?post=5012"}],"curies":[{"name":"wp","href":"https:\/\/api.w.org\/{rel}","templated":true}]}}