{"id":5011,"date":"2025-02-16T18:24:26","date_gmt":"2025-02-16T17:24:26","guid":{"rendered":"https:\/\/sultanspices.es\/product\/shan-korma-masala-100g\/"},"modified":"2026-02-23T12:41:16","modified_gmt":"2026-02-23T11:41:16","slug":"shan-korma-masala-100g","status":"publish","type":"product","link":"https:\/\/sultanspices.es\/es\/producto\/shan-korma-masala-100g\/","title":{"rendered":"SHAN KORMA MASALA 100G"},"content":{"rendered":"<div class=\"flex max-w-full flex-col flex-grow\">\n<div class=\"min-h-8 text-message flex w-full flex-col items-end gap-2 whitespace-normal break-words text-start [.text-message+&amp;]:mt-5\" dir=\"auto\" data-message-author-role=\"assistant\" data-message-id=\"bc124f45-f148-46fe-9936-f015c6fdd97a\" data-message-model-slug=\"gpt-4o\">\n<div class=\"flex w-full flex-col gap-1 empty:hidden first:pt-[3px]\">\n<div class=\"markdown prose w-full break-words dark:prose-invert dark\">\n<p data-start=\"30\" data-end=\"333\">Recree el aut\u00e9ntico sabor de la cocina tradicional mogola con <strong data-start=\"95\" data-end=\"121\">SHAN KORMA MASALA 100G<\/strong>disponible en <strong data-start=\"136\" data-end=\"153\">Sultan Spices<\/strong>su empresa de confianza <strong data-start=\"168\" data-end=\"202\">Tienda de comestibles india en M\u00e1laga<\/strong>. Esta experta mezcla de especias de Shan le aporta los ricos y arom\u00e1ticos sabores necesarios para preparar un korma cl\u00e1sico con facilidad.<\/p>\n<h3 data-start=\"335\" data-end=\"358\"><strong data-start=\"339\" data-end=\"356\">Caracter\u00edsticas principales:<\/strong><\/h3>\n<p data-start=\"359\" data-end=\"856\">\u2714 <strong data-start=\"361\" data-end=\"382\">Sabor aut\u00e9ntico:<\/strong> Una mezcla perfecta de especias arom\u00e1ticas para crear un korma rico y sabroso.<br data-start=\"455\" data-end=\"458\" \/>\u2714 <strong data-start=\"460\" data-end=\"487\">Sabor a restaurante:<\/strong> Le ayuda a conseguir el mismo korma profundo, cremoso y suavemente especiado que se sirve en los mejores restaurantes.<br data-start=\"582\" data-end=\"585\" \/>\u2714 <strong data-start=\"587\" data-end=\"607\">Uso vers\u00e1til:<\/strong> Ideal para preparaciones de cordero, pollo, ternera o incluso korma vegetariano.<br data-start=\"679\" data-end=\"682\" \/>\u2714 <strong data-start=\"684\" data-end=\"716\">Sin conservantes artificiales:<\/strong> Elaborado con especias naturales para un sabor aut\u00e9ntico y sano.<br data-start=\"779\" data-end=\"782\" \/>\u2714 <strong data-start=\"784\" data-end=\"809\">Pr\u00e1ctico envase de 100 g:<\/strong> F\u00e1cil de guardar y perfecto para m\u00faltiples usos.<\/p>\n<p data-start=\"858\" data-end=\"1091\">En <strong data-start=\"861\" data-end=\"878\">Sultan Spices<\/strong>le ofrecemos mezclas de especias de alta calidad para mejorar su experiencia culinaria. <strong data-start=\"955\" data-end=\"981\">SHAN KORMA MASALA 100G<\/strong> es un producto imprescindible para los amantes de los sabores profundos y arom\u00e1ticos de la cocina tradicional india y pakistan\u00ed.<\/p>\n<p data-start=\"1093\" data-end=\"1218\">Visite <strong data-start=\"1099\" data-end=\"1126\">Especias Sult\u00e1n en M\u00e1laga<\/strong> para explorar una amplia gama de aut\u00e9nticas mezclas de especias, condimentos e ingredientes especiales.<\/p>\n<p data-start=\"1220\" data-end=\"1386\" data-is-last-node=\"\">Disfrute de los ricos sabores reales de un delicioso <strong data-start=\"1265\" data-end=\"1274\">korma<\/strong> con <strong data-start=\"1280\" data-end=\"1306\">SHAN KORMA MASALA 100G<\/strong> de <strong data-start=\"1312\" data-end=\"1329\">Sultan Spices<\/strong>y lleve la magia de la cocina mogola a su cocina.<\/p>\n<\/div>\n<\/div>\n<\/div>\n<\/div>\n<div class=\"mb-2 flex gap-3 empty:hidden -ml-2\">\n<div class=\"items-center justify-start rounded-xl p-1 flex\"><\/div>\n<\/div>","protected":false},"excerpt":{"rendered":"<p>Recrea el aut\u00e9ntico sabor de la cocina tradicional Mughlai con SHAN KORMA MASALA 100G, disponible en Sultan Spices, tu tienda de alimentaci\u00f3n india de confianza en M\u00e1laga. Esta experta mezcla de especias de Shan le aporta los ricos y arom\u00e1ticos sabores necesarios para preparar un korma cl\u00e1sico con facilidad. Caracter\u00edsticas principales: \u2714 Sabor aut\u00e9ntico: Una mezcla perfecta de...<\/p>","protected":false},"featured_media":5026,"comment_status":"open","ping_status":"closed","template":"","meta":{"_kad_blocks_custom_css":"","_kad_blocks_head_custom_js":"","_kad_blocks_body_custom_js":"","_kad_blocks_footer_custom_js":"","_kadence_starter_templates_imported_post":false,"_kad_post_transparent":"default","_kad_post_title":"","_kad_post_layout":"default","_kad_post_sidebar_id":"","_kad_post_content_style":"default","_kad_post_vertical_padding":"default","_kad_post_feature":"","_kad_post_feature_position":"","_kad_post_header":false,"_kad_post_footer":false,"_kad_post_classname":""},"product_brand":[],"product_cat":[49],"product_tag":[],"class_list":{"0":"post-5011","1":"product","2":"type-product","3":"status-publish","4":"has-post-thumbnail","6":"product_cat-mix-spices-seasoning","8":"first","9":"outofstock","10":"shipping-taxable","11":"purchasable","12":"product-type-simple","13":"entry","14":"content-bg","15":"loop-entry"},"taxonomy_info":{"product_cat":[{"value":49,"label":"Mix Spices &amp; Seasoning"}]},"featured_image_src_large":["https:\/\/sultanspices.es\/wp-content\/uploads\/2025\/02\/ProductsPIX-32-1024x1024.png",1024,1024,true],"author_info":[],"comment_info":0,"jetpack_sharing_enabled":true,"_links":{"self":[{"href":"https:\/\/sultanspices.es\/es\/wp-json\/wp\/v2\/product\/5011","targetHints":{"allow":["GET"]}}],"collection":[{"href":"https:\/\/sultanspices.es\/es\/wp-json\/wp\/v2\/product"}],"about":[{"href":"https:\/\/sultanspices.es\/es\/wp-json\/wp\/v2\/types\/product"}],"replies":[{"embeddable":true,"href":"https:\/\/sultanspices.es\/es\/wp-json\/wp\/v2\/comments?post=5011"}],"wp:featuredmedia":[{"embeddable":true,"href":"https:\/\/sultanspices.es\/es\/wp-json\/wp\/v2\/media\/5026"}],"wp:attachment":[{"href":"https:\/\/sultanspices.es\/es\/wp-json\/wp\/v2\/media?parent=5011"}],"wp:term":[{"taxonomy":"product_brand","embeddable":true,"href":"https:\/\/sultanspices.es\/es\/wp-json\/wp\/v2\/product_brand?post=5011"},{"taxonomy":"product_cat","embeddable":true,"href":"https:\/\/sultanspices.es\/es\/wp-json\/wp\/v2\/product_cat?post=5011"},{"taxonomy":"product_tag","embeddable":true,"href":"https:\/\/sultanspices.es\/es\/wp-json\/wp\/v2\/product_tag?post=5011"}],"curies":[{"name":"wp","href":"https:\/\/api.w.org\/{rel}","templated":true}]}}