{"id":5007,"date":"2025-02-16T18:24:21","date_gmt":"2025-02-16T17:24:21","guid":{"rendered":"https:\/\/sultanspices.es\/product\/red-kidney-beans-ali-baba-1kg\/"},"modified":"2026-03-08T18:08:24","modified_gmt":"2026-03-08T17:08:24","slug":"red-kidney-beans-ali-baba-1kg","status":"publish","type":"product","link":"https:\/\/sultanspices.es\/es\/producto\/red-kidney-beans-ali-baba-1kg\/","title":{"rendered":"ALUBIAS ROJAS ALI BABA 1KG"},"content":{"rendered":"<div class=\"flex max-w-full flex-col flex-grow\">\n<div class=\"min-h-8 text-message flex w-full flex-col items-end gap-2 whitespace-normal break-words text-start [.text-message+&amp;]:mt-5\" dir=\"auto\" data-message-author-role=\"assistant\" data-message-id=\"c6107cd4-ef62-48c2-89b4-4a671d23bc10\" data-message-model-slug=\"gpt-4o\">\n<div class=\"flex w-full flex-col gap-1 empty:hidden first:pt-[3px]\">\n<div class=\"markdown prose w-full break-words dark:prose-invert dark\">\n<p data-start=\"37\" data-end=\"291\">Disfrute del rico sabor y los beneficios nutricionales de <strong data-start=\"86\" data-end=\"119\">ALUBIAS ROJAS ALI BABA 1KG<\/strong>disponible en <strong data-start=\"134\" data-end=\"151\">Sultan Spices<\/strong>Tu mejor opci\u00f3n <strong data-start=\"164\" data-end=\"198\">Tienda de comestibles india en M\u00e1laga<\/strong>. Estos productos de alta calidad <strong data-start=\"219\" data-end=\"228\">Rajma<\/strong> Las alubias son perfectas para preparar platos contundentes y sabrosos.<\/p>\n<h3 data-start=\"293\" data-end=\"316\"><strong data-start=\"297\" data-end=\"314\">Caracter\u00edsticas principales:<\/strong><\/h3>\n<p data-start=\"317\" data-end=\"766\">\u2714 <strong data-start=\"319\" data-end=\"339\">Calidad superior:<\/strong> Procedentes de las mejores granjas, garantizan frescura y un sabor superior.<br data-start=\"407\" data-end=\"410\" \/>\u2714 <strong data-start=\"412\" data-end=\"440\">Alto contenido en prote\u00ednas y fibra:<\/strong> Una gran fuente de prote\u00ednas de origen vegetal, ideal para una dieta sana.<br data-start=\"502\" data-end=\"505\" \/>\u2714 <strong data-start=\"507\" data-end=\"525\">Uso vers\u00e1til:<\/strong> Perfecto para hacer <strong data-start=\"545\" data-end=\"596\">Rajma al curry, ensaladas, sopas, guisos y burritos<\/strong>.<br data-start=\"597\" data-end=\"600\" \/>\u2714 <strong data-start=\"602\" data-end=\"628\">Textura rica y cremosa:<\/strong> Se ablanda muy bien al cocinarlo, absorbiendo perfectamente los sabores.<br data-start=\"690\" data-end=\"693\" \/>\u2714 <strong data-start=\"695\" data-end=\"719\">Pr\u00e1ctico envase de 1 kg:<\/strong> Ideal para hogares y para cocinar a granel.<\/p>\n<p data-start=\"768\" data-end=\"981\">En <strong data-start=\"771\" data-end=\"788\">Sultan Spices<\/strong>ofrecemos lo mejor <strong data-start=\"808\" data-end=\"832\">India y Pakist\u00e1n<\/strong> productos esenciales para mejorar su experiencia culinaria. <strong data-start=\"888\" data-end=\"921\">ALUBIAS ROJAS ALI BABA 1KG<\/strong> es un ingrediente b\u00e1sico para comidas sanas y deliciosas.<\/p>\n<p data-start=\"983\" data-end=\"1088\">Visite <strong data-start=\"989\" data-end=\"1016\">Especias Sult\u00e1n en M\u00e1laga<\/strong> para explorar una amplia gama de lentejas, legumbres y comestibles especiales.<\/p>\n<p data-start=\"1090\" data-end=\"1246\" data-is-last-node=\"\">Prepare un reconfortante plato de <strong data-start=\"1119\" data-end=\"1128\">Rajma<\/strong> o a\u00f1ada estas nutritivas alubias a sus recetas favoritas con <strong data-start=\"1189\" data-end=\"1222\">ALUBIAS ROJAS ALI BABA 1KG<\/strong> de <strong data-start=\"1228\" data-end=\"1245\">Sultan Spices<\/strong>!<\/p>\n<\/div>\n<\/div>\n<\/div>\n<\/div>\n<div class=\"mb-2 flex gap-3 empty:hidden -ml-2\">\n<div class=\"items-center justify-start rounded-xl p-1 flex\">\n<div class=\"flex items-center\"><\/div>\n<\/div>\n<\/div>","protected":false},"excerpt":{"rendered":"<p>Disfrute del rico sabor y los beneficios nutricionales de las HABAS ROJAS KIDNEY ALI BABA 1KG, disponibles en Sultan Spices, su tienda de alimentaci\u00f3n india en M\u00e1laga. Estas jud\u00edas Rajma de alta calidad son perfectas para preparar platos contundentes y sabrosos. Caracter\u00edsticas principales: Calidad Premium: Procedentes de las mejores granjas, lo que garantiza su frescura y sabor superior.\u2714 Alto contenido en prote\u00edna...<\/p>","protected":false},"featured_media":5028,"comment_status":"open","ping_status":"closed","template":"","meta":{"_kad_blocks_custom_css":"","_kad_blocks_head_custom_js":"","_kad_blocks_body_custom_js":"","_kad_blocks_footer_custom_js":"","_kadence_starter_templates_imported_post":false,"_kad_post_transparent":"default","_kad_post_title":"","_kad_post_layout":"default","_kad_post_sidebar_id":"","_kad_post_content_style":"default","_kad_post_vertical_padding":"default","_kad_post_feature":"","_kad_post_feature_position":"","_kad_post_header":false,"_kad_post_footer":false,"_kad_post_classname":""},"product_brand":[],"product_cat":[47],"product_tag":[],"class_list":{"0":"post-5007","1":"product","2":"type-product","3":"status-publish","4":"has-post-thumbnail","6":"product_cat-lentils","8":"first","9":"instock","10":"shipping-taxable","11":"purchasable","12":"product-type-simple","13":"entry","14":"content-bg","15":"loop-entry"},"taxonomy_info":{"product_cat":[{"value":47,"label":"Lentils"}]},"featured_image_src_large":["https:\/\/sultanspices.es\/wp-content\/uploads\/2025\/02\/ProductsPIX-33-1024x1024.png",1024,1024,true],"author_info":[],"comment_info":0,"jetpack_sharing_enabled":true,"_links":{"self":[{"href":"https:\/\/sultanspices.es\/es\/wp-json\/wp\/v2\/product\/5007","targetHints":{"allow":["GET"]}}],"collection":[{"href":"https:\/\/sultanspices.es\/es\/wp-json\/wp\/v2\/product"}],"about":[{"href":"https:\/\/sultanspices.es\/es\/wp-json\/wp\/v2\/types\/product"}],"replies":[{"embeddable":true,"href":"https:\/\/sultanspices.es\/es\/wp-json\/wp\/v2\/comments?post=5007"}],"wp:featuredmedia":[{"embeddable":true,"href":"https:\/\/sultanspices.es\/es\/wp-json\/wp\/v2\/media\/5028"}],"wp:attachment":[{"href":"https:\/\/sultanspices.es\/es\/wp-json\/wp\/v2\/media?parent=5007"}],"wp:term":[{"taxonomy":"product_brand","embeddable":true,"href":"https:\/\/sultanspices.es\/es\/wp-json\/wp\/v2\/product_brand?post=5007"},{"taxonomy":"product_cat","embeddable":true,"href":"https:\/\/sultanspices.es\/es\/wp-json\/wp\/v2\/product_cat?post=5007"},{"taxonomy":"product_tag","embeddable":true,"href":"https:\/\/sultanspices.es\/es\/wp-json\/wp\/v2\/product_tag?post=5007"}],"curies":[{"name":"wp","href":"https:\/\/api.w.org\/{rel}","templated":true}]}}