{"id":5005,"date":"2025-02-16T18:24:20","date_gmt":"2025-02-16T17:24:20","guid":{"rendered":"https:\/\/sultanspices.es\/product\/pure-heaven-drink-strawberry-white-gra\/"},"modified":"2026-02-23T12:41:12","modified_gmt":"2026-02-23T11:41:12","slug":"pure-heaven-drink-strawberry-white-gra","status":"publish","type":"product","link":"https:\/\/sultanspices.es\/es\/producto\/pure-heaven-drink-strawberry-white-gra\/","title":{"rendered":"PURE HEAVEN DRINK FRESA Y UVA BLANCA"},"content":{"rendered":"<div class=\"flex max-w-full flex-col flex-grow\">\n<div class=\"min-h-8 text-message flex w-full flex-col items-end gap-2 whitespace-normal break-words text-start [.text-message+&amp;]:mt-5\" dir=\"auto\" data-message-author-role=\"assistant\" data-message-id=\"88ce9e5e-4014-487e-b8da-f92dfdc453a0\" data-message-model-slug=\"gpt-4o\">\n<div class=\"flex w-full flex-col gap-1 empty:hidden first:pt-[3px]\">\n<div class=\"markdown prose w-full break-words dark:prose-invert dark\">\n<p data-start=\"50\" data-end=\"407\">Del\u00e9itese con el refrescante sabor de <strong data-start=\"85\" data-end=\"131\">PURE HEAVEN DRINK FRESA Y UVA BLANCA<\/strong>disponible en <strong data-start=\"150\" data-end=\"167\">Sultan Spices<\/strong>su empresa de confianza <strong data-start=\"182\" data-end=\"216\">Tienda de comestibles india en M\u00e1laga<\/strong>. Esta bebida sin alcohol de primera calidad combina los sabores dulces y picantes de <strong data-start=\"292\" data-end=\"340\">jugosas fresas y deliciosas uvas blancas<\/strong>Una bebida deliciosa y sofisticada para cualquier ocasi\u00f3n.<\/p>\n<h3 data-start=\"409\" data-end=\"432\"><strong data-start=\"413\" data-end=\"430\">Caracter\u00edsticas principales:<\/strong><\/h3>\n<p data-start=\"433\" data-end=\"903\">\u2714 <strong data-start=\"435\" data-end=\"462\">Deliciosa mezcla de frutas:<\/strong> Una mezcla perfecta de dulzura de fresa y frescura de uva blanca.<br data-start=\"533\" data-end=\"536\" \/>\u2714 <strong data-start=\"538\" data-end=\"569\">Sin alcohol y refrescante:<\/strong> Ideal para celebraciones, c\u00f3cteles o como bebida independiente.<br data-start=\"633\" data-end=\"636\" \/>\u2714 <strong data-start=\"638\" data-end=\"658\">Calidad superior:<\/strong> Elaborado con extractos de frutas de alta calidad para un sabor aut\u00e9ntico y rico.<br data-start=\"729\" data-end=\"732\" \/>\u2714 <strong data-start=\"734\" data-end=\"763\">Perfecto para cualquier ocasi\u00f3n:<\/strong> Disfr\u00fatelo fr\u00edo en fiestas, reuniones o como refresco diario.<br data-start=\"831\" data-end=\"834\" \/>\u2714 <strong data-start=\"836\" data-end=\"861\">C\u00f3modo embalaje:<\/strong> Sellado para mayor frescura y f\u00e1cil de servir.<\/p>\n<p data-start=\"905\" data-end=\"1131\">En <strong data-start=\"908\" data-end=\"925\">Sultan Spices<\/strong>Le ofrecemos las mejores bebidas para complementar sus comidas y momentos especiales. <strong data-start=\"1007\" data-end=\"1053\">PURE HEAVEN DRINK FRESA Y UVA BLANCA<\/strong> es un producto imprescindible para los amantes de las bebidas afrutadas, espumosas y refrescantes.<\/p>\n<p data-start=\"1133\" data-end=\"1255\">Visite <strong data-start=\"1139\" data-end=\"1166\">Especias Sult\u00e1n en M\u00e1laga<\/strong> para explorar una amplia gama de bebidas de primera calidad, zumos ex\u00f3ticos y art\u00edculos de alimentaci\u00f3n especializados.<\/p>\n<p data-start=\"1257\" data-end=\"1418\" data-is-last-node=\"\">Del\u00e9itese con el lujoso sabor de <strong data-start=\"1298\" data-end=\"1344\">PURE HEAVEN DRINK FRESA Y UVA BLANCA<\/strong>disponible en <strong data-start=\"1363\" data-end=\"1380\">Sultan Spices<\/strong>y disfrute de un sorbo de puro refresco.<\/p>\n<\/div>\n<\/div>\n<\/div>\n<\/div>","protected":false},"excerpt":{"rendered":"<p>Del\u00e9itese con el refrescante sabor de PURE HEAVEN DRINK STRAWBERRY &amp; WHITE GRAPE, ahora disponible en Sultan Spices, su tienda india de confianza en M\u00e1laga. Esta bebida premium sin alcohol combina los sabores dulces y \u00e1cidos de jugosas fresas y deliciosas uvas blancas, ofreciendo una bebida deliciosa y sofisticada para cualquier ocasi\u00f3n. Caracter\u00edsticas principales: \u2714 Deliciosa...<\/p>","protected":false},"featured_media":5029,"comment_status":"open","ping_status":"closed","template":"","meta":{"_kad_blocks_custom_css":"","_kad_blocks_head_custom_js":"","_kad_blocks_body_custom_js":"","_kad_blocks_footer_custom_js":"","_kadence_starter_templates_imported_post":false,"_kad_post_transparent":"default","_kad_post_title":"","_kad_post_layout":"default","_kad_post_sidebar_id":"","_kad_post_content_style":"default","_kad_post_vertical_padding":"default","_kad_post_feature":"","_kad_post_feature_position":"","_kad_post_header":false,"_kad_post_footer":false,"_kad_post_classname":""},"product_brand":[],"product_cat":[58],"product_tag":[],"class_list":{"0":"post-5005","1":"product","2":"type-product","3":"status-publish","4":"has-post-thumbnail","6":"product_cat-beverages","8":"first","9":"outofstock","10":"shipping-taxable","11":"purchasable","12":"product-type-simple","13":"entry","14":"content-bg","15":"loop-entry"},"taxonomy_info":{"product_cat":[{"value":58,"label":"Beverages"}]},"featured_image_src_large":["https:\/\/sultanspices.es\/wp-content\/uploads\/2025\/02\/ProductsPIX-34-1024x1024.png",1024,1024,true],"author_info":[],"comment_info":0,"jetpack_sharing_enabled":true,"_links":{"self":[{"href":"https:\/\/sultanspices.es\/es\/wp-json\/wp\/v2\/product\/5005","targetHints":{"allow":["GET"]}}],"collection":[{"href":"https:\/\/sultanspices.es\/es\/wp-json\/wp\/v2\/product"}],"about":[{"href":"https:\/\/sultanspices.es\/es\/wp-json\/wp\/v2\/types\/product"}],"replies":[{"embeddable":true,"href":"https:\/\/sultanspices.es\/es\/wp-json\/wp\/v2\/comments?post=5005"}],"wp:featuredmedia":[{"embeddable":true,"href":"https:\/\/sultanspices.es\/es\/wp-json\/wp\/v2\/media\/5029"}],"wp:attachment":[{"href":"https:\/\/sultanspices.es\/es\/wp-json\/wp\/v2\/media?parent=5005"}],"wp:term":[{"taxonomy":"product_brand","embeddable":true,"href":"https:\/\/sultanspices.es\/es\/wp-json\/wp\/v2\/product_brand?post=5005"},{"taxonomy":"product_cat","embeddable":true,"href":"https:\/\/sultanspices.es\/es\/wp-json\/wp\/v2\/product_cat?post=5005"},{"taxonomy":"product_tag","embeddable":true,"href":"https:\/\/sultanspices.es\/es\/wp-json\/wp\/v2\/product_tag?post=5005"}],"curies":[{"name":"wp","href":"https:\/\/api.w.org\/{rel}","templated":true}]}}