{"id":5004,"date":"2025-02-16T18:24:19","date_gmt":"2025-02-16T17:24:19","guid":{"rendered":"https:\/\/sultanspices.es\/product\/pure-heaven-drink-red-grape-750ml\/"},"modified":"2026-02-23T12:41:12","modified_gmt":"2026-02-23T11:41:12","slug":"pure-heaven-drink-red-grape-750ml","status":"publish","type":"product","link":"https:\/\/sultanspices.es\/es\/producto\/pure-heaven-drink-red-grape-750ml\/","title":{"rendered":"PURE HEAVEN DRINK UVA ROJA 750ML"},"content":{"rendered":"<div class=\"flex max-w-full flex-col flex-grow\">\n<div class=\"min-h-8 text-message flex w-full flex-col items-end gap-2 whitespace-normal break-words text-start [.text-message+&amp;]:mt-5\" dir=\"auto\" data-message-author-role=\"assistant\" data-message-id=\"bddc0706-b4b6-45a8-8552-94d65e700383\" data-message-model-slug=\"gpt-4o\">\n<div class=\"flex w-full flex-col gap-1 empty:hidden first:pt-[3px]\">\n<div class=\"markdown prose w-full break-words dark:prose-invert dark\">\n<p data-start=\"41\" data-end=\"332\">Disfrute del rico y refrescante sabor de <strong data-start=\"80\" data-end=\"117\">PURE HEAVEN DRINK UVA ROJA 750ML<\/strong>disponible en <strong data-start=\"132\" data-end=\"149\">Sultan Spices<\/strong>Tu mejor opci\u00f3n <strong data-start=\"162\" data-end=\"196\">Tienda de comestibles india en M\u00e1laga<\/strong>. Esta bebida sin alcohol de primera calidad ofrece la esencia profunda y afrutada del <strong data-start=\"269\" data-end=\"283\">uvas rojas<\/strong>La bebida perfecta para cualquier ocasi\u00f3n.<\/p>\n<h3 data-start=\"334\" data-end=\"357\"><strong data-start=\"338\" data-end=\"355\">Caracter\u00edsticas principales:<\/strong><\/h3>\n<p data-start=\"358\" data-end=\"879\">\u2714 <strong data-start=\"360\" data-end=\"385\">Sabor rico y afrutado:<\/strong> Elaborado con extractos de uva roja de alta calidad para un sabor naturalmente dulce y refrescante.<br data-start=\"471\" data-end=\"474\" \/>\u2714 <strong data-start=\"476\" data-end=\"506\">Sin alcohol y con gas:<\/strong> Una alternativa perfecta al vino para celebraciones y ocasiones especiales.<br data-start=\"576\" data-end=\"579\" \/>\u2714 <strong data-start=\"581\" data-end=\"601\">Bebida vers\u00e1til:<\/strong> Disfr\u00fatelo fr\u00edo, m\u00e9zclelo en c\u00f3cteles o s\u00edrvalo como un sofisticado refresco.<br data-start=\"686\" data-end=\"689\" \/>\u2714 <strong data-start=\"691\" data-end=\"711\">Calidad superior:<\/strong> Cuidadosamente elaborados para ofrecer una experiencia de uva aut\u00e9ntica y satisfactoria.<br data-start=\"786\" data-end=\"789\" \/>\u2714 <strong data-start=\"791\" data-end=\"819\">Pr\u00e1ctica botella de 750 ml:<\/strong> Ideal para reuniones familiares, fiestas o disfrute diario.<\/p>\n<p data-start=\"881\" data-end=\"1142\">En <strong data-start=\"884\" data-end=\"901\">Sultan Spices<\/strong>le ofrecemos lo mejor <strong data-start=\"927\" data-end=\"951\">India y Pakist\u00e1n<\/strong> comestibles, incluidas bebidas de primera calidad que elevan su experiencia gastron\u00f3mica. <strong data-start=\"1032\" data-end=\"1069\">PURE HEAVEN DRINK UVA ROJA 750ML<\/strong> es la forma perfecta de a\u00f1adir un toque de elegancia y sabor a cualquier evento.<\/p>\n<p data-start=\"1144\" data-end=\"1271\">Visite <strong data-start=\"1150\" data-end=\"1177\">Especias Sult\u00e1n en M\u00e1laga<\/strong> para explorar una variedad de zumos ex\u00f3ticos, bebidas especiales y productos de alimentaci\u00f3n de alta calidad.<\/p>\n<p data-start=\"1273\" data-end=\"1401\" data-is-last-node=\"\">Cel\u00e9brelo por todo lo alto con <strong data-start=\"1297\" data-end=\"1334\">PURE HEAVEN DRINK UVA ROJA 750ML<\/strong>disponible en <strong data-start=\"1353\" data-end=\"1370\">Sultan Spices<\/strong>-donde la calidad se une a la tradici\u00f3n<\/p>\n<\/div>\n<\/div>\n<\/div>\n<\/div>\n<div class=\"mb-2 flex gap-3 empty:hidden -ml-2\">\n<div class=\"items-center justify-start rounded-xl p-1 flex\">\n<div class=\"flex items-center\"><\/div>\n<\/div>\n<\/div>","protected":false},"excerpt":{"rendered":"<p>Disfrute del rico y refrescante sabor de PURE HEAVEN DRINK RED GRAPE 750ML, disponible en Sultan Spices, su tienda de alimentaci\u00f3n india de referencia en M\u00e1laga. Esta bebida premium sin alcohol ofrece la esencia profunda y afrutada de las uvas rojas, convirti\u00e9ndola en la bebida perfecta para cualquier ocasi\u00f3n. Caracter\u00edsticas principales: \u2714 Sabor rico y afrutado: Elaborada con uvas tintas de alta calidad....<\/p>","protected":false},"featured_media":5032,"comment_status":"open","ping_status":"closed","template":"","meta":{"_kad_blocks_custom_css":"","_kad_blocks_head_custom_js":"","_kad_blocks_body_custom_js":"","_kad_blocks_footer_custom_js":"","_kadence_starter_templates_imported_post":false,"_kad_post_transparent":"default","_kad_post_title":"","_kad_post_layout":"default","_kad_post_sidebar_id":"","_kad_post_content_style":"default","_kad_post_vertical_padding":"default","_kad_post_feature":"","_kad_post_feature_position":"","_kad_post_header":false,"_kad_post_footer":false,"_kad_post_classname":""},"product_brand":[],"product_cat":[58],"product_tag":[],"class_list":{"0":"post-5004","1":"product","2":"type-product","3":"status-publish","4":"has-post-thumbnail","6":"product_cat-beverages","8":"first","9":"instock","10":"shipping-taxable","11":"purchasable","12":"product-type-simple","13":"entry","14":"content-bg","15":"loop-entry"},"taxonomy_info":{"product_cat":[{"value":58,"label":"Beverages"}]},"featured_image_src_large":["https:\/\/sultanspices.es\/wp-content\/uploads\/2025\/02\/ProductsPIX-35-1024x1024.png",1024,1024,true],"author_info":[],"comment_info":0,"jetpack_sharing_enabled":true,"_links":{"self":[{"href":"https:\/\/sultanspices.es\/es\/wp-json\/wp\/v2\/product\/5004","targetHints":{"allow":["GET"]}}],"collection":[{"href":"https:\/\/sultanspices.es\/es\/wp-json\/wp\/v2\/product"}],"about":[{"href":"https:\/\/sultanspices.es\/es\/wp-json\/wp\/v2\/types\/product"}],"replies":[{"embeddable":true,"href":"https:\/\/sultanspices.es\/es\/wp-json\/wp\/v2\/comments?post=5004"}],"wp:featuredmedia":[{"embeddable":true,"href":"https:\/\/sultanspices.es\/es\/wp-json\/wp\/v2\/media\/5032"}],"wp:attachment":[{"href":"https:\/\/sultanspices.es\/es\/wp-json\/wp\/v2\/media?parent=5004"}],"wp:term":[{"taxonomy":"product_brand","embeddable":true,"href":"https:\/\/sultanspices.es\/es\/wp-json\/wp\/v2\/product_brand?post=5004"},{"taxonomy":"product_cat","embeddable":true,"href":"https:\/\/sultanspices.es\/es\/wp-json\/wp\/v2\/product_cat?post=5004"},{"taxonomy":"product_tag","embeddable":true,"href":"https:\/\/sultanspices.es\/es\/wp-json\/wp\/v2\/product_tag?post=5004"}],"curies":[{"name":"wp","href":"https:\/\/api.w.org\/{rel}","templated":true}]}}