{"id":5003,"date":"2025-02-16T18:24:17","date_gmt":"2025-02-16T17:24:17","guid":{"rendered":"https:\/\/sultanspices.es\/product\/pure-heaven-drink-peach-whitegrape-750ml\/"},"modified":"2026-02-23T12:41:12","modified_gmt":"2026-02-23T11:41:12","slug":"pure-heaven-drink-peach-whitegrape-750ml","status":"publish","type":"product","link":"https:\/\/sultanspices.es\/es\/producto\/pure-heaven-drink-melocoton-uva-blanca-750ml\/","title":{"rendered":"PURE HEAVEN DRINK MELOCOT\u00d3N Y UVA BLANCA 750ML"},"content":{"rendered":"<div class=\"flex max-w-full flex-col flex-grow\">\n<div class=\"min-h-8 text-message flex w-full flex-col items-end gap-2 whitespace-normal break-words text-start [.text-message+&amp;]:mt-5\" dir=\"auto\" data-message-author-role=\"assistant\" data-message-id=\"611c480b-2ede-4af8-9826-e8d0d1b2c29f\" data-message-model-slug=\"gpt-4o\">\n<div class=\"flex w-full flex-col gap-1 empty:hidden first:pt-[3px]\">\n<div class=\"markdown prose w-full break-words dark:prose-invert dark\">\n<p data-start=\"51\" data-end=\"407\">Del\u00e9itese con la deliciosa fusi\u00f3n de <strong data-start=\"87\" data-end=\"134\">PURE HEAVEN DRINK MELOCOT\u00d3N Y UVA BLANCA 750ML<\/strong>disponible en <strong data-start=\"153\" data-end=\"170\">Sultan Spices<\/strong>su empresa de confianza <strong data-start=\"185\" data-end=\"219\">Tienda de comestibles india en M\u00e1laga<\/strong>. Este <strong data-start=\"226\" data-end=\"260\">bebida no alcoh\u00f3lica premium<\/strong> combina la jugosa dulzura de los melocotones maduros con la frescura de las uvas blancas, creando una bebida refrescante y elegante para cualquier ocasi\u00f3n.<\/p>\n<h3 data-start=\"409\" data-end=\"432\"><strong data-start=\"413\" data-end=\"430\">Caracter\u00edsticas principales:<\/strong><\/h3>\n<p data-start=\"433\" data-end=\"939\">\u2714 <strong data-start=\"435\" data-end=\"462\">Exquisita mezcla de sabores:<\/strong> Una mezcla perfecta de suculentos melocotones y refrescantes uvas blancas.<br data-start=\"526\" data-end=\"529\" \/>\u2714 <strong data-start=\"531\" data-end=\"561\">Sin alcohol y con gas:<\/strong> Una alternativa sofisticada al vino, ideal para celebraciones.<br data-start=\"622\" data-end=\"625\" \/>\u2714 <strong data-start=\"627\" data-end=\"656\">Perfecto para cualquier ocasi\u00f3n:<\/strong> Disfr\u00fatelo fr\u00edo, m\u00e9zclelo en c\u00f3cteles o s\u00edrvalo como refresco de primera calidad.<br data-start=\"732\" data-end=\"735\" \/>\u2714 <strong data-start=\"737\" data-end=\"769\">Ingredientes de primera calidad:<\/strong> Elaborado con extractos de frutas de alta calidad para un sabor aut\u00e9ntico y suave.<br data-start=\"842\" data-end=\"845\" \/>\u2714 <strong data-start=\"847\" data-end=\"875\">Pr\u00e1ctica botella de 750 ml:<\/strong> Ideal para reuniones familiares, fiestas o para darse un capricho a diario.<\/p>\n<p data-start=\"941\" data-end=\"1228\">En <strong data-start=\"944\" data-end=\"961\">Sultan Spices<\/strong>le ofrecemos la mejor selecci\u00f3n de <strong data-start=\"1000\" data-end=\"1055\">bebidas, comestibles indios y productos especiales<\/strong> para mejorar su experiencia culinaria. <strong data-start=\"1093\" data-end=\"1140\">PURE HEAVEN DRINK MELOCOT\u00d3N Y UVA BLANCA 750ML<\/strong> es imprescindible para quienes aprecian <strong data-start=\"1181\" data-end=\"1225\">bebidas afrutadas, espumosas y refrescantes<\/strong>.<\/p>\n<p data-start=\"1230\" data-end=\"1360\">Visite <strong data-start=\"1236\" data-end=\"1263\">Especias Sult\u00e1n en M\u00e1laga<\/strong> para descubrir una variedad de zumos ex\u00f3ticos, bebidas especiales y productos b\u00e1sicos de alimentaci\u00f3n de alta calidad.<\/p>\n<p data-start=\"1362\" data-end=\"1507\" data-is-last-node=\"\">Mejore sus celebraciones con <strong data-start=\"1393\" data-end=\"1440\">PURE HEAVEN DRINK MELOCOT\u00d3N Y UVA BLANCA 750ML<\/strong>disponible en <strong data-start=\"1459\" data-end=\"1476\">Sultan Spices<\/strong>-donde la calidad se une a la tradici\u00f3n<\/p>\n<\/div>\n<\/div>\n<\/div>\n<\/div>\n<div class=\"mb-2 flex gap-3 empty:hidden -ml-2\">\n<div class=\"items-center justify-start rounded-xl p-1 flex\">\n<div class=\"flex items-center\"><\/div>\n<\/div>\n<\/div>","protected":false},"excerpt":{"rendered":"<p>Del\u00e9itese con la deliciosa fusi\u00f3n de PURE HEAVEN DRINK PEACH &amp; WHITE GRAPE 750ML, ahora disponible en Sultan Spices, su tienda de alimentaci\u00f3n india de confianza en M\u00e1laga. Esta bebida premium sin alcohol combina la jugosa dulzura del melocot\u00f3n maduro con la frescura crujiente de la uva blanca, creando una bebida refrescante y elegante para cualquier ocasi\u00f3n. Caracter\u00edsticas principales:...<\/p>","protected":false},"featured_media":5033,"comment_status":"open","ping_status":"closed","template":"","meta":{"_kad_blocks_custom_css":"","_kad_blocks_head_custom_js":"","_kad_blocks_body_custom_js":"","_kad_blocks_footer_custom_js":"","_kadence_starter_templates_imported_post":false,"_kad_post_transparent":"default","_kad_post_title":"","_kad_post_layout":"default","_kad_post_sidebar_id":"","_kad_post_content_style":"default","_kad_post_vertical_padding":"default","_kad_post_feature":"","_kad_post_feature_position":"","_kad_post_header":false,"_kad_post_footer":false,"_kad_post_classname":""},"product_brand":[],"product_cat":[58],"product_tag":[],"class_list":{"0":"post-5003","1":"product","2":"type-product","3":"status-publish","4":"has-post-thumbnail","6":"product_cat-beverages","8":"first","9":"instock","10":"shipping-taxable","11":"purchasable","12":"product-type-simple","13":"entry","14":"content-bg","15":"loop-entry"},"taxonomy_info":{"product_cat":[{"value":58,"label":"Beverages"}]},"featured_image_src_large":["https:\/\/sultanspices.es\/wp-content\/uploads\/2025\/02\/ProductsPIX-36-1024x1024.png",1024,1024,true],"author_info":[],"comment_info":0,"jetpack_sharing_enabled":true,"_links":{"self":[{"href":"https:\/\/sultanspices.es\/es\/wp-json\/wp\/v2\/product\/5003","targetHints":{"allow":["GET"]}}],"collection":[{"href":"https:\/\/sultanspices.es\/es\/wp-json\/wp\/v2\/product"}],"about":[{"href":"https:\/\/sultanspices.es\/es\/wp-json\/wp\/v2\/types\/product"}],"replies":[{"embeddable":true,"href":"https:\/\/sultanspices.es\/es\/wp-json\/wp\/v2\/comments?post=5003"}],"wp:featuredmedia":[{"embeddable":true,"href":"https:\/\/sultanspices.es\/es\/wp-json\/wp\/v2\/media\/5033"}],"wp:attachment":[{"href":"https:\/\/sultanspices.es\/es\/wp-json\/wp\/v2\/media?parent=5003"}],"wp:term":[{"taxonomy":"product_brand","embeddable":true,"href":"https:\/\/sultanspices.es\/es\/wp-json\/wp\/v2\/product_brand?post=5003"},{"taxonomy":"product_cat","embeddable":true,"href":"https:\/\/sultanspices.es\/es\/wp-json\/wp\/v2\/product_cat?post=5003"},{"taxonomy":"product_tag","embeddable":true,"href":"https:\/\/sultanspices.es\/es\/wp-json\/wp\/v2\/product_tag?post=5003"}],"curies":[{"name":"wp","href":"https:\/\/api.w.org\/{rel}","templated":true}]}}