{"id":5002,"date":"2025-02-16T18:24:16","date_gmt":"2025-02-16T17:24:16","guid":{"rendered":"https:\/\/sultanspices.es\/product\/pure-heaven-drink-mango-whitegrape\/"},"modified":"2026-02-23T12:41:12","modified_gmt":"2026-02-23T11:41:12","slug":"pure-heaven-drink-mango-whitegrape","status":"publish","type":"product","link":"https:\/\/sultanspices.es\/es\/producto\/pure-heaven-drink-mango-whitegrape\/","title":{"rendered":"PURE HEAVEN DRINK MANGO Y UVA BLANCA"},"content":{"rendered":"<div class=\"flex max-w-full flex-col flex-grow\">\n<div class=\"min-h-8 text-message flex w-full flex-col items-end gap-2 whitespace-normal break-words text-start [.text-message+&amp;]:mt-5\" dir=\"auto\" data-message-author-role=\"assistant\" data-message-id=\"6c3b3afa-19cb-4e13-befe-075418a86c7d\" data-message-model-slug=\"gpt-4o\">\n<div class=\"flex w-full flex-col gap-1 empty:hidden first:pt-[3px]\">\n<div class=\"markdown prose w-full break-words dark:prose-invert dark\">\n<p data-start=\"51\" data-end=\"421\">Saboree el ex\u00f3tico sabor de <strong data-start=\"77\" data-end=\"124\">PURE HEAVEN DRINK MANGO &amp; UVA BLANCA 750ML<\/strong>disponible en <strong data-start=\"143\" data-end=\"160\">Sultan Spices<\/strong>su empresa de confianza <strong data-start=\"175\" data-end=\"209\">Tienda de comestibles india en M\u00e1laga<\/strong>. Este <strong data-start=\"216\" data-end=\"250\">bebida no alcoh\u00f3lica premium<\/strong> combina la exquisita dulzura del mango maduro con el sabor crujiente y refrescante de la uva blanca, ofreciendo un equilibrio perfecto de indulgencia tropical y sofisticaci\u00f3n.<\/p>\n<h3 data-start=\"423\" data-end=\"446\"><strong data-start=\"427\" data-end=\"444\">Caracter\u00edsticas principales:<\/strong><\/h3>\n<p data-start=\"447\" data-end=\"953\">\u2714 <strong data-start=\"449\" data-end=\"486\">Mezcla de mango ex\u00f3tico y uva blanca:<\/strong> Una refrescante fusi\u00f3n de sabores tropicales y c\u00edtricos.<br data-start=\"539\" data-end=\"542\" \/>\u2714 <strong data-start=\"544\" data-end=\"574\">Sin alcohol y con gas:<\/strong> Una gran alternativa al vino, perfecta para celebraciones y momentos especiales.<br data-start=\"649\" data-end=\"652\" \/>\u2714 <strong data-start=\"654\" data-end=\"674\">Bebida vers\u00e1til:<\/strong> Disfr\u00fatelo fr\u00edo, m\u00e9zclelo en c\u00f3cteles o s\u00edrvalo como refresco de primera calidad.<br data-start=\"750\" data-end=\"753\" \/>\u2714 <strong data-start=\"755\" data-end=\"784\">Ingredientes de alta calidad:<\/strong> Elaborado con extractos de frutas cuidadosamente seleccionadas para un sabor aut\u00e9ntico y suave.<br data-start=\"863\" data-end=\"866\" \/>\u2714 <strong data-start=\"868\" data-end=\"896\">Pr\u00e1ctica botella de 750 ml:<\/strong> Ideal para fiestas, reuniones o para darse un capricho a diario.<\/p>\n<p data-start=\"955\" data-end=\"1244\">En <strong data-start=\"958\" data-end=\"975\">Sultan Spices<\/strong>Ofrecemos la mejor selecci\u00f3n de <strong data-start=\"1010\" data-end=\"1079\">Comestibles, bebidas y productos especiales indios y pakistan\u00edes<\/strong> para mejorar su experiencia gastron\u00f3mica. <strong data-start=\"1115\" data-end=\"1162\">PURE HEAVEN DRINK MANGO &amp; UVA BLANCA 750ML<\/strong> es imprescindible para los amantes de <strong data-start=\"1197\" data-end=\"1241\">bebidas afrutadas, espumosas y refrescantes<\/strong>.<\/p>\n<p data-start=\"1246\" data-end=\"1379\">Visite <strong data-start=\"1252\" data-end=\"1279\">Especias Sult\u00e1n en M\u00e1laga<\/strong> para explorar una amplia gama de zumos ex\u00f3ticos, bebidas premium y productos b\u00e1sicos de alimentaci\u00f3n de alta calidad.<\/p>\n<p data-start=\"1381\" data-end=\"1531\" data-is-last-node=\"\">Experimente la riqueza tropical de <strong data-start=\"1417\" data-end=\"1464\">PURE HEAVEN DRINK MANGO &amp; UVA BLANCA 750ML<\/strong>disponible en <strong data-start=\"1483\" data-end=\"1500\">Sultan Spices<\/strong>-donde la calidad se une a la tradici\u00f3n<\/p>\n<\/div>\n<\/div>\n<\/div>\n<\/div>","protected":false},"excerpt":{"rendered":"<p>Saborea el ex\u00f3tico sabor de PURE HEAVEN DRINK MANGO &amp; UVA BLANCA 750ML, ahora disponible en Sultan Spices, tu tienda india de confianza en M\u00e1laga. Esta bebida premium sin alcohol combina la exquisita dulzura de los mangos maduros con el sabor crujiente y refrescante de las uvas blancas, ofreciendo un equilibrio perfecto de indulgencia tropical y sofisticaci\u00f3n. Caracter\u00edsticas principales:...<\/p>","protected":false},"featured_media":5036,"comment_status":"open","ping_status":"closed","template":"","meta":{"_kad_blocks_custom_css":"","_kad_blocks_head_custom_js":"","_kad_blocks_body_custom_js":"","_kad_blocks_footer_custom_js":"","_kadence_starter_templates_imported_post":false,"_kad_post_transparent":"default","_kad_post_title":"","_kad_post_layout":"default","_kad_post_sidebar_id":"","_kad_post_content_style":"default","_kad_post_vertical_padding":"default","_kad_post_feature":"","_kad_post_feature_position":"","_kad_post_header":false,"_kad_post_footer":false,"_kad_post_classname":""},"product_brand":[],"product_cat":[58],"product_tag":[],"class_list":{"0":"post-5002","1":"product","2":"type-product","3":"status-publish","4":"has-post-thumbnail","6":"product_cat-beverages","8":"first","9":"instock","10":"shipping-taxable","11":"purchasable","12":"product-type-simple","13":"entry","14":"content-bg","15":"loop-entry"},"taxonomy_info":{"product_cat":[{"value":58,"label":"Beverages"}]},"featured_image_src_large":["https:\/\/sultanspices.es\/wp-content\/uploads\/2025\/02\/ProductsPIX-37-1024x1024.png",1024,1024,true],"author_info":[],"comment_info":0,"jetpack_sharing_enabled":true,"_links":{"self":[{"href":"https:\/\/sultanspices.es\/es\/wp-json\/wp\/v2\/product\/5002","targetHints":{"allow":["GET"]}}],"collection":[{"href":"https:\/\/sultanspices.es\/es\/wp-json\/wp\/v2\/product"}],"about":[{"href":"https:\/\/sultanspices.es\/es\/wp-json\/wp\/v2\/types\/product"}],"replies":[{"embeddable":true,"href":"https:\/\/sultanspices.es\/es\/wp-json\/wp\/v2\/comments?post=5002"}],"wp:featuredmedia":[{"embeddable":true,"href":"https:\/\/sultanspices.es\/es\/wp-json\/wp\/v2\/media\/5036"}],"wp:attachment":[{"href":"https:\/\/sultanspices.es\/es\/wp-json\/wp\/v2\/media?parent=5002"}],"wp:term":[{"taxonomy":"product_brand","embeddable":true,"href":"https:\/\/sultanspices.es\/es\/wp-json\/wp\/v2\/product_brand?post=5002"},{"taxonomy":"product_cat","embeddable":true,"href":"https:\/\/sultanspices.es\/es\/wp-json\/wp\/v2\/product_cat?post=5002"},{"taxonomy":"product_tag","embeddable":true,"href":"https:\/\/sultanspices.es\/es\/wp-json\/wp\/v2\/product_tag?post=5002"}],"curies":[{"name":"wp","href":"https:\/\/api.w.org\/{rel}","templated":true}]}}