{"id":5001,"date":"2025-02-16T18:24:15","date_gmt":"2025-02-16T17:24:15","guid":{"rendered":"https:\/\/sultanspices.es\/product\/pure-heaven-drink-apple-750ml\/"},"modified":"2026-02-23T12:41:12","modified_gmt":"2026-02-23T11:41:12","slug":"pure-heaven-drink-apple-750ml","status":"publish","type":"product","link":"https:\/\/sultanspices.es\/es\/producto\/pure-heaven-drink-apple-750ml\/","title":{"rendered":"PURE HEAVEN DRINK MANZANA 750ML"},"content":{"rendered":"<div class=\"flex max-w-full flex-col flex-grow\">\n<div class=\"min-h-8 text-message flex w-full flex-col items-end gap-2 whitespace-normal break-words text-start [.text-message+&amp;]:mt-5\" dir=\"auto\" data-message-author-role=\"assistant\" data-message-id=\"a2c62fc9-481a-4099-8fde-fb6de010f230\" data-message-model-slug=\"gpt-4o\">\n<div class=\"flex w-full flex-col gap-1 empty:hidden first:pt-[3px]\">\n<div class=\"markdown prose w-full break-words dark:prose-invert dark\">\n<p data-start=\"37\" data-end=\"346\">Disfrute del sabor fresco y refrescante de,ofrece el sabor naturalmente dulce y \u00e1cido de las manzanas maduras, por lo que es la bebida perfecta para cualquier ocasi\u00f3n.,Delicioso sabor a manzana:,Un sabor rico y natural con el equilibrio perfecto de dulzura y frescura.,Una alternativa sofisticada al vino, ideal para celebraciones y reuniones.,Vers\u00e1til y refrescante:,Disfr\u00fatelo fr\u00edo, m\u00e9zclelo en c\u00f3cteles o acomp\u00e1\u00f1elo con sus comidas favoritas.,Elaborado con extractos de manzana de primera calidad para un sabor aut\u00e9ntico y suave.,Perfecto para fiestas, ocasiones especiales o para darse un capricho a diario,Perfecto para fiestas, ocasiones especiales, o el capricho de todos los d\u00edas.,, le traemos la mejor selecci\u00f3n de,comestibles indios y paquistan\u00edes, bebidas de primera calidad, y productos especiales, para explorar una variedad de zumos ex\u00f3ticos, bebidas sin alcohol, y productos esenciales de comestibles de alta calidad.,Disfrute del sabor crujiente y natural de,Disfrute del sabor crujiente y refrescante de PURE HEAVEN DRINK APPLE 750ML, ahora disponible en Sultan Spices, su tienda de comestibles indios de confianza en M\u00e1laga. Este <strong data-start=\"77\" data-end=\"110\">PURE HEAVEN DRINK MANZANA 750ML<\/strong>disponible en <strong data-start=\"129\" data-end=\"146\">Sultan Spices<\/strong>su empresa de confianza <strong data-start=\"161\" data-end=\"195\">Tienda de comestibles india en M\u00e1laga<\/strong>. Este <strong data-start=\"202\" data-end=\"236\">bebida no alcoh\u00f3lica premium<\/strong> delivers the naturally sweet and tangy flavor of ripe apples, making it the perfect drink for any occasion.<\/p>\n<h3 data-start=\"348\" data-end=\"371\"><strong data-start=\"352\" data-end=\"369\">Caracter\u00edsticas principales:<\/strong><\/h3>\n<p data-start=\"372\" data-end=\"901\">\u2714 <strong data-start=\"374\" data-end=\"401\">Delicious Apple Flavor:<\/strong> A rich and natural taste with the perfect balance of sweetness and freshness.<br data-start=\"479\" data-end=\"482\" \/>\u2714 <strong data-start=\"484\" data-end=\"514\">Sin alcohol y con gas:<\/strong> A sophisticated alternative to wine, ideal for celebrations and gatherings.<br data-start=\"590\" data-end=\"593\" \/>\u2714 <strong data-start=\"595\" data-end=\"622\">Versatile &amp; Refreshing:<\/strong> Enjoy it chilled, mix it into mocktails, or pair it with your favorite meals.<br data-start=\"700\" data-end=\"703\" \/>\u2714 <strong data-start=\"705\" data-end=\"734\">Ingredientes de alta calidad:<\/strong> Made with premium apple extracts for an authentic and smooth taste.<br data-start=\"802\" data-end=\"805\" \/>\u2714 <strong data-start=\"807\" data-end=\"835\">Pr\u00e1ctica botella de 750 ml:<\/strong> Perfect for parties, special occasions, or everyday indulgence.<\/p>\n<p data-start=\"903\" data-end=\"1190\">En <strong data-start=\"906\" data-end=\"923\">Sultan Spices<\/strong>, we bring you the best selection of <strong data-start=\"960\" data-end=\"1037\">Indian and Pakistani groceries, premium beverages, and specialty products<\/strong> para mejorar su experiencia culinaria. <strong data-start=\"1075\" data-end=\"1108\">PURE HEAVEN DRINK MANZANA 750ML<\/strong> es imprescindible para los amantes de <strong data-start=\"1143\" data-end=\"1187\">bebidas afrutadas, espumosas y refrescantes<\/strong>.<\/p>\n<p data-start=\"1192\" data-end=\"1325\">Visite <strong data-start=\"1198\" data-end=\"1225\">Especias Sult\u00e1n en M\u00e1laga<\/strong> to explore a variety of exotic juices, non-alcoholic drinks, and high-quality grocery essentials.<\/p>\n<p data-start=\"1327\" data-end=\"1464\" data-is-last-node=\"\">Enjoy the crisp and natural taste of <strong data-start=\"1364\" data-end=\"1397\">PURE HEAVEN DRINK MANZANA 750ML<\/strong>disponible en <strong data-start=\"1416\" data-end=\"1433\">Sultan Spices<\/strong>-donde la calidad se une a la tradici\u00f3n<\/p>\n<\/div>\n<\/div>\n<\/div>\n<\/div>","protected":false},"excerpt":{"rendered":"<p>Disfruta del sabor crujiente y refrescante de PURE HEAVEN DRINK APPLE 750ML, ahora disponible en Sultan Spices, tu tienda de alimentaci\u00f3n india de confianza en M\u00e1laga. Esta bebida premium sin alcohol ofrece el sabor naturalmente dulce y \u00e1cido de las manzanas maduras, convirti\u00e9ndola en la bebida perfecta para cualquier ocasi\u00f3n. Caracter\u00edsticas principales: \u2714 Delicioso Sabor a Manzana: Un rico y...<\/p>","protected":false},"featured_media":5037,"comment_status":"open","ping_status":"closed","template":"","meta":{"_kad_blocks_custom_css":"","_kad_blocks_head_custom_js":"","_kad_blocks_body_custom_js":"","_kad_blocks_footer_custom_js":"","_kadence_starter_templates_imported_post":false,"_kad_post_transparent":"default","_kad_post_title":"","_kad_post_layout":"default","_kad_post_sidebar_id":"","_kad_post_content_style":"default","_kad_post_vertical_padding":"default","_kad_post_feature":"","_kad_post_feature_position":"","_kad_post_header":false,"_kad_post_footer":false,"_kad_post_classname":""},"product_brand":[],"product_cat":[58],"product_tag":[],"class_list":{"0":"post-5001","1":"product","2":"type-product","3":"status-publish","4":"has-post-thumbnail","6":"product_cat-beverages","8":"first","9":"instock","10":"shipping-taxable","11":"purchasable","12":"product-type-simple","13":"entry","14":"content-bg","15":"loop-entry"},"taxonomy_info":{"product_cat":[{"value":58,"label":"Beverages"}]},"featured_image_src_large":["https:\/\/sultanspices.es\/wp-content\/uploads\/2025\/02\/ProductsPIX-38-1024x1024.png",1024,1024,true],"author_info":[],"comment_info":1,"jetpack_sharing_enabled":true,"_links":{"self":[{"href":"https:\/\/sultanspices.es\/es\/wp-json\/wp\/v2\/product\/5001","targetHints":{"allow":["GET"]}}],"collection":[{"href":"https:\/\/sultanspices.es\/es\/wp-json\/wp\/v2\/product"}],"about":[{"href":"https:\/\/sultanspices.es\/es\/wp-json\/wp\/v2\/types\/product"}],"replies":[{"embeddable":true,"href":"https:\/\/sultanspices.es\/es\/wp-json\/wp\/v2\/comments?post=5001"}],"wp:featuredmedia":[{"embeddable":true,"href":"https:\/\/sultanspices.es\/es\/wp-json\/wp\/v2\/media\/5037"}],"wp:attachment":[{"href":"https:\/\/sultanspices.es\/es\/wp-json\/wp\/v2\/media?parent=5001"}],"wp:term":[{"taxonomy":"product_brand","embeddable":true,"href":"https:\/\/sultanspices.es\/es\/wp-json\/wp\/v2\/product_brand?post=5001"},{"taxonomy":"product_cat","embeddable":true,"href":"https:\/\/sultanspices.es\/es\/wp-json\/wp\/v2\/product_cat?post=5001"},{"taxonomy":"product_tag","embeddable":true,"href":"https:\/\/sultanspices.es\/es\/wp-json\/wp\/v2\/product_tag?post=5001"}],"curies":[{"name":"wp","href":"https:\/\/api.w.org\/{rel}","templated":true}]}}