{"id":5000,"date":"2025-02-16T18:24:15","date_gmt":"2025-02-16T17:24:15","guid":{"rendered":"https:\/\/sultanspices.es\/product\/poppy-seeds-oil-ktc-250ml\/"},"modified":"2026-02-23T12:41:12","modified_gmt":"2026-02-23T11:41:12","slug":"poppy-seeds-oil-ktc-250ml","status":"publish","type":"product","link":"https:\/\/sultanspices.es\/es\/producto\/aceite-de-semillas-de-amapola-ktc-250ml\/","title":{"rendered":"ACEITE DE SEMILLAS DE AMAPOLA KTC 250ML"},"content":{"rendered":"<div class=\"flex max-w-full flex-col flex-grow\">\n<div class=\"min-h-8 text-message flex w-full flex-col items-end gap-2 whitespace-normal break-words text-start [.text-message+&amp;]:mt-5\" dir=\"auto\" data-message-author-role=\"assistant\" data-message-id=\"1510f33e-4766-40e6-927c-403894026e26\" data-message-model-slug=\"gpt-4o\">\n<div class=\"flex w-full flex-col gap-1 empty:hidden first:pt-[3px]\">\n<div class=\"markdown prose w-full break-words dark:prose-invert dark\">\n<p data-start=\"33\" data-end=\"331\">Descubra las bondades naturales de <strong data-start=\"66\" data-end=\"95\">ACEITE DE SEMILLAS DE AMAPOLA KTC 250ML<\/strong>disponible en <strong data-start=\"114\" data-end=\"131\">Sultan Spices<\/strong>su empresa de confianza <strong data-start=\"146\" data-end=\"180\">Tienda de comestibles india en M\u00e1laga<\/strong>. Este <strong data-start=\"187\" data-end=\"213\">aceite puro y vers\u00e1til<\/strong> se extrae de semillas de amapola de alta calidad, por lo que es un complemento perfecto para su cocina y su rutina de cuidado personal.<\/p>\n<h3 data-start=\"333\" data-end=\"356\"><strong data-start=\"337\" data-end=\"354\">Caracter\u00edsticas principales:<\/strong><\/h3>\n<p data-start=\"357\" data-end=\"807\">\u2714 <strong data-start=\"359\" data-end=\"383\">100% Puro y natural:<\/strong> Aceite de semilla de amapola prensado en fr\u00edo para una m\u00e1xima retenci\u00f3n de nutrientes.<br data-start=\"443\" data-end=\"446\" \/>\u2714 <strong data-start=\"448\" data-end=\"470\">Rico en nutrientes:<\/strong> Contiene \u00e1cidos grasos esenciales, antioxidantes y vitaminas para el bienestar general.<br data-start=\"551\" data-end=\"554\" \/>\u2714 <strong data-start=\"556\" data-end=\"577\">Uso polivalente:<\/strong> Ideal para cocinar, ali\u00f1ar, cuidar la piel y el cabello.<br data-start=\"632\" data-end=\"635\" \/>\u2714 <strong data-start=\"637\" data-end=\"661\">Sabor suave y a nuez:<\/strong> Realza el sabor de ensaladas, productos horneados y otras recetas.<br data-start=\"723\" data-end=\"726\" \/>\u2714 <strong data-start=\"728\" data-end=\"756\">Pr\u00e1ctica botella de 250 ml:<\/strong> F\u00e1cil de almacenar y utilizar para m\u00faltiples aplicaciones.<\/p>\n<p data-start=\"809\" data-end=\"1037\">En <strong data-start=\"812\" data-end=\"829\">Sultan Spices<\/strong>le ofrecemos alta calidad <strong data-start=\"857\" data-end=\"881\">India y Pakist\u00e1n<\/strong> ingredientes para enriquecer su estilo de vida diario. <strong data-start=\"926\" data-end=\"955\">ACEITE DE SEMILLAS DE AMAPOLA KTC 250ML<\/strong> es perfecto para quienes buscan <strong data-start=\"991\" data-end=\"1034\">aceite sano, natural y polivalente<\/strong>.<\/p>\n<p data-start=\"1039\" data-end=\"1162\">Visite <strong data-start=\"1045\" data-end=\"1072\">Especias Sult\u00e1n en M\u00e1laga<\/strong> para explorar una variedad de aceites de primera calidad, especias aut\u00e9nticas y productos de alimentaci\u00f3n especializados.<\/p>\n<p data-start=\"1164\" data-end=\"1315\" data-is-last-node=\"\">Experimenta la <strong data-start=\"1179\" data-end=\"1215\">beneficios para la salud y ricos sabores<\/strong> de <strong data-start=\"1219\" data-end=\"1248\">ACEITE DE SEMILLAS DE AMAPOLA KTC 250ML<\/strong>disponible en <strong data-start=\"1267\" data-end=\"1284\">Sultan Spices<\/strong>-donde la calidad se une a la tradici\u00f3n<\/p>\n<\/div>\n<\/div>\n<\/div>\n<\/div>\n<div class=\"mb-2 flex gap-3 empty:hidden -ml-2\">\n<div class=\"items-center justify-start rounded-xl p-1 flex\">\n<div class=\"flex items-center\"><\/div>\n<\/div>\n<\/div>","protected":false},"excerpt":{"rendered":"<p>Descubra las bondades naturales del ACEITE DE SEMILLAS DE ADORMIDERA KTC 250ML, ahora disponible en Sultan Spices, su tienda de alimentaci\u00f3n india de confianza en M\u00e1laga. Este aceite puro y vers\u00e1til se extrae de semillas de amapola de alta calidad, por lo que es un complemento perfecto para su cocina y rutina de cuidado personal. Caracter\u00edsticas principales: \u2714 100% Puro y Natural: Prensado en fr\u00edo de semillas de amapola....<\/p>","protected":false},"featured_media":5039,"comment_status":"open","ping_status":"closed","template":"","meta":{"_kad_blocks_custom_css":"","_kad_blocks_head_custom_js":"","_kad_blocks_body_custom_js":"","_kad_blocks_footer_custom_js":"","_kadence_starter_templates_imported_post":false,"_kad_post_transparent":"default","_kad_post_title":"","_kad_post_layout":"default","_kad_post_sidebar_id":"","_kad_post_content_style":"default","_kad_post_vertical_padding":"default","_kad_post_feature":"","_kad_post_feature_position":"","_kad_post_header":false,"_kad_post_footer":false,"_kad_post_classname":""},"product_brand":[],"product_cat":[62],"product_tag":[],"class_list":{"0":"post-5000","1":"product","2":"type-product","3":"status-publish","4":"has-post-thumbnail","6":"product_cat-oils","8":"first","9":"instock","10":"sale","11":"shipping-taxable","12":"purchasable","13":"product-type-simple","14":"entry","15":"content-bg","16":"loop-entry"},"taxonomy_info":{"product_cat":[{"value":62,"label":"Oils"}]},"featured_image_src_large":["https:\/\/sultanspices.es\/wp-content\/uploads\/2025\/02\/ProductsPIX-39-1024x1024.png",1024,1024,true],"author_info":[],"comment_info":0,"jetpack_sharing_enabled":true,"_links":{"self":[{"href":"https:\/\/sultanspices.es\/es\/wp-json\/wp\/v2\/product\/5000","targetHints":{"allow":["GET"]}}],"collection":[{"href":"https:\/\/sultanspices.es\/es\/wp-json\/wp\/v2\/product"}],"about":[{"href":"https:\/\/sultanspices.es\/es\/wp-json\/wp\/v2\/types\/product"}],"replies":[{"embeddable":true,"href":"https:\/\/sultanspices.es\/es\/wp-json\/wp\/v2\/comments?post=5000"}],"wp:featuredmedia":[{"embeddable":true,"href":"https:\/\/sultanspices.es\/es\/wp-json\/wp\/v2\/media\/5039"}],"wp:attachment":[{"href":"https:\/\/sultanspices.es\/es\/wp-json\/wp\/v2\/media?parent=5000"}],"wp:term":[{"taxonomy":"product_brand","embeddable":true,"href":"https:\/\/sultanspices.es\/es\/wp-json\/wp\/v2\/product_brand?post=5000"},{"taxonomy":"product_cat","embeddable":true,"href":"https:\/\/sultanspices.es\/es\/wp-json\/wp\/v2\/product_cat?post=5000"},{"taxonomy":"product_tag","embeddable":true,"href":"https:\/\/sultanspices.es\/es\/wp-json\/wp\/v2\/product_tag?post=5000"}],"curies":[{"name":"wp","href":"https:\/\/api.w.org\/{rel}","templated":true}]}}