{"id":4999,"date":"2025-02-16T18:24:14","date_gmt":"2025-02-16T17:24:14","guid":{"rendered":"https:\/\/sultanspices.es\/product\/pickle-national-mix-crushed-390g\/"},"modified":"2026-02-23T12:41:10","modified_gmt":"2026-02-23T11:41:10","slug":"pickle-national-mix-crushed-390g","status":"publish","type":"product","link":"https:\/\/sultanspices.es\/es\/producto\/pepinillo-nacional-mezcla-triturado-390g\/","title":{"rendered":"PEPINILLO NATIONAL MEZCLA TRITURADA 390G"},"content":{"rendered":"<div class=\"flex max-w-full flex-col flex-grow\">\n<div class=\"min-h-8 text-message flex w-full flex-col items-end gap-2 whitespace-normal break-words text-start [.text-message+&amp;]:mt-5\" dir=\"auto\" data-message-author-role=\"assistant\" data-message-id=\"1d8268dd-5e6f-4095-ad66-af1a9e41550f\" data-message-model-slug=\"gpt-4o\">\n<div class=\"flex w-full flex-col gap-1 empty:hidden first:pt-[3px]\">\n<div class=\"markdown prose w-full break-words dark:prose-invert dark\">\n<p data-start=\"40\" data-end=\"396\">A\u00f1ada un toque de sabor atrevido y picante a sus comidas con <strong data-start=\"96\" data-end=\"132\">PEPINILLO NATIONAL MEZCLA TRITURADA 390G<\/strong>disponible en <strong data-start=\"151\" data-end=\"168\">Sultan Spices<\/strong>Tu mejor opci\u00f3n <strong data-start=\"181\" data-end=\"215\">Tienda de comestibles india en M\u00e1laga<\/strong>. Este aut\u00e9ntico encurtido pakistan\u00ed se elabora con una mezcla de <strong data-start=\"273\" data-end=\"333\">mangos triturados, zanahorias, limones y especias tradicionales<\/strong>que ofrece el equilibrio perfecto de picante, sabor y aroma.<\/p>\n<h3 data-start=\"398\" data-end=\"421\"><strong data-start=\"402\" data-end=\"419\">Caracter\u00edsticas principales:<\/strong><\/h3>\n<p data-start=\"422\" data-end=\"912\">\u2714 <strong data-start=\"424\" data-end=\"455\">Aut\u00e9ntico pepinillo pakistan\u00ed:<\/strong> Una deliciosa mezcla de frutas y verduras recogidas a mano, trituradas y marinadas en especias de primera calidad.<br data-start=\"549\" data-end=\"552\" \/>\u2714 <strong data-start=\"554\" data-end=\"578\">Sabor rico y picante:<\/strong> Mezcla perfectamente equilibrada de notas picantes, \u00e1cidas y saladas.<br data-start=\"637\" data-end=\"640\" \/>\u2714 <strong data-start=\"642\" data-end=\"660\">Uso vers\u00e1til:<\/strong> Disfruta con <strong data-start=\"672\" data-end=\"730\">parathas, currys, platos de arroz, o como sabrosa guarnici\u00f3n<\/strong>.<br data-start=\"731\" data-end=\"734\" \/>\u2714 <strong data-start=\"736\" data-end=\"768\">Sin conservantes artificiales:<\/strong> Elaborado con ingredientes naturales para un aut\u00e9ntico sabor casero.<br data-start=\"831\" data-end=\"834\" \/>\u2714 <strong data-start=\"836\" data-end=\"860\">C\u00f3modo tarro de 390 g:<\/strong> Ideal para comidas diarias y frescura duradera.<\/p>\n<p data-start=\"914\" data-end=\"1204\">En <strong data-start=\"917\" data-end=\"934\">Sultan Spices<\/strong>Ofrecemos la mejor selecci\u00f3n de <strong data-start=\"967\" data-end=\"1039\">Encurtidos indios y pakistan\u00edes, especias y productos de alimentaci\u00f3n especializados<\/strong> para llevar sabores aut\u00e9nticos a su cocina. <strong data-start=\"1084\" data-end=\"1120\">PEPINILLO NATIONAL MEZCLA TRITURADA 390G<\/strong> es imprescindible para los amantes de <strong data-start=\"1157\" data-end=\"1201\">sabores atrevidos y tradicionales del sur de Asia<\/strong>.<\/p>\n<p data-start=\"1206\" data-end=\"1313\">Visite <strong data-start=\"1212\" data-end=\"1239\">Especias Sult\u00e1n en M\u00e1laga<\/strong> para explorar una amplia gama de encurtidos, chutneys y condimentos aut\u00e9nticos.<\/p>\n<p data-start=\"1315\" data-end=\"1457\" data-is-last-node=\"\">Disfrute del <strong data-start=\"1325\" data-end=\"1350\">sabrosura picante y \u00e1cida<\/strong> de <strong data-start=\"1354\" data-end=\"1390\">PEPINILLO NATIONAL MEZCLA TRITURADA 390G<\/strong>disponible en <strong data-start=\"1409\" data-end=\"1426\">Sultan Spices<\/strong>-donde la calidad se une a la tradici\u00f3n<\/p>\n<\/div>\n<\/div>\n<\/div>\n<\/div>","protected":false},"excerpt":{"rendered":"<p>A\u00f1ade una explosi\u00f3n de sabor atrevido y picante a tus comidas con PICKLE NATIONAL MIX CRUSHED 390G, ahora disponible en Sultan Spices, tu tienda de alimentaci\u00f3n india en M\u00e1laga. Este aut\u00e9ntico encurtido pakistan\u00ed est\u00e1 hecho de una mezcla de mangos triturados, zanahorias, limones y especias tradicionales, ofreciendo el equilibrio perfecto de...<\/p>","protected":false},"featured_media":5042,"comment_status":"open","ping_status":"closed","template":"","meta":{"_kad_blocks_custom_css":"","_kad_blocks_head_custom_js":"","_kad_blocks_body_custom_js":"","_kad_blocks_footer_custom_js":"","_kadence_starter_templates_imported_post":false,"_kad_post_transparent":"default","_kad_post_title":"","_kad_post_layout":"default","_kad_post_sidebar_id":"","_kad_post_content_style":"default","_kad_post_vertical_padding":"default","_kad_post_feature":"","_kad_post_feature_position":"","_kad_post_header":false,"_kad_post_footer":false,"_kad_post_classname":""},"product_brand":[],"product_cat":[55],"product_tag":[],"class_list":{"0":"post-4999","1":"product","2":"type-product","3":"status-publish","4":"has-post-thumbnail","6":"product_cat-pastes","8":"first","9":"outofstock","10":"shipping-taxable","11":"purchasable","12":"product-type-simple","13":"entry","14":"content-bg","15":"loop-entry"},"taxonomy_info":{"product_cat":[{"value":55,"label":"Pastes, Pickles &amp; Sauces"}]},"featured_image_src_large":["https:\/\/sultanspices.es\/wp-content\/uploads\/2025\/02\/ProductsPIX-40-1024x1024.png",1024,1024,true],"author_info":[],"comment_info":0,"jetpack_sharing_enabled":true,"_links":{"self":[{"href":"https:\/\/sultanspices.es\/es\/wp-json\/wp\/v2\/product\/4999","targetHints":{"allow":["GET"]}}],"collection":[{"href":"https:\/\/sultanspices.es\/es\/wp-json\/wp\/v2\/product"}],"about":[{"href":"https:\/\/sultanspices.es\/es\/wp-json\/wp\/v2\/types\/product"}],"replies":[{"embeddable":true,"href":"https:\/\/sultanspices.es\/es\/wp-json\/wp\/v2\/comments?post=4999"}],"wp:featuredmedia":[{"embeddable":true,"href":"https:\/\/sultanspices.es\/es\/wp-json\/wp\/v2\/media\/5042"}],"wp:attachment":[{"href":"https:\/\/sultanspices.es\/es\/wp-json\/wp\/v2\/media?parent=4999"}],"wp:term":[{"taxonomy":"product_brand","embeddable":true,"href":"https:\/\/sultanspices.es\/es\/wp-json\/wp\/v2\/product_brand?post=4999"},{"taxonomy":"product_cat","embeddable":true,"href":"https:\/\/sultanspices.es\/es\/wp-json\/wp\/v2\/product_cat?post=4999"},{"taxonomy":"product_tag","embeddable":true,"href":"https:\/\/sultanspices.es\/es\/wp-json\/wp\/v2\/product_tag?post=4999"}],"curies":[{"name":"wp","href":"https:\/\/api.w.org\/{rel}","templated":true}]}}