{"id":4998,"date":"2025-02-16T18:24:12","date_gmt":"2025-02-16T17:24:12","guid":{"rendered":"https:\/\/sultanspices.es\/product\/pickle-national-mix-1kg\/"},"modified":"2026-03-31T18:37:41","modified_gmt":"2026-03-31T16:37:41","slug":"pickle-national-mix-1kg","status":"publish","type":"product","link":"https:\/\/sultanspices.es\/es\/producto\/encurtido-nacional-mix-1kg\/","title":{"rendered":"PEPINILLO NATIONAL MEZCLA 1KG"},"content":{"rendered":"<div class=\"flex max-w-full flex-col flex-grow\">\n<div class=\"min-h-8 text-message flex w-full flex-col items-end gap-2 whitespace-normal break-words text-start [.text-message+&amp;]:mt-5\" dir=\"auto\" data-message-author-role=\"assistant\" data-message-id=\"3d58712c-b41f-4f7d-98a4-c24f6d89c092\" data-message-model-slug=\"gpt-4o\">\n<div class=\"flex w-full flex-col gap-1 empty:hidden first:pt-[3px]\">\n<div class=\"markdown prose w-full break-words dark:prose-invert dark\">\n<p data-start=\"31\" data-end=\"398\">Realce sus comidas con los sabores atrevidos y picantes de <strong data-start=\"85\" data-end=\"112\">PEPINILLO NATIONAL MEZCLA 1KG<\/strong>disponible en <strong data-start=\"131\" data-end=\"148\">Sultan Spices<\/strong>su empresa de confianza <strong data-start=\"163\" data-end=\"197\">Tienda de comestibles india en M\u00e1laga<\/strong>. Este <strong data-start=\"204\" data-end=\"240\">aut\u00e9ntico encurtido mixto pakistan\u00ed<\/strong> se elabora con una sabrosa combinaci\u00f3n de <strong data-start=\"281\" data-end=\"345\">mangos, zanahorias, limones y especias tradicionales del sur de Asia<\/strong>...ofreciendo el equilibrio perfecto de especias y c\u00e1scara.<\/p>\n<h3 data-start=\"400\" data-end=\"423\"><strong data-start=\"404\" data-end=\"421\">Caracter\u00edsticas principales:<\/strong><\/h3>\n<p data-start=\"424\" data-end=\"912\">\u2714 <strong data-start=\"426\" data-end=\"456\">Aut\u00e9ntico sabor pakistan\u00ed:<\/strong> Una rica mezcla de verduras y frutas en escabeche, marinadas con especias arom\u00e1ticas.<br data-start=\"533\" data-end=\"536\" \/>\u2714 <strong data-start=\"538\" data-end=\"562\">Sabor fuerte y picante:<\/strong> Mezcla perfectamente equilibrada de notas picantes, \u00e1cidas y saladas.<br data-start=\"619\" data-end=\"622\" \/>\u2714 <strong data-start=\"624\" data-end=\"646\">Maridaje vers\u00e1til:<\/strong> Disfruta con <strong data-start=\"658\" data-end=\"712\">parathas, platos de arroz, curry o como guarnici\u00f3n picante<\/strong>.<br data-start=\"713\" data-end=\"716\" \/>\u2714 <strong data-start=\"718\" data-end=\"752\">Elaborado con ingredientes naturales:<\/strong> Sin conservantes artificiales, lo que garantiza un sabor casero.<br data-start=\"814\" data-end=\"817\" \/>\u2714 <strong data-start=\"819\" data-end=\"844\">Tarro familiar de 1 kg:<\/strong> Ideal para los hogares que adoran los pepinillos aut\u00e9nticos con cada comida.<\/p>\n<p data-start=\"914\" data-end=\"1179\">En <strong data-start=\"917\" data-end=\"934\">Sultan Spices<\/strong>le ofrecemos la mejor selecci\u00f3n de <strong data-start=\"973\" data-end=\"1029\">Encurtidos, especias y condimentos indios y pakistan\u00edes<\/strong> para elevar su experiencia culinaria. <strong data-start=\"1067\" data-end=\"1094\">PEPINILLO NATIONAL MEZCLA 1KG<\/strong> es imprescindible para todos los que disfrutan <strong data-start=\"1132\" data-end=\"1176\">sabores atrevidos y tradicionales del sur de Asia<\/strong>.<\/p>\n<p data-start=\"1181\" data-end=\"1305\">Visite <strong data-start=\"1187\" data-end=\"1214\">Especias Sult\u00e1n en M\u00e1laga<\/strong> para explorar una variedad de encurtidos aut\u00e9nticos, mezclas de especias y productos de alimentaci\u00f3n especializados.<\/p>\n<p data-start=\"1307\" data-end=\"1440\" data-is-last-node=\"\">Disfrute del <strong data-start=\"1317\" data-end=\"1342\">sabroso y picante<\/strong> de <strong data-start=\"1346\" data-end=\"1373\">PEPINILLO NATIONAL MEZCLA 1KG<\/strong>disponible en <strong data-start=\"1392\" data-end=\"1409\">Sultan Spices<\/strong>-donde la calidad se une a la tradici\u00f3n<\/p>\n<\/div>\n<\/div>\n<\/div>\n<\/div>","protected":false},"excerpt":{"rendered":"<p>Mejore sus comidas con los sabores atrevidos y picantes de PICKLE NATIONAL MIX 1KG, ahora disponible en Sultan Spices, su tienda de alimentaci\u00f3n india de confianza en M\u00e1laga. Este aut\u00e9ntico encurtido mixto paquistan\u00ed est\u00e1 hecho de una sabrosa combinaci\u00f3n de mangos, zanahorias, limones y especias tradicionales del sur de Asia, ofreciendo el equilibrio perfecto de especias y sabor. Clave...<\/p>","protected":false},"featured_media":5043,"comment_status":"open","ping_status":"closed","template":"","meta":{"_kad_blocks_custom_css":"","_kad_blocks_head_custom_js":"","_kad_blocks_body_custom_js":"","_kad_blocks_footer_custom_js":"","_kadence_starter_templates_imported_post":false,"_kad_post_transparent":"default","_kad_post_title":"","_kad_post_layout":"default","_kad_post_sidebar_id":"","_kad_post_content_style":"default","_kad_post_vertical_padding":"default","_kad_post_feature":"","_kad_post_feature_position":"","_kad_post_header":false,"_kad_post_footer":false,"_kad_post_classname":""},"product_brand":[],"product_cat":[55],"product_tag":[],"class_list":{"0":"post-4998","1":"product","2":"type-product","3":"status-publish","4":"has-post-thumbnail","6":"product_cat-pastes","8":"first","9":"instock","10":"shipping-taxable","11":"purchasable","12":"product-type-simple","13":"entry","14":"content-bg","15":"loop-entry"},"taxonomy_info":{"product_cat":[{"value":55,"label":"Pastes, Pickles &amp; Sauces"}]},"featured_image_src_large":["https:\/\/sultanspices.es\/wp-content\/uploads\/2025\/02\/ProductsPIX-41-1024x1024.png",1024,1024,true],"author_info":[],"comment_info":0,"jetpack_sharing_enabled":true,"_links":{"self":[{"href":"https:\/\/sultanspices.es\/es\/wp-json\/wp\/v2\/product\/4998","targetHints":{"allow":["GET"]}}],"collection":[{"href":"https:\/\/sultanspices.es\/es\/wp-json\/wp\/v2\/product"}],"about":[{"href":"https:\/\/sultanspices.es\/es\/wp-json\/wp\/v2\/types\/product"}],"replies":[{"embeddable":true,"href":"https:\/\/sultanspices.es\/es\/wp-json\/wp\/v2\/comments?post=4998"}],"wp:featuredmedia":[{"embeddable":true,"href":"https:\/\/sultanspices.es\/es\/wp-json\/wp\/v2\/media\/5043"}],"wp:attachment":[{"href":"https:\/\/sultanspices.es\/es\/wp-json\/wp\/v2\/media?parent=4998"}],"wp:term":[{"taxonomy":"product_brand","embeddable":true,"href":"https:\/\/sultanspices.es\/es\/wp-json\/wp\/v2\/product_brand?post=4998"},{"taxonomy":"product_cat","embeddable":true,"href":"https:\/\/sultanspices.es\/es\/wp-json\/wp\/v2\/product_cat?post=4998"},{"taxonomy":"product_tag","embeddable":true,"href":"https:\/\/sultanspices.es\/es\/wp-json\/wp\/v2\/product_tag?post=4998"}],"curies":[{"name":"wp","href":"https:\/\/api.w.org\/{rel}","templated":true}]}}