{"id":4979,"date":"2025-02-16T18:23:51","date_gmt":"2025-02-16T17:23:51","guid":{"rendered":"https:\/\/sultanspices.es\/product\/mdh-tandoori-bbq-masala-100g\/"},"modified":"2026-04-15T10:32:46","modified_gmt":"2026-04-15T08:32:46","slug":"mdh-tandoori-bbq-masala-100g","status":"publish","type":"product","link":"https:\/\/sultanspices.es\/es\/producto\/mdh-tandoori-bbq-masala-100g\/","title":{"rendered":"MDH TANDOORI BBQ MASALA 100G"},"content":{"rendered":"<p>Lleve los aut\u00e9nticos sabores de la barbacoa india a su cocina con <strong>MDH Tandoori BBQ Masala (100g)<\/strong>. Esta mezcla de especias elaborada por expertos es imprescindible para crear platos tandoori ahumados y arom\u00e1ticos como tikka de pollo, kebabs y verduras a la parrilla. Hecho con una mezcla perfecta de especias, MDH Tandoori Masala a\u00f1ade profundidad y riqueza a sus adobos, asegurando que cada bocado est\u00e1 lleno de sabor. Tanto si organiza una barbacoa como si le apetece un fest\u00edn tandoori casero, este masala es el ingrediente que necesita. P\u00eddalo ahora a Sultan Spices y rec\u00edbalo en cualquier lugar de Espa\u00f1a.<\/p>","protected":false},"excerpt":{"rendered":"<p>Lleve a su cocina los aut\u00e9nticos sabores de la barbacoa india con MDH Tandoori BBQ Masala (100 g). Esta mezcla de especias expertamente elaborada es imprescindible para crear platos tandoori ahumados y arom\u00e1ticos como pollo tikka, kebabs y verduras a la parrilla. Hecho con una mezcla perfecta de especias, MDH Tandoori Masala a\u00f1ade profundidad y riqueza a sus adobos,...<\/p>","protected":false},"featured_media":5052,"comment_status":"open","ping_status":"closed","template":"","meta":{"_kad_blocks_custom_css":"","_kad_blocks_head_custom_js":"","_kad_blocks_body_custom_js":"","_kad_blocks_footer_custom_js":"","_kadence_starter_templates_imported_post":false,"_kad_post_transparent":"default","_kad_post_title":"","_kad_post_layout":"default","_kad_post_sidebar_id":"","_kad_post_content_style":"default","_kad_post_vertical_padding":"default","_kad_post_feature":"","_kad_post_feature_position":"","_kad_post_header":false,"_kad_post_footer":false,"_kad_post_classname":""},"product_brand":[],"product_cat":[50],"product_tag":[],"class_list":{"0":"post-4979","1":"product","2":"type-product","3":"status-publish","4":"has-post-thumbnail","6":"product_cat-spices","8":"first","9":"instock","10":"shipping-taxable","11":"purchasable","12":"product-type-simple","13":"entry","14":"content-bg","15":"loop-entry"},"taxonomy_info":{"product_cat":[{"value":50,"label":"Spices"}]},"featured_image_src_large":["https:\/\/sultanspices.es\/wp-content\/uploads\/2025\/02\/ProductsPIX-44-1024x1024.png",1024,1024,true],"author_info":[],"comment_info":0,"jetpack_sharing_enabled":true,"_links":{"self":[{"href":"https:\/\/sultanspices.es\/es\/wp-json\/wp\/v2\/product\/4979","targetHints":{"allow":["GET"]}}],"collection":[{"href":"https:\/\/sultanspices.es\/es\/wp-json\/wp\/v2\/product"}],"about":[{"href":"https:\/\/sultanspices.es\/es\/wp-json\/wp\/v2\/types\/product"}],"replies":[{"embeddable":true,"href":"https:\/\/sultanspices.es\/es\/wp-json\/wp\/v2\/comments?post=4979"}],"wp:featuredmedia":[{"embeddable":true,"href":"https:\/\/sultanspices.es\/es\/wp-json\/wp\/v2\/media\/5052"}],"wp:attachment":[{"href":"https:\/\/sultanspices.es\/es\/wp-json\/wp\/v2\/media?parent=4979"}],"wp:term":[{"taxonomy":"product_brand","embeddable":true,"href":"https:\/\/sultanspices.es\/es\/wp-json\/wp\/v2\/product_brand?post=4979"},{"taxonomy":"product_cat","embeddable":true,"href":"https:\/\/sultanspices.es\/es\/wp-json\/wp\/v2\/product_cat?post=4979"},{"taxonomy":"product_tag","embeddable":true,"href":"https:\/\/sultanspices.es\/es\/wp-json\/wp\/v2\/product_tag?post=4979"}],"curies":[{"name":"wp","href":"https:\/\/api.w.org\/{rel}","templated":true}]}}