{"id":4974,"date":"2025-02-16T18:23:47","date_gmt":"2025-02-16T17:23:47","guid":{"rendered":"https:\/\/sultanspices.es\/product\/linseed-oil-ktc-12x250ml\/"},"modified":"2026-02-23T12:40:53","modified_gmt":"2026-02-23T11:40:53","slug":"linseed-oil-ktc-250ml","status":"publish","type":"product","link":"https:\/\/sultanspices.es\/es\/producto\/aceite-de-linaza-ktc-250ml\/","title":{"rendered":"ACEITE DE LINAZA KTC 250ML"},"content":{"rendered":"<p>Mejore su salud y eleve sus comidas con <strong>Aceite de linaza KTC (250 ml)<\/strong>es un aceite prensado en fr\u00edo repleto de \u00e1cidos grasos omega-3 y nutrientes esenciales. Conocido por su sabor a nuez y sus numerosos beneficios para la salud, este aceite de linaza es perfecto para rociar ensaladas, a\u00f1adir a batidos o utilizar en ali\u00f1os y salsas. Es una gran elecci\u00f3n para las personas preocupadas por su salud que desean incorporar a su dieta m\u00e1s aceites naturales de origen vegetal. El aceite de linaza KTC es 100% puro y conserva sus propiedades naturales, lo que lo convierte en un producto imprescindible en su cocina. P\u00eddalo ahora a Sultan Spices y disfrute de los beneficios de este aceite superalimento entregado en cualquier lugar de Espa\u00f1a.<\/p>\n<p><strong>Palabras clave:<\/strong> KTC Aceite de Linaza, aceite de linaza Espa\u00f1a, aceite de linaza prensado en fr\u00edo, aceite omega-3, aceite de cocina saludable, Sultan Spices M\u00e1laga, tienda de alimentaci\u00f3n india Espa\u00f1a.<\/p>","protected":false},"excerpt":{"rendered":"<p>Mejore su salud y eleve el nivel de sus comidas con el Aceite de Linaza KTC (250 ml), un aceite prensado en fr\u00edo repleto de \u00e1cidos grasos omega-3 y nutrientes esenciales. Conocido por su sabor a nuez y numerosos beneficios para la salud, este aceite de linaza es perfecto para rociar sobre ensaladas, a\u00f1adir a batidos, o utilizar en aderezos y salsas. Es una gran elecci\u00f3n para...<\/p>","protected":false},"featured_media":5054,"comment_status":"open","ping_status":"closed","template":"","meta":{"_kad_blocks_custom_css":"","_kad_blocks_head_custom_js":"","_kad_blocks_body_custom_js":"","_kad_blocks_footer_custom_js":"","_kadence_starter_templates_imported_post":false,"_kad_post_transparent":"default","_kad_post_title":"","_kad_post_layout":"default","_kad_post_sidebar_id":"","_kad_post_content_style":"default","_kad_post_vertical_padding":"default","_kad_post_feature":"","_kad_post_feature_position":"","_kad_post_header":false,"_kad_post_footer":false,"_kad_post_classname":""},"product_brand":[],"product_cat":[62],"product_tag":[],"class_list":{"0":"post-4974","1":"product","2":"type-product","3":"status-publish","4":"has-post-thumbnail","6":"product_cat-oils","8":"first","9":"instock","10":"sale","11":"shipping-taxable","12":"purchasable","13":"product-type-simple","14":"entry","15":"content-bg","16":"loop-entry"},"taxonomy_info":{"product_cat":[{"value":62,"label":"Oils"}]},"featured_image_src_large":["https:\/\/sultanspices.es\/wp-content\/uploads\/2025\/02\/ProductsPIX-46-1024x1024.png",1024,1024,true],"author_info":[],"comment_info":0,"jetpack_sharing_enabled":true,"_links":{"self":[{"href":"https:\/\/sultanspices.es\/es\/wp-json\/wp\/v2\/product\/4974","targetHints":{"allow":["GET"]}}],"collection":[{"href":"https:\/\/sultanspices.es\/es\/wp-json\/wp\/v2\/product"}],"about":[{"href":"https:\/\/sultanspices.es\/es\/wp-json\/wp\/v2\/types\/product"}],"replies":[{"embeddable":true,"href":"https:\/\/sultanspices.es\/es\/wp-json\/wp\/v2\/comments?post=4974"}],"wp:featuredmedia":[{"embeddable":true,"href":"https:\/\/sultanspices.es\/es\/wp-json\/wp\/v2\/media\/5054"}],"wp:attachment":[{"href":"https:\/\/sultanspices.es\/es\/wp-json\/wp\/v2\/media?parent=4974"}],"wp:term":[{"taxonomy":"product_brand","embeddable":true,"href":"https:\/\/sultanspices.es\/es\/wp-json\/wp\/v2\/product_brand?post=4974"},{"taxonomy":"product_cat","embeddable":true,"href":"https:\/\/sultanspices.es\/es\/wp-json\/wp\/v2\/product_cat?post=4974"},{"taxonomy":"product_tag","embeddable":true,"href":"https:\/\/sultanspices.es\/es\/wp-json\/wp\/v2\/product_tag?post=4974"}],"curies":[{"name":"wp","href":"https:\/\/api.w.org\/{rel}","templated":true}]}}