{"id":4972,"date":"2025-02-16T18:23:43","date_gmt":"2025-02-16T17:23:43","guid":{"rendered":"https:\/\/sultanspices.es\/product\/kasuri-methi-trs-100g\/"},"modified":"2026-02-23T12:40:50","modified_gmt":"2026-02-23T11:40:50","slug":"kasuri-methi-trs-100g","status":"publish","type":"product","link":"https:\/\/sultanspices.es\/es\/producto\/kasuri-methi-trs-100g\/","title":{"rendered":"KASURI METHI TRS 100G"},"content":{"rendered":"<p>A\u00f1ada un toque de aut\u00e9ntico sabor indio a sus platos con <strong>TRS Kasuri Methi (100 g)<\/strong>. Estas hojas secas de fenogreco son un alimento b\u00e1sico en la cocina india, conocidas por su aroma \u00fanico y su sabor ligeramente amargo que realza los currys, dals y parathas. Una pizca de Kasuri Methi puede transformar sus recetas, d\u00e1ndoles un rico sabor de restaurante. Tanto si prepara pollo a la mantequilla, methi paratha o un abundante dal, este paquete de 100 g es perfecto para elevar sus creaciones culinarias. P\u00eddalo ahora a Sultan Spices y lleve el sabor de la India a su cocina, entregado en cualquier lugar de Espa\u00f1a.<\/p>\n<p><strong>Palabras clave:<\/strong> TRS Kasuri Methi, hojas secas de fenogreco, Kasuri Methi Espa\u00f1a, especias indias para cocinar, Sultan Spices M\u00e1laga, comestibles indios Espa\u00f1a, fenogreco para currys.<\/p>","protected":false},"excerpt":{"rendered":"<p>A\u00f1ada un toque de aut\u00e9ntico sabor indio a sus platos con Kasuri Methi TRS (100 g). Estas hojas secas de fenogreco son un alimento b\u00e1sico en la cocina india, conocidas por su aroma \u00fanico y su sabor ligeramente amargo que realza los currys, dals y parathas. Una pizca de Kasuri Methi puede transformar sus recetas, d\u00e1ndoles un rico sabor de restaurante ....<\/p>","protected":false},"featured_media":5055,"comment_status":"open","ping_status":"closed","template":"","meta":{"_kad_blocks_custom_css":"","_kad_blocks_head_custom_js":"","_kad_blocks_body_custom_js":"","_kad_blocks_footer_custom_js":"","_kadence_starter_templates_imported_post":false,"_kad_post_transparent":"default","_kad_post_title":"","_kad_post_layout":"default","_kad_post_sidebar_id":"","_kad_post_content_style":"default","_kad_post_vertical_padding":"default","_kad_post_feature":"","_kad_post_feature_position":"","_kad_post_header":false,"_kad_post_footer":false,"_kad_post_classname":""},"product_brand":[],"product_cat":[50],"product_tag":[],"class_list":{"0":"post-4972","1":"product","2":"type-product","3":"status-publish","4":"has-post-thumbnail","6":"product_cat-spices","8":"first","9":"outofstock","10":"shipping-taxable","11":"purchasable","12":"product-type-simple","13":"entry","14":"content-bg","15":"loop-entry"},"taxonomy_info":{"product_cat":[{"value":50,"label":"Spices"}]},"featured_image_src_large":["https:\/\/sultanspices.es\/wp-content\/uploads\/2025\/02\/ProductsPIX-47-1024x1024.png",1024,1024,true],"author_info":[],"comment_info":0,"jetpack_sharing_enabled":true,"_links":{"self":[{"href":"https:\/\/sultanspices.es\/es\/wp-json\/wp\/v2\/product\/4972","targetHints":{"allow":["GET"]}}],"collection":[{"href":"https:\/\/sultanspices.es\/es\/wp-json\/wp\/v2\/product"}],"about":[{"href":"https:\/\/sultanspices.es\/es\/wp-json\/wp\/v2\/types\/product"}],"replies":[{"embeddable":true,"href":"https:\/\/sultanspices.es\/es\/wp-json\/wp\/v2\/comments?post=4972"}],"wp:featuredmedia":[{"embeddable":true,"href":"https:\/\/sultanspices.es\/es\/wp-json\/wp\/v2\/media\/5055"}],"wp:attachment":[{"href":"https:\/\/sultanspices.es\/es\/wp-json\/wp\/v2\/media?parent=4972"}],"wp:term":[{"taxonomy":"product_brand","embeddable":true,"href":"https:\/\/sultanspices.es\/es\/wp-json\/wp\/v2\/product_brand?post=4972"},{"taxonomy":"product_cat","embeddable":true,"href":"https:\/\/sultanspices.es\/es\/wp-json\/wp\/v2\/product_cat?post=4972"},{"taxonomy":"product_tag","embeddable":true,"href":"https:\/\/sultanspices.es\/es\/wp-json\/wp\/v2\/product_tag?post=4972"}],"curies":[{"name":"wp","href":"https:\/\/api.w.org\/{rel}","templated":true}]}}