{"id":4970,"date":"2025-02-16T18:23:42","date_gmt":"2025-02-16T17:23:42","guid":{"rendered":"https:\/\/sultanspices.es\/product\/jelly-ahmed-mango-70g\/"},"modified":"2026-02-23T12:40:49","modified_gmt":"2026-02-23T11:40:49","slug":"jelly-ahmed-mango-70g","status":"publish","type":"product","link":"https:\/\/sultanspices.es\/es\/producto\/gelatina-ahmed-mango-70g\/","title":{"rendered":"GELATINA AHMED MANGO 70G"},"content":{"rendered":"<p>A\u00f1ada un toque de sabor tropical a sus postres con <strong>Jalea de mango Ahmed (70 g)<\/strong>. Esta mezcla de gelatina f\u00e1cil de preparar es perfecta para crear refrescantes golosinas con sabor a mango que gustan tanto a ni\u00f1os como a adultos. S\u00f3lo tiene que seguir las instrucciones para preparar una deliciosa gelatina ideal para fiestas, aperitivos o como postre ligero. Con su vibrante sabor a mango y su suave textura, la gelatina de mango Ahmed es un producto imprescindible para los amantes de los postres afrutados. P\u00eddala ahora a Especias Sult\u00e1n y disfrute de esta deliciosa mezcla de gelatina entregada en cualquier lugar de Espa\u00f1a.<\/p>\n<p><strong>Palabras clave:<\/strong> Ahmed Jalea de Mango, mezcla de jalea de mango, postres tropicales, recetas f\u00e1ciles de jalea, Sultan Spices M\u00e1laga, tienda de comestibles indios Espa\u00f1a, aperitivos afrutados.<\/p>","protected":false},"excerpt":{"rendered":"<p>A\u00f1ada una explosi\u00f3n de sabor tropical a sus postres con la gelatina de mango Ahmed (70 g). Esta mezcla de gelatina f\u00e1cil de preparar es perfecta para crear refrescantes golosinas con sabor a mango que gustan tanto a ni\u00f1os como a adultos. S\u00f3lo tiene que seguir las instrucciones para preparar una deliciosa gelatina ideal para fiestas, aperitivos o como postre ligero. Con su vibrante...<\/p>","protected":false},"featured_media":5085,"comment_status":"open","ping_status":"closed","template":"","meta":{"_kad_blocks_custom_css":"","_kad_blocks_head_custom_js":"","_kad_blocks_body_custom_js":"","_kad_blocks_footer_custom_js":"","_kadence_starter_templates_imported_post":false,"_kad_post_transparent":"default","_kad_post_title":"","_kad_post_layout":"default","_kad_post_sidebar_id":"","_kad_post_content_style":"default","_kad_post_vertical_padding":"default","_kad_post_feature":"","_kad_post_feature_position":"","_kad_post_header":false,"_kad_post_footer":false,"_kad_post_classname":""},"product_brand":[],"product_cat":[51,48],"product_tag":[],"class_list":{"0":"post-4970","1":"product","2":"type-product","3":"status-publish","4":"has-post-thumbnail","6":"product_cat-desserts-sweets","7":"product_cat-dessert-mixes-for-indian-sweets","9":"first","10":"instock","11":"shipping-taxable","12":"purchasable","13":"product-type-simple","14":"entry","15":"content-bg","16":"loop-entry"},"taxonomy_info":{"product_cat":[{"value":51,"label":"Desserts and Sweets"},{"value":48,"label":"Dessert Mixes for Indian Sweets"}]},"featured_image_src_large":["https:\/\/sultanspices.es\/wp-content\/uploads\/2025\/02\/ProductsPIX-64-1024x1024.png",1024,1024,true],"author_info":[],"comment_info":0,"jetpack_sharing_enabled":true,"_links":{"self":[{"href":"https:\/\/sultanspices.es\/es\/wp-json\/wp\/v2\/product\/4970","targetHints":{"allow":["GET"]}}],"collection":[{"href":"https:\/\/sultanspices.es\/es\/wp-json\/wp\/v2\/product"}],"about":[{"href":"https:\/\/sultanspices.es\/es\/wp-json\/wp\/v2\/types\/product"}],"replies":[{"embeddable":true,"href":"https:\/\/sultanspices.es\/es\/wp-json\/wp\/v2\/comments?post=4970"}],"wp:featuredmedia":[{"embeddable":true,"href":"https:\/\/sultanspices.es\/es\/wp-json\/wp\/v2\/media\/5085"}],"wp:attachment":[{"href":"https:\/\/sultanspices.es\/es\/wp-json\/wp\/v2\/media?parent=4970"}],"wp:term":[{"taxonomy":"product_brand","embeddable":true,"href":"https:\/\/sultanspices.es\/es\/wp-json\/wp\/v2\/product_brand?post=4970"},{"taxonomy":"product_cat","embeddable":true,"href":"https:\/\/sultanspices.es\/es\/wp-json\/wp\/v2\/product_cat?post=4970"},{"taxonomy":"product_tag","embeddable":true,"href":"https:\/\/sultanspices.es\/es\/wp-json\/wp\/v2\/product_tag?post=4970"}],"curies":[{"name":"wp","href":"https:\/\/api.w.org\/{rel}","templated":true}]}}