{"id":4965,"date":"2025-02-16T18:23:38","date_gmt":"2025-02-16T17:23:38","guid":{"rendered":"https:\/\/sultanspices.es\/product\/garam-masala-pwd-ali-baba-400g\/"},"modified":"2026-04-27T10:45:50","modified_gmt":"2026-04-27T08:45:50","slug":"garam-masala-pwd-ali-baba-400g","status":"publish","type":"product","link":"https:\/\/sultanspices.es\/es\/producto\/garam-masala-pwd-ali-baba-400g\/","title":{"rendered":"GARAM MASALA PWD ALI BABA 400G"},"content":{"rendered":"<p>Realce sus creaciones culinarias con el rico y arom\u00e1tico <strong>Ali Baba Garam Masala en polvo (400 g)<\/strong>. Esta mezcla tradicional de especias indias es una armoniosa combinaci\u00f3n de canela, cardamomo, clavo, comino y otras especias c\u00e1lidas, perfecta para a\u00f1adir profundidad y sabor al curry, los guisos, los arroces y los adobos. Una pizca de este masala puede transformar comidas ordinarias en festines extraordinarios, llevando el aut\u00e9ntico sabor de la India a su mesa. Tanto si prepara un curry contundente como si quiere condimentar un plato sencillo, Ali Baba Garam Masala es un ingrediente esencial en su cocina. P\u00eddalo ahora a Sultan Spices y disfrute de esta vers\u00e1til mezcla de especias en cualquier lugar de Espa\u00f1a.<\/p>\n<p><strong>Palabras clave:<\/strong> Ali Baba Garam Masala, garam masala en polvo, mezcla de especias indias, especias para curry, Sultan Spices M\u00e1laga, ultramarinos indios Espa\u00f1a, garam masala para curry.<\/p>","protected":false},"excerpt":{"rendered":"<p>Mejore sus creaciones culinarias con el rico y arom\u00e1tico Ali Baba Garam Masala en polvo (400 g). Esta mezcla tradicional de especias indias es una armoniosa combinaci\u00f3n de canela, cardamomo, clavo, comino y otras especias calientes, perfecta para a\u00f1adir profundidad y sabor al curry, los guisos, los arroces y los adobos. Una pizca de este masala puede transformar comidas ordinarias...<\/p>","protected":false},"featured_media":5056,"comment_status":"open","ping_status":"closed","template":"","meta":{"_kad_blocks_custom_css":"","_kad_blocks_head_custom_js":"","_kad_blocks_body_custom_js":"","_kad_blocks_footer_custom_js":"","_kadence_starter_templates_imported_post":false,"_kad_post_transparent":"default","_kad_post_title":"","_kad_post_layout":"default","_kad_post_sidebar_id":"","_kad_post_content_style":"default","_kad_post_vertical_padding":"default","_kad_post_feature":"","_kad_post_feature_position":"","_kad_post_header":false,"_kad_post_footer":false,"_kad_post_classname":""},"product_brand":[],"product_cat":[50],"product_tag":[],"class_list":{"0":"post-4965","1":"product","2":"type-product","3":"status-publish","4":"has-post-thumbnail","6":"product_cat-spices","8":"first","9":"instock","10":"shipping-taxable","11":"purchasable","12":"product-type-simple","13":"entry","14":"content-bg","15":"loop-entry"},"taxonomy_info":{"product_cat":[{"value":50,"label":"Spices"}]},"featured_image_src_large":["https:\/\/sultanspices.es\/wp-content\/uploads\/2025\/02\/ProductsPIX-48-1024x1024.png",1024,1024,true],"author_info":[],"comment_info":0,"jetpack_sharing_enabled":true,"_links":{"self":[{"href":"https:\/\/sultanspices.es\/es\/wp-json\/wp\/v2\/product\/4965","targetHints":{"allow":["GET"]}}],"collection":[{"href":"https:\/\/sultanspices.es\/es\/wp-json\/wp\/v2\/product"}],"about":[{"href":"https:\/\/sultanspices.es\/es\/wp-json\/wp\/v2\/types\/product"}],"replies":[{"embeddable":true,"href":"https:\/\/sultanspices.es\/es\/wp-json\/wp\/v2\/comments?post=4965"}],"wp:featuredmedia":[{"embeddable":true,"href":"https:\/\/sultanspices.es\/es\/wp-json\/wp\/v2\/media\/5056"}],"wp:attachment":[{"href":"https:\/\/sultanspices.es\/es\/wp-json\/wp\/v2\/media?parent=4965"}],"wp:term":[{"taxonomy":"product_brand","embeddable":true,"href":"https:\/\/sultanspices.es\/es\/wp-json\/wp\/v2\/product_brand?post=4965"},{"taxonomy":"product_cat","embeddable":true,"href":"https:\/\/sultanspices.es\/es\/wp-json\/wp\/v2\/product_cat?post=4965"},{"taxonomy":"product_tag","embeddable":true,"href":"https:\/\/sultanspices.es\/es\/wp-json\/wp\/v2\/product_tag?post=4965"}],"curies":[{"name":"wp","href":"https:\/\/api.w.org\/{rel}","templated":true}]}}