{"id":4962,"date":"2025-02-16T18:23:36","date_gmt":"2025-02-16T17:23:36","guid":{"rendered":"https:\/\/sultanspices.es\/product\/farina-chakki-whole-wheat-ali-baba-5kg\/"},"modified":"2026-02-23T12:40:44","modified_gmt":"2026-02-23T11:40:44","slug":"farina-chakki-whole-wheat-ali-baba-5kg","status":"publish","type":"product","link":"https:\/\/sultanspices.es\/es\/producto\/farina-chakki-trigo-integral-ali-baba-5kg\/","title":{"rendered":"FARINA CHAKKI TRIGO INTEGRAL ALI BABA 5KG"},"content":{"rendered":"<p>Experimente el aut\u00e9ntico sabor de los panes indios tradicionales con <strong>Ali Baba Chakki Harina de trigo integral (5kg)<\/strong>. Elaborada con trigo integral 100% y molida a la piedra para preservar sus nutrientes naturales, esta harina es perfecta para preparar suaves y saludables chapatis, rotis, parathas y otros panes planos indios. Rica en fibra y nutrientes esenciales, es una opci\u00f3n m\u00e1s sana para su cocina diaria. Tanto si cocina en casa como si es un chef profesional, este paquete de 5 kg le garantiza tener siempre a mano harina de la mejor calidad. Haga ahora su pedido a Sultan Spices y disfrute del sabor de los panes indios caseros entregados en cualquier lugar de Espa\u00f1a.<\/p>\n<p><strong>Palabras clave:<\/strong> Ali Baba Chakki Flour, harina integral, harina molida a la piedra, harina chapati, harina roti, alimentaci\u00f3n india Espa\u00f1a, Sultan Spices M\u00e1laga, harina cocina sana.<\/p>","protected":false},"excerpt":{"rendered":"<p>Experimente el aut\u00e9ntico sabor de los panes indios tradicionales con la harina de trigo integral Ali Baba Chakki (5 kg). Elaborada con trigo integral 100% y molida a la piedra para preservar sus nutrientes naturales, esta harina es perfecta para elaborar suaves y saludables chapatis, rotis, parathas y otros panes planos indios. Rica en fibra y nutrientes esenciales, es una opci\u00f3n...<\/p>","protected":false},"featured_media":5060,"comment_status":"open","ping_status":"closed","template":"","meta":{"_kad_blocks_custom_css":"","_kad_blocks_head_custom_js":"","_kad_blocks_body_custom_js":"","_kad_blocks_footer_custom_js":"","_kadence_starter_templates_imported_post":false,"_kad_post_transparent":"default","_kad_post_title":"","_kad_post_layout":"default","_kad_post_sidebar_id":"","_kad_post_content_style":"default","_kad_post_vertical_padding":"default","_kad_post_feature":"","_kad_post_feature_position":"","_kad_post_header":false,"_kad_post_footer":false,"_kad_post_classname":""},"product_brand":[],"product_cat":[52],"product_tag":[],"class_list":{"0":"post-4962","1":"product","2":"type-product","3":"status-publish","4":"has-post-thumbnail","6":"product_cat-flour","8":"first","9":"outofstock","10":"shipping-taxable","11":"purchasable","12":"product-type-simple","13":"entry","14":"content-bg","15":"loop-entry"},"taxonomy_info":{"product_cat":[{"value":52,"label":"Flour"}]},"featured_image_src_large":["https:\/\/sultanspices.es\/wp-content\/uploads\/2025\/02\/ProductsPIX-50-1024x1024.png",1024,1024,true],"author_info":[],"comment_info":0,"jetpack_sharing_enabled":true,"_links":{"self":[{"href":"https:\/\/sultanspices.es\/es\/wp-json\/wp\/v2\/product\/4962","targetHints":{"allow":["GET"]}}],"collection":[{"href":"https:\/\/sultanspices.es\/es\/wp-json\/wp\/v2\/product"}],"about":[{"href":"https:\/\/sultanspices.es\/es\/wp-json\/wp\/v2\/types\/product"}],"replies":[{"embeddable":true,"href":"https:\/\/sultanspices.es\/es\/wp-json\/wp\/v2\/comments?post=4962"}],"wp:featuredmedia":[{"embeddable":true,"href":"https:\/\/sultanspices.es\/es\/wp-json\/wp\/v2\/media\/5060"}],"wp:attachment":[{"href":"https:\/\/sultanspices.es\/es\/wp-json\/wp\/v2\/media?parent=4962"}],"wp:term":[{"taxonomy":"product_brand","embeddable":true,"href":"https:\/\/sultanspices.es\/es\/wp-json\/wp\/v2\/product_brand?post=4962"},{"taxonomy":"product_cat","embeddable":true,"href":"https:\/\/sultanspices.es\/es\/wp-json\/wp\/v2\/product_cat?post=4962"},{"taxonomy":"product_tag","embeddable":true,"href":"https:\/\/sultanspices.es\/es\/wp-json\/wp\/v2\/product_tag?post=4962"}],"curies":[{"name":"wp","href":"https:\/\/api.w.org\/{rel}","templated":true}]}}