{"id":4958,"date":"2025-02-16T18:23:34","date_gmt":"2025-02-16T17:23:34","guid":{"rendered":"https:\/\/sultanspices.es\/product\/dry-cake-300-g\/"},"modified":"2026-02-23T12:40:44","modified_gmt":"2026-02-23T11:40:44","slug":"dry-cake-300-g","status":"publish","type":"product","link":"https:\/\/sultanspices.es\/es\/producto\/dry-cake-300-g\/","title":{"rendered":"PASTEL SECO 300 G"},"content":{"rendered":"<p>Satisfaga sus antojos de dulce con <strong>Pastel seco Britannia (300 g)<\/strong>Un tentempi\u00e9 delicioso y pr\u00e1ctico, perfecto para cualquier momento del d\u00eda. Este pastel seco listo para comer es suave, sabroso y ligeramente azucarado, por lo que es ideal para el desayuno, la merienda o como postre r\u00e1pido. Tanto si est\u00e1 en casa, en el trabajo o de viaje, el Pastel Seco Britannia le ofrece una forma deliciosa y sin complicaciones de disfrutar de un bocado dulce. Envasado en un paquete de 300 g, es ideal para compartir o darse un capricho en solitario. P\u00eddalo ahora a Sultan Spices y disfrute de este sabroso tentempi\u00e9 entregado en cualquier lugar de Espa\u00f1a.<\/p>\n<p><strong>Palabras clave:<\/strong> Britannia Dry Cake, pastel listo para comer, aperitivos dulces, golosinas para la hora del t\u00e9, aperitivos indios Espa\u00f1a, Sultan Spices M\u00e1laga, postres convenientes.<\/p>","protected":false},"excerpt":{"rendered":"<p>Satisfaga sus antojos de dulce con el Pastel Seco Britannia (300 g), un delicioso y pr\u00e1ctico tentempi\u00e9 perfecto para cualquier momento del d\u00eda. Este pastel seco listo para comer es suave, sabroso y ligeramente azucarado, por lo que es ideal para el desayuno, la merienda o como postre r\u00e1pido. Tanto si est\u00e1 en casa, en el trabajo o de viaje, Britannia...<\/p>","protected":false},"featured_media":5065,"comment_status":"open","ping_status":"closed","template":"","meta":{"_kad_blocks_custom_css":"","_kad_blocks_head_custom_js":"","_kad_blocks_body_custom_js":"","_kad_blocks_footer_custom_js":"","_kadence_starter_templates_imported_post":false,"_kad_post_transparent":"default","_kad_post_title":"","_kad_post_layout":"default","_kad_post_sidebar_id":"","_kad_post_content_style":"default","_kad_post_vertical_padding":"default","_kad_post_feature":"","_kad_post_feature_position":"","_kad_post_header":false,"_kad_post_footer":false,"_kad_post_classname":""},"product_brand":[],"product_cat":[56],"product_tag":[],"class_list":{"0":"post-4958","1":"product","2":"type-product","3":"status-publish","4":"has-post-thumbnail","6":"product_cat-indian-snacks","8":"first","9":"outofstock","10":"shipping-taxable","11":"purchasable","12":"product-type-simple","13":"entry","14":"content-bg","15":"loop-entry"},"taxonomy_info":{"product_cat":[{"value":56,"label":"Snacks"}]},"featured_image_src_large":["https:\/\/sultanspices.es\/wp-content\/uploads\/2025\/02\/ProductsPIX-53-1024x1024.png",1024,1024,true],"author_info":[],"comment_info":0,"jetpack_sharing_enabled":true,"_links":{"self":[{"href":"https:\/\/sultanspices.es\/es\/wp-json\/wp\/v2\/product\/4958","targetHints":{"allow":["GET"]}}],"collection":[{"href":"https:\/\/sultanspices.es\/es\/wp-json\/wp\/v2\/product"}],"about":[{"href":"https:\/\/sultanspices.es\/es\/wp-json\/wp\/v2\/types\/product"}],"replies":[{"embeddable":true,"href":"https:\/\/sultanspices.es\/es\/wp-json\/wp\/v2\/comments?post=4958"}],"wp:featuredmedia":[{"embeddable":true,"href":"https:\/\/sultanspices.es\/es\/wp-json\/wp\/v2\/media\/5065"}],"wp:attachment":[{"href":"https:\/\/sultanspices.es\/es\/wp-json\/wp\/v2\/media?parent=4958"}],"wp:term":[{"taxonomy":"product_brand","embeddable":true,"href":"https:\/\/sultanspices.es\/es\/wp-json\/wp\/v2\/product_brand?post=4958"},{"taxonomy":"product_cat","embeddable":true,"href":"https:\/\/sultanspices.es\/es\/wp-json\/wp\/v2\/product_cat?post=4958"},{"taxonomy":"product_tag","embeddable":true,"href":"https:\/\/sultanspices.es\/es\/wp-json\/wp\/v2\/product_tag?post=4958"}],"curies":[{"name":"wp","href":"https:\/\/api.w.org\/{rel}","templated":true}]}}