{"id":4957,"date":"2025-02-16T18:23:32","date_gmt":"2025-02-16T17:23:32","guid":{"rendered":"https:\/\/sultanspices.es\/product\/datteri-natural-ali-baba-1kg\/"},"modified":"2026-02-23T12:40:42","modified_gmt":"2026-02-23T11:40:42","slug":"dates-natural-ali-baba-1kg","status":"publish","type":"product","link":"https:\/\/sultanspices.es\/es\/producto\/datiles-naturales-ali-baba-1kg\/","title":{"rendered":"DATTERI ALI BABA NATURAL 1KG"},"content":{"rendered":"<p>Disfrute de la dulzura natural y la rica nutrici\u00f3n de <strong>Ali Baba D\u00e1tiles Naturales (1kg)<\/strong>. Estos d\u00e1tiles de primera calidad son suaves, jugosos y est\u00e1n repletos de vitaminas, minerales y fibra esenciales, lo que los convierte en un tentempi\u00e9 sano y delicioso para cualquier momento del d\u00eda. Perfectos para a\u00f1adir a postres, batidos o incluso platos salados, estos d\u00e1tiles son un ingrediente vers\u00e1til en su cocina. Tanto si busca un r\u00e1pido aporte de energ\u00eda como un edulcorante natural, los d\u00e1tiles naturales Ali Baba son la elecci\u00f3n perfecta. P\u00eddalos ahora a Sultan Spices y disfrute de esta delicia saludable entregada en cualquier lugar de Espa\u00f1a.<\/p>\n<p><strong>Palabras clave:<\/strong> Ali Baba Natural Dates, d\u00e1tiles naturales, tentempi\u00e9s saludables, d\u00e1tiles dulces, d\u00e1tiles nutritivos, Sultan Spices M\u00e1laga, comestibles indios Espa\u00f1a, d\u00e1tiles para cocinar.<\/p>","protected":false},"excerpt":{"rendered":"<p>Disfrute de la dulzura natural y la rica nutrici\u00f3n de los D\u00e1tiles Naturales Ali Baba (1kg). Estos d\u00e1tiles de primera calidad son suaves, jugosos y est\u00e1n repletos de vitaminas esenciales, minerales y fibra, lo que los convierte en un tentempi\u00e9 saludable y delicioso para cualquier momento del d\u00eda. Perfectos para a\u00f1adir a postres, batidos o incluso platos salados, estos d\u00e1tiles son un ingrediente vers\u00e1til...<\/p>","protected":false},"featured_media":5068,"comment_status":"open","ping_status":"closed","template":"","meta":{"_kad_blocks_custom_css":"","_kad_blocks_head_custom_js":"","_kad_blocks_body_custom_js":"","_kad_blocks_footer_custom_js":"","_kadence_starter_templates_imported_post":false,"_kad_post_transparent":"default","_kad_post_title":"","_kad_post_layout":"default","_kad_post_sidebar_id":"","_kad_post_content_style":"default","_kad_post_vertical_padding":"default","_kad_post_feature":"","_kad_post_feature_position":"","_kad_post_header":false,"_kad_post_footer":false,"_kad_post_classname":""},"product_brand":[],"product_cat":[60],"product_tag":[],"class_list":{"0":"post-4957","1":"product","2":"type-product","3":"status-publish","4":"has-post-thumbnail","6":"product_cat-dry-fruits","8":"first","9":"instock","10":"shipping-taxable","11":"purchasable","12":"product-type-simple","13":"entry","14":"content-bg","15":"loop-entry"},"taxonomy_info":{"product_cat":[{"value":60,"label":"Dry Fruits"}]},"featured_image_src_large":["https:\/\/sultanspices.es\/wp-content\/uploads\/2025\/02\/ProductsPIX-54-1024x1024.png",1024,1024,true],"author_info":[],"comment_info":0,"jetpack_sharing_enabled":true,"_links":{"self":[{"href":"https:\/\/sultanspices.es\/es\/wp-json\/wp\/v2\/product\/4957","targetHints":{"allow":["GET"]}}],"collection":[{"href":"https:\/\/sultanspices.es\/es\/wp-json\/wp\/v2\/product"}],"about":[{"href":"https:\/\/sultanspices.es\/es\/wp-json\/wp\/v2\/types\/product"}],"replies":[{"embeddable":true,"href":"https:\/\/sultanspices.es\/es\/wp-json\/wp\/v2\/comments?post=4957"}],"wp:featuredmedia":[{"embeddable":true,"href":"https:\/\/sultanspices.es\/es\/wp-json\/wp\/v2\/media\/5068"}],"wp:attachment":[{"href":"https:\/\/sultanspices.es\/es\/wp-json\/wp\/v2\/media?parent=4957"}],"wp:term":[{"taxonomy":"product_brand","embeddable":true,"href":"https:\/\/sultanspices.es\/es\/wp-json\/wp\/v2\/product_brand?post=4957"},{"taxonomy":"product_cat","embeddable":true,"href":"https:\/\/sultanspices.es\/es\/wp-json\/wp\/v2\/product_cat?post=4957"},{"taxonomy":"product_tag","embeddable":true,"href":"https:\/\/sultanspices.es\/es\/wp-json\/wp\/v2\/product_tag?post=4957"}],"curies":[{"name":"wp","href":"https:\/\/api.w.org\/{rel}","templated":true}]}}