{"id":4956,"date":"2025-02-16T18:23:31","date_gmt":"2025-02-16T17:23:31","guid":{"rendered":"https:\/\/sultanspices.es\/product\/custard-ahmed-mix-fruit-285g\/"},"modified":"2026-02-23T12:40:41","modified_gmt":"2026-02-23T11:40:41","slug":"custard-ahmed-mix-fruit-285g","status":"publish","type":"product","link":"https:\/\/sultanspices.es\/es\/producto\/natillas-ahmed-mix-fruta-285g\/","title":{"rendered":"NATILLAS AHMED MIX FRUTA 285G"},"content":{"rendered":"<p>Cree un postre delicioso y refrescante con <strong>Flan de Frutas Ahmed Mix (285g)<\/strong>una vers\u00e1til mezcla de natillas que combina los sabores de m\u00faltiples frutas para conseguir un capricho tropical. Estas natillas f\u00e1ciles de preparar son perfectas para a\u00f1adir un toque cremoso y afrutado a sus postres: s\u00f3lo tiene que mezclarlas con leche, a\u00f1adir sus frutas favoritas y enfriar. Ideal para fiestas, reuniones familiares o como dulce final de una comida, esta mezcla de natillas de frutas gusta tanto a ni\u00f1os como a adultos. P\u00eddalo ahora a Sultan Spices y disfrute de esta deliciosa mezcla para postres entregada en cualquier lugar de Espa\u00f1a.<\/p>\n<p><strong>Palabras clave:<\/strong> Ahmed Mix Fruit Custard, mix fruit custard, fruity dessert mix, postre r\u00e1pido, natillas indias, Sultan Spices M\u00e1laga, tienda de alimentaci\u00f3n india Espa\u00f1a, recetas de postres f\u00e1ciles.<\/p>\n<hr \/>","protected":false},"excerpt":{"rendered":"<p>Cree un postre delicioso y refrescante con Ahmed Mix Fruit Custard (285 g), una vers\u00e1til mezcla de natillas que combina los sabores de m\u00faltiples frutas para conseguir un capricho tropical. Estas natillas f\u00e1ciles de preparar son perfectas para a\u00f1adir un toque cremoso y afrutado a sus postres: s\u00f3lo tiene que mezclarlas con leche, a\u00f1adir sus frutas favoritas y enfriar. Ideal para fiestas, reuniones familiares,...<\/p>","protected":false},"featured_media":5071,"comment_status":"open","ping_status":"closed","template":"","meta":{"_kad_blocks_custom_css":"","_kad_blocks_head_custom_js":"","_kad_blocks_body_custom_js":"","_kad_blocks_footer_custom_js":"","_kadence_starter_templates_imported_post":false,"_kad_post_transparent":"default","_kad_post_title":"","_kad_post_layout":"default","_kad_post_sidebar_id":"","_kad_post_content_style":"default","_kad_post_vertical_padding":"default","_kad_post_feature":"","_kad_post_feature_position":"","_kad_post_header":false,"_kad_post_footer":false,"_kad_post_classname":""},"product_brand":[],"product_cat":[48],"product_tag":[],"class_list":{"0":"post-4956","1":"product","2":"type-product","3":"status-publish","4":"has-post-thumbnail","6":"product_cat-dessert-mixes-for-indian-sweets","8":"first","9":"instock","10":"shipping-taxable","11":"purchasable","12":"product-type-simple","13":"entry","14":"content-bg","15":"loop-entry"},"taxonomy_info":{"product_cat":[{"value":48,"label":"Dessert Mixes for Indian Sweets"}]},"featured_image_src_large":["https:\/\/sultanspices.es\/wp-content\/uploads\/2025\/02\/ProductsPIX-56-1024x1024.png",1024,1024,true],"author_info":[],"comment_info":0,"jetpack_sharing_enabled":true,"_links":{"self":[{"href":"https:\/\/sultanspices.es\/es\/wp-json\/wp\/v2\/product\/4956","targetHints":{"allow":["GET"]}}],"collection":[{"href":"https:\/\/sultanspices.es\/es\/wp-json\/wp\/v2\/product"}],"about":[{"href":"https:\/\/sultanspices.es\/es\/wp-json\/wp\/v2\/types\/product"}],"replies":[{"embeddable":true,"href":"https:\/\/sultanspices.es\/es\/wp-json\/wp\/v2\/comments?post=4956"}],"wp:featuredmedia":[{"embeddable":true,"href":"https:\/\/sultanspices.es\/es\/wp-json\/wp\/v2\/media\/5071"}],"wp:attachment":[{"href":"https:\/\/sultanspices.es\/es\/wp-json\/wp\/v2\/media?parent=4956"}],"wp:term":[{"taxonomy":"product_brand","embeddable":true,"href":"https:\/\/sultanspices.es\/es\/wp-json\/wp\/v2\/product_brand?post=4956"},{"taxonomy":"product_cat","embeddable":true,"href":"https:\/\/sultanspices.es\/es\/wp-json\/wp\/v2\/product_cat?post=4956"},{"taxonomy":"product_tag","embeddable":true,"href":"https:\/\/sultanspices.es\/es\/wp-json\/wp\/v2\/product_tag?post=4956"}],"curies":[{"name":"wp","href":"https:\/\/api.w.org\/{rel}","templated":true}]}}