{"id":4955,"date":"2025-02-16T18:23:31","date_gmt":"2025-02-16T17:23:31","guid":{"rendered":"https:\/\/sultanspices.es\/product\/custard-ahmed-mango-285g\/"},"modified":"2026-03-02T19:32:54","modified_gmt":"2026-03-02T18:32:54","slug":"custard-ahmed-mango-285g","status":"publish","type":"product","link":"https:\/\/sultanspices.es\/es\/producto\/natillas-ahmed-mango-285g\/","title":{"rendered":"NATILLAS AHMED MANGO 285G"},"content":{"rendered":"<p>Del\u00e9itese con el sabor tropical de <strong>Natillas de mango Ahmed (285 g)<\/strong>Una mezcla para postres r\u00e1pida y f\u00e1cil que lleva el sabor dulce y \u00e1cido del mango a su mesa. Estas cremosas natillas son perfectas para crear deliciosos postres en cuesti\u00f3n de minutos: basta con a\u00f1adir leche y dejar enfriar para obtener un postre refrescante. Tanto si es el anfitri\u00f3n de una fiesta como si le apetece darse un capricho dulce, Ahmed Mango Custard es un \u00e9xito de p\u00fablico para todas las edades. Con su rico sabor a mango y su suave textura, es un postre imprescindible para los amantes de los postres. P\u00eddalo ahora a Sultan Spices y disfrute de esta deliciosa mezcla de natillas entregada en cualquier lugar de Espa\u00f1a.<\/p>\n<p><strong>Palabras clave:<\/strong> Ahmed Natillas de Mango, mezcla para natillas de mango, postre r\u00e1pido, postre de mango, natillas indias, Sultan Spices M\u00e1laga, ultramarinos indios Espa\u00f1a, recetas de postres f\u00e1ciles.<\/p>","protected":false},"excerpt":{"rendered":"<p>Del\u00e9itese con el sabor tropical de Ahmed Mango Custard (285 g), una mezcla para postres r\u00e1pida y f\u00e1cil que lleva el sabor dulce y \u00e1cido del mango a su mesa. Estas cremosas natillas son perfectas para crear deliciosos postres en cuesti\u00f3n de minutos: s\u00f3lo tiene que a\u00f1adir leche y dejar enfriar para disfrutar de un postre refrescante. Tanto si organiza una fiesta como si le apetece...<\/p>","protected":false},"featured_media":5069,"comment_status":"open","ping_status":"closed","template":"","meta":{"_kad_blocks_custom_css":"","_kad_blocks_head_custom_js":"","_kad_blocks_body_custom_js":"","_kad_blocks_footer_custom_js":"","_kadence_starter_templates_imported_post":false,"_kad_post_transparent":"default","_kad_post_title":"","_kad_post_layout":"default","_kad_post_sidebar_id":"","_kad_post_content_style":"default","_kad_post_vertical_padding":"default","_kad_post_feature":"","_kad_post_feature_position":"","_kad_post_header":false,"_kad_post_footer":false,"_kad_post_classname":""},"product_brand":[],"product_cat":[48],"product_tag":[],"class_list":{"0":"post-4955","1":"product","2":"type-product","3":"status-publish","4":"has-post-thumbnail","6":"product_cat-dessert-mixes-for-indian-sweets","8":"first","9":"outofstock","10":"shipping-taxable","11":"purchasable","12":"product-type-simple","13":"entry","14":"content-bg","15":"loop-entry"},"taxonomy_info":{"product_cat":[{"value":48,"label":"Dessert Mixes for Indian Sweets"}]},"featured_image_src_large":["https:\/\/sultanspices.es\/wp-content\/uploads\/2025\/02\/ProductsPIX-55-1024x1024.png",1024,1024,true],"author_info":[],"comment_info":0,"jetpack_sharing_enabled":true,"_links":{"self":[{"href":"https:\/\/sultanspices.es\/es\/wp-json\/wp\/v2\/product\/4955","targetHints":{"allow":["GET"]}}],"collection":[{"href":"https:\/\/sultanspices.es\/es\/wp-json\/wp\/v2\/product"}],"about":[{"href":"https:\/\/sultanspices.es\/es\/wp-json\/wp\/v2\/types\/product"}],"replies":[{"embeddable":true,"href":"https:\/\/sultanspices.es\/es\/wp-json\/wp\/v2\/comments?post=4955"}],"wp:featuredmedia":[{"embeddable":true,"href":"https:\/\/sultanspices.es\/es\/wp-json\/wp\/v2\/media\/5069"}],"wp:attachment":[{"href":"https:\/\/sultanspices.es\/es\/wp-json\/wp\/v2\/media?parent=4955"}],"wp:term":[{"taxonomy":"product_brand","embeddable":true,"href":"https:\/\/sultanspices.es\/es\/wp-json\/wp\/v2\/product_brand?post=4955"},{"taxonomy":"product_cat","embeddable":true,"href":"https:\/\/sultanspices.es\/es\/wp-json\/wp\/v2\/product_cat?post=4955"},{"taxonomy":"product_tag","embeddable":true,"href":"https:\/\/sultanspices.es\/es\/wp-json\/wp\/v2\/product_tag?post=4955"}],"curies":[{"name":"wp","href":"https:\/\/api.w.org\/{rel}","templated":true}]}}