{"id":4954,"date":"2025-02-16T18:23:30","date_gmt":"2025-02-16T17:23:30","guid":{"rendered":"https:\/\/sultanspices.es\/product\/custard-ahmed-banana-285g\/"},"modified":"2026-02-23T12:40:41","modified_gmt":"2026-02-23T11:40:41","slug":"custard-ahmed-banana-285g","status":"publish","type":"product","link":"https:\/\/sultanspices.es\/es\/producto\/natillas-ahmed-platano-285g\/","title":{"rendered":"NATILLAS AHMED PL\u00c1TANO 285G"},"content":{"rendered":"<p>Del\u00e9itese con la dulzura y cremosidad de Ahmed Banana Custard (285 g), una deliciosa mezcla para postres que lleva el rico sabor del pl\u00e1tano a su mesa. Perfecta para crear postres r\u00e1pidos y f\u00e1ciles, esta mezcla de natillas es ideal para satisfacer sus antojos dulces o impresionar a sus invitados en fiestas. S\u00f3lo tiene que mezclar con leche, enfriar y disfrutar de un suave postre con sabor a pl\u00e1tano que gusta tanto a ni\u00f1os como a adultos. Tanto si lo sirve solo como con frutas o frutos secos, Ahmed Banana Custard es un postre imprescindible para los amantes de los dulces. P\u00eddalo ahora a Sultan Spices y disfrute de esta deliciosa mezcla de natillas entregada en cualquier lugar de Espa\u00f1a.,Ahmed Banana Custard, mezcla de natillas de pl\u00e1tano, postre r\u00e1pido, postre de pl\u00e1tano, natillas indias, Sultan Spices M\u00e1laga, ultramarinos indios Espa\u00f1a, recetas f\u00e1ciles de postres.,Del\u00e9itese con la dulzura y cremosidad de Ahmed Banana Custard (285g), una deliciosa mezcla de postres que lleva el rico sabor del pl\u00e1tano a su mesa. Perfecto <strong>Ahmed Banana Custard (285g)<\/strong>, a delightful dessert mix that brings the rich flavor of bananas to your table. Perfect for creating quick and easy desserts, this custard mix is ideal for satisfying your sweet cravings or impressing guests at parties. Simply mix with milk, chill, and enjoy a smooth, banana-flavored treat that\u2019s loved by both kids and adults. Whether you\u2019re serving it plain or topped with fruits and nuts, Ahmed Banana Custard is a must-have for dessert lovers. Order now from Sultan Spices and enjoy this delicious custard mix delivered anywhere in Spain.<\/p>\n<p><strong>Palabras clave:<\/strong> Ahmed Banana Custard, banana custard mix, quick dessert, banana dessert, Indian custard, Sultan Spices M\u00e1laga, Indian grocery Spain, easy dessert recipes.<\/p>","protected":false},"excerpt":{"rendered":"<p>Del\u00e9itese con la dulzura y cremosidad de Ahmed Banana Custard (285 g), una deliciosa mezcla para postres que lleva el rico sabor del pl\u00e1tano a su mesa. Perfecta para crear postres r\u00e1pidos y f\u00e1ciles, esta mezcla de natillas es ideal para satisfacer sus antojos dulces o impresionar a sus invitados en fiestas. Basta con mezclar con leche, enfriar y...<\/p>","protected":false},"featured_media":5073,"comment_status":"open","ping_status":"closed","template":"","meta":{"_kad_blocks_custom_css":"","_kad_blocks_head_custom_js":"","_kad_blocks_body_custom_js":"","_kad_blocks_footer_custom_js":"","_kadence_starter_templates_imported_post":false,"_kad_post_transparent":"default","_kad_post_title":"","_kad_post_layout":"default","_kad_post_sidebar_id":"","_kad_post_content_style":"default","_kad_post_vertical_padding":"default","_kad_post_feature":"","_kad_post_feature_position":"","_kad_post_header":false,"_kad_post_footer":false,"_kad_post_classname":""},"product_brand":[],"product_cat":[48],"product_tag":[],"class_list":{"0":"post-4954","1":"product","2":"type-product","3":"status-publish","4":"has-post-thumbnail","6":"product_cat-dessert-mixes-for-indian-sweets","8":"first","9":"instock","10":"shipping-taxable","11":"purchasable","12":"product-type-simple","13":"entry","14":"content-bg","15":"loop-entry"},"taxonomy_info":{"product_cat":[{"value":48,"label":"Dessert Mixes for Indian Sweets"}]},"featured_image_src_large":["https:\/\/sultanspices.es\/wp-content\/uploads\/2025\/02\/ProductsPIX-57-1024x1024.png",1024,1024,true],"author_info":[],"comment_info":0,"jetpack_sharing_enabled":true,"_links":{"self":[{"href":"https:\/\/sultanspices.es\/es\/wp-json\/wp\/v2\/product\/4954","targetHints":{"allow":["GET"]}}],"collection":[{"href":"https:\/\/sultanspices.es\/es\/wp-json\/wp\/v2\/product"}],"about":[{"href":"https:\/\/sultanspices.es\/es\/wp-json\/wp\/v2\/types\/product"}],"replies":[{"embeddable":true,"href":"https:\/\/sultanspices.es\/es\/wp-json\/wp\/v2\/comments?post=4954"}],"wp:featuredmedia":[{"embeddable":true,"href":"https:\/\/sultanspices.es\/es\/wp-json\/wp\/v2\/media\/5073"}],"wp:attachment":[{"href":"https:\/\/sultanspices.es\/es\/wp-json\/wp\/v2\/media?parent=4954"}],"wp:term":[{"taxonomy":"product_brand","embeddable":true,"href":"https:\/\/sultanspices.es\/es\/wp-json\/wp\/v2\/product_brand?post=4954"},{"taxonomy":"product_cat","embeddable":true,"href":"https:\/\/sultanspices.es\/es\/wp-json\/wp\/v2\/product_cat?post=4954"},{"taxonomy":"product_tag","embeddable":true,"href":"https:\/\/sultanspices.es\/es\/wp-json\/wp\/v2\/product_tag?post=4954"}],"curies":[{"name":"wp","href":"https:\/\/api.w.org\/{rel}","templated":true}]}}