{"id":4951,"date":"2025-02-16T18:23:27","date_gmt":"2025-02-16T17:23:27","guid":{"rendered":"https:\/\/sultanspices.es\/product\/couscous-tayba-fine-12x1kg\/"},"modified":"2026-04-08T00:00:23","modified_gmt":"2026-04-07T22:00:23","slug":"couscous-tayba-fine1kg","status":"publish","type":"product","link":"https:\/\/sultanspices.es\/es\/producto\/cuscus-tayba-fino1kg\/","title":{"rendered":"CUSC\u00daS TAYBA FINO 1KG"},"content":{"rendered":"<p>Disfrute de la textura ligera y delicada de <strong>Cusc\u00fas fino Tayba (1kg)<\/strong>es un grano vers\u00e1til y de cocci\u00f3n r\u00e1pida, perfecto para una gran variedad de platos. Este fino cusc\u00fas es ideal para crear esponjosas ensaladas, sabrosas guarniciones o incluso como base para guisos y currys. Su r\u00e1pida preparaci\u00f3n lo convierte en un ingrediente indispensable para las noches de semana ajetreadas o las comidas de \u00faltima hora. Tanto si explora la cocina mediterr\u00e1nea como si quiere dar un giro a sus recetas favoritas, el cusc\u00fas fino Tayba le ofrece calidad y comodidad. P\u00eddalo ahora a Sultan Spices y reciba este producto b\u00e1sico de cocina en cualquier lugar de Espa\u00f1a.<\/p>\n<p><strong>Palabras clave:<\/strong> Cusc\u00fas fino Tayba, cusc\u00fas fino Espa\u00f1a, cusc\u00fas de cocci\u00f3n r\u00e1pida, cusc\u00fas vers\u00e1til, cusc\u00fas mediterr\u00e1neo, Sultan Spices M\u00e1laga, comestibles indios Espa\u00f1a, guarniciones saludables.<\/p>","protected":false},"excerpt":{"rendered":"<p>Disfrute de la textura ligera y delicada del cusc\u00fas fino Tayba (1 kg), un grano vers\u00e1til y de cocci\u00f3n r\u00e1pida perfecto para una gran variedad de platos. Este cusc\u00fas fino es ideal para crear esponjosas ensaladas, sabrosas guarniciones o incluso como base para guisos y currys. Su r\u00e1pida preparaci\u00f3n lo convierte en un ingrediente...<\/p>","protected":false},"featured_media":5076,"comment_status":"open","ping_status":"closed","template":"","meta":{"_kad_blocks_custom_css":"","_kad_blocks_head_custom_js":"","_kad_blocks_body_custom_js":"","_kad_blocks_footer_custom_js":"","_kadence_starter_templates_imported_post":false,"_kad_post_transparent":"default","_kad_post_title":"","_kad_post_layout":"default","_kad_post_sidebar_id":"","_kad_post_content_style":"default","_kad_post_vertical_padding":"default","_kad_post_feature":"","_kad_post_feature_position":"","_kad_post_header":false,"_kad_post_footer":false,"_kad_post_classname":""},"product_brand":[],"product_cat":[52],"product_tag":[],"class_list":{"0":"post-4951","1":"product","2":"type-product","3":"status-publish","4":"has-post-thumbnail","6":"product_cat-flour","8":"first","9":"instock","10":"shipping-taxable","11":"purchasable","12":"product-type-simple","13":"entry","14":"content-bg","15":"loop-entry"},"taxonomy_info":{"product_cat":[{"value":52,"label":"Flour"}]},"featured_image_src_large":["https:\/\/sultanspices.es\/wp-content\/uploads\/2025\/02\/ProductsPIX-59-1024x1024.png",1024,1024,true],"author_info":[],"comment_info":0,"jetpack_sharing_enabled":true,"_links":{"self":[{"href":"https:\/\/sultanspices.es\/es\/wp-json\/wp\/v2\/product\/4951","targetHints":{"allow":["GET"]}}],"collection":[{"href":"https:\/\/sultanspices.es\/es\/wp-json\/wp\/v2\/product"}],"about":[{"href":"https:\/\/sultanspices.es\/es\/wp-json\/wp\/v2\/types\/product"}],"replies":[{"embeddable":true,"href":"https:\/\/sultanspices.es\/es\/wp-json\/wp\/v2\/comments?post=4951"}],"wp:featuredmedia":[{"embeddable":true,"href":"https:\/\/sultanspices.es\/es\/wp-json\/wp\/v2\/media\/5076"}],"wp:attachment":[{"href":"https:\/\/sultanspices.es\/es\/wp-json\/wp\/v2\/media?parent=4951"}],"wp:term":[{"taxonomy":"product_brand","embeddable":true,"href":"https:\/\/sultanspices.es\/es\/wp-json\/wp\/v2\/product_brand?post=4951"},{"taxonomy":"product_cat","embeddable":true,"href":"https:\/\/sultanspices.es\/es\/wp-json\/wp\/v2\/product_cat?post=4951"},{"taxonomy":"product_tag","embeddable":true,"href":"https:\/\/sultanspices.es\/es\/wp-json\/wp\/v2\/product_tag?post=4951"}],"curies":[{"name":"wp","href":"https:\/\/api.w.org\/{rel}","templated":true}]}}