{"id":4946,"date":"2025-02-16T18:23:23","date_gmt":"2025-02-16T17:23:23","guid":{"rendered":"https:\/\/sultanspices.es\/product\/coconut-oil-ktc-250ml\/"},"modified":"2026-02-23T12:40:39","modified_gmt":"2026-02-23T11:40:39","slug":"coconut-oil-ktc-250ml","status":"publish","type":"product","link":"https:\/\/sultanspices.es\/es\/producto\/aceite-de-coco-ktc-250ml\/","title":{"rendered":"ACEITE DE COCO KTC 250ML"},"content":{"rendered":"<p>Experimente la versatilidad y los beneficios naturales de <strong>Aceite de coco KTC (250 ml)<\/strong>El aceite de coco es un aceite puro y sin refinar, perfecto para cocinar, hornear e incluso para el cuidado de la piel. Extra\u00eddo de cocos frescos, este aceite es rico en grasas saludables y a\u00f1ade un sutil sabor tropical a sus platos. Util\u00edcelo para saltear, fre\u00edr o como alternativa sin l\u00e1cteos en reposter\u00eda. M\u00e1s all\u00e1 de la cocina, el aceite de coco KTC tambi\u00e9n es una opci\u00f3n popular para hidratar la piel y el cabello. Tanto si es un cocinero preocupado por su salud como un entusiasta de la belleza natural, esta botella de 250 ml es imprescindible en su despensa. P\u00eddalo ahora a Sultan Spices y disfrute de los beneficios del aceite de coco puro entregado en cualquier lugar de Espa\u00f1a.<\/p>\n<p><strong>Palabras clave:<\/strong> Aceite de coco KTC, aceite de coco puro, aceite de cocina natural, aceite de coco para el cuidado de la piel, aceite de cocina saludable, Sultan Spices M\u00e1laga, tienda de alimentaci\u00f3n india Espa\u00f1a, aceite de coco vers\u00e1til.<\/p>","protected":false},"excerpt":{"rendered":"<p>Experimente la versatilidad y los beneficios naturales del Aceite de Coco KTC (250ml), un aceite puro y sin refinar perfecto para cocinar, hornear e incluso para el cuidado de la piel. Extra\u00eddo de cocos frescos, este aceite es rico en grasas saludables y a\u00f1ade un sutil sabor tropical a sus platos. Util\u00edcelo para saltear, fre\u00edr o como alternativa...<\/p>","protected":false},"featured_media":5077,"comment_status":"open","ping_status":"closed","template":"","meta":{"_kad_blocks_custom_css":"","_kad_blocks_head_custom_js":"","_kad_blocks_body_custom_js":"","_kad_blocks_footer_custom_js":"","_kadence_starter_templates_imported_post":false,"_kad_post_transparent":"default","_kad_post_title":"","_kad_post_layout":"default","_kad_post_sidebar_id":"","_kad_post_content_style":"default","_kad_post_vertical_padding":"default","_kad_post_feature":"","_kad_post_feature_position":"","_kad_post_header":false,"_kad_post_footer":false,"_kad_post_classname":""},"product_brand":[],"product_cat":[62],"product_tag":[],"class_list":{"0":"post-4946","1":"product","2":"type-product","3":"status-publish","4":"has-post-thumbnail","6":"product_cat-oils","8":"first","9":"instock","10":"sale","11":"shipping-taxable","12":"purchasable","13":"product-type-simple","14":"entry","15":"content-bg","16":"loop-entry"},"taxonomy_info":{"product_cat":[{"value":62,"label":"Oils"}]},"featured_image_src_large":["https:\/\/sultanspices.es\/wp-content\/uploads\/2025\/02\/ProductsPIX-60-1024x1024.png",1024,1024,true],"author_info":[],"comment_info":0,"jetpack_sharing_enabled":true,"_links":{"self":[{"href":"https:\/\/sultanspices.es\/es\/wp-json\/wp\/v2\/product\/4946","targetHints":{"allow":["GET"]}}],"collection":[{"href":"https:\/\/sultanspices.es\/es\/wp-json\/wp\/v2\/product"}],"about":[{"href":"https:\/\/sultanspices.es\/es\/wp-json\/wp\/v2\/types\/product"}],"replies":[{"embeddable":true,"href":"https:\/\/sultanspices.es\/es\/wp-json\/wp\/v2\/comments?post=4946"}],"wp:featuredmedia":[{"embeddable":true,"href":"https:\/\/sultanspices.es\/es\/wp-json\/wp\/v2\/media\/5077"}],"wp:attachment":[{"href":"https:\/\/sultanspices.es\/es\/wp-json\/wp\/v2\/media?parent=4946"}],"wp:term":[{"taxonomy":"product_brand","embeddable":true,"href":"https:\/\/sultanspices.es\/es\/wp-json\/wp\/v2\/product_brand?post=4946"},{"taxonomy":"product_cat","embeddable":true,"href":"https:\/\/sultanspices.es\/es\/wp-json\/wp\/v2\/product_cat?post=4946"},{"taxonomy":"product_tag","embeddable":true,"href":"https:\/\/sultanspices.es\/es\/wp-json\/wp\/v2\/product_tag?post=4946"}],"curies":[{"name":"wp","href":"https:\/\/api.w.org\/{rel}","templated":true}]}}