{"id":4935,"date":"2025-02-16T18:23:17","date_gmt":"2025-02-16T17:23:17","guid":{"rendered":"https:\/\/sultanspices.es\/product\/alsilinseed-ali-baba-800g\/"},"modified":"2026-04-08T00:00:21","modified_gmt":"2026-04-07T22:00:21","slug":"alsilinseed-ali-baba-800g","status":"publish","type":"product","link":"https:\/\/sultanspices.es\/es\/producto\/alsilinseed-ali-baba-800g\/","title":{"rendered":"ALSI(LINAZA) ALI BABA 800G"},"content":{"rendered":"<p>Mejore su salud y a\u00f1ada un toque nutricional a sus comidas con <strong>Ali Baba Alsi (Linaza) 800g<\/strong>. Estas semillas de lino de color marr\u00f3n dorado son una fuente de \u00e1cidos grasos omega-3, fibra y nutrientes esenciales, por lo que son un complemento perfecto para su dieta diaria. Espolvor\u00e9elas sobre ensaladas, m\u00e9zclelas en batidos o util\u00edcelas en reposter\u00eda para darle un toque saludable. Conocidas por sus numerosos beneficios para la salud, entre ellos el apoyo a la salud del coraz\u00f3n y la digesti\u00f3n, las semillas de lino Ali Baba son imprescindibles para las personas preocupadas por su salud. P\u00eddalas ahora a Sultan Spices y disfrute de las bondades de las semillas de lino en cualquier lugar de Espa\u00f1a.<\/p>\n<p><strong>Palabras clave:<\/strong> Ali Baba Alsi, linaza Espa\u00f1a, semillas de lino, semillas omega-3, ingredientes saludables para cocinar, Sultan Spices M\u00e1laga, comestibles indios Espa\u00f1a, semillas ricas en nutrientes.<\/p>","protected":false},"excerpt":{"rendered":"<p>Aumente su salud y a\u00f1ada un toque nutritivo a sus comidas con Ali Baba Alsi (semillas de lino) 800 g. Estas semillas de lino de color marr\u00f3n dorado son una fuente de \u00e1cidos grasos omega-3, fibra y nutrientes esenciales, por lo que son un complemento perfecto para su dieta diaria. Espolvor\u00e9elas sobre ensaladas, m\u00e9zclelas en batidos o util\u00edcelas en reposter\u00eda para...<\/p>","protected":false},"featured_media":5079,"comment_status":"open","ping_status":"closed","template":"","meta":{"_kad_blocks_custom_css":"","_kad_blocks_head_custom_js":"","_kad_blocks_body_custom_js":"","_kad_blocks_footer_custom_js":"","_kadence_starter_templates_imported_post":false,"_kad_post_transparent":"default","_kad_post_title":"","_kad_post_layout":"default","_kad_post_sidebar_id":"","_kad_post_content_style":"default","_kad_post_vertical_padding":"default","_kad_post_feature":"","_kad_post_feature_position":"","_kad_post_header":false,"_kad_post_footer":false,"_kad_post_classname":""},"product_brand":[],"product_cat":[50,47,15],"product_tag":[],"class_list":{"0":"post-4935","1":"product","2":"type-product","3":"status-publish","4":"has-post-thumbnail","6":"product_cat-spices","7":"product_cat-lentils","8":"product_cat-indian-items","10":"first","11":"instock","12":"shipping-taxable","13":"purchasable","14":"product-type-simple","15":"entry","16":"content-bg","17":"loop-entry"},"taxonomy_info":{"product_cat":[{"value":50,"label":"Spices"},{"value":47,"label":"Lentils"},{"value":15,"label":"Other Indian Items"}]},"featured_image_src_large":["https:\/\/sultanspices.es\/wp-content\/uploads\/2025\/02\/ProductsPIX-61-1024x1024.png",1024,1024,true],"author_info":[],"comment_info":0,"jetpack_sharing_enabled":true,"_links":{"self":[{"href":"https:\/\/sultanspices.es\/es\/wp-json\/wp\/v2\/product\/4935","targetHints":{"allow":["GET"]}}],"collection":[{"href":"https:\/\/sultanspices.es\/es\/wp-json\/wp\/v2\/product"}],"about":[{"href":"https:\/\/sultanspices.es\/es\/wp-json\/wp\/v2\/types\/product"}],"replies":[{"embeddable":true,"href":"https:\/\/sultanspices.es\/es\/wp-json\/wp\/v2\/comments?post=4935"}],"wp:featuredmedia":[{"embeddable":true,"href":"https:\/\/sultanspices.es\/es\/wp-json\/wp\/v2\/media\/5079"}],"wp:attachment":[{"href":"https:\/\/sultanspices.es\/es\/wp-json\/wp\/v2\/media?parent=4935"}],"wp:term":[{"taxonomy":"product_brand","embeddable":true,"href":"https:\/\/sultanspices.es\/es\/wp-json\/wp\/v2\/product_brand?post=4935"},{"taxonomy":"product_cat","embeddable":true,"href":"https:\/\/sultanspices.es\/es\/wp-json\/wp\/v2\/product_cat?post=4935"},{"taxonomy":"product_tag","embeddable":true,"href":"https:\/\/sultanspices.es\/es\/wp-json\/wp\/v2\/product_tag?post=4935"}],"curies":[{"name":"wp","href":"https:\/\/api.w.org\/{rel}","templated":true}]}}