{"id":4934,"date":"2025-02-16T18:23:16","date_gmt":"2025-02-16T17:23:16","guid":{"rendered":"https:\/\/sultanspices.es\/product\/ali-baba-light-medium-flour-10kg-ita\/"},"modified":"2025-10-20T21:08:02","modified_gmt":"2025-10-20T19:08:02","slug":"ali-baba-light-medium-flour-10kg-ita","status":"publish","type":"product","link":"https:\/\/sultanspices.es\/es\/producto\/ali-baba-harina-ligera-media-10kg-ita\/","title":{"rendered":"ALI BABA HARINA LIGERA MEDIANA 10KG ITA"},"content":{"rendered":"<p>Mejore su cocina con <strong>Harina mediana ligera Ali Baba (10kg)<\/strong>una harina vers\u00e1til y de alta calidad perfecta para una amplia gama de recetas. Ya sea para hornear pan, hacer pasta o preparar platos tradicionales, esta harina ofrece resultados uniformes gracias a su textura y ligereza ideales. Su fuerza media la hace adecuada tanto para la cocina diaria como para el uso profesional. Envasada en un pr\u00e1ctico saco de 10 kg, es perfecta para familias, panader\u00edas o cualquier persona a la que le guste cocinar a granel. P\u00eddalo ahora a Sultan Spices y disfrute de este ingrediente de cocina esencial entregado en cualquier lugar de Espa\u00f1a.<\/p>\n<p><strong>Palabras clave:<\/strong> Ali Baba Light Medium Flour, harina vers\u00e1til, harina panadera, harina para cocinar, harina a granel Espa\u00f1a, Sultan Spices M\u00e1laga, ultramarinos indios Espa\u00f1a, harina panadera profesional.<\/p>","protected":false},"excerpt":{"rendered":"<p>Mejore su reposter\u00eda y cocina con Ali Baba Light Medium Flour (10 kg), una harina vers\u00e1til y de alta calidad perfecta para una amplia gama de recetas. Ya sea para hornear pan, hacer pasta o preparar platos tradicionales, esta harina ofrece resultados uniformes con su textura y ligereza ideales. Su fuerza media la hace adecuada tanto para la cocina diaria...<\/p>","protected":false},"featured_media":5080,"comment_status":"open","ping_status":"closed","template":"","meta":{"_kad_blocks_custom_css":"","_kad_blocks_head_custom_js":"","_kad_blocks_body_custom_js":"","_kad_blocks_footer_custom_js":"","_kadence_starter_templates_imported_post":false,"_kad_post_transparent":"default","_kad_post_title":"","_kad_post_layout":"default","_kad_post_sidebar_id":"","_kad_post_content_style":"default","_kad_post_vertical_padding":"default","_kad_post_feature":"","_kad_post_feature_position":"","_kad_post_header":false,"_kad_post_footer":false,"_kad_post_classname":""},"product_brand":[],"product_cat":[52],"product_tag":[],"class_list":{"0":"post-4934","1":"product","2":"type-product","3":"status-publish","4":"has-post-thumbnail","6":"product_cat-flour","8":"first","9":"outofstock","10":"shipping-taxable","11":"purchasable","12":"product-type-simple","13":"entry","14":"content-bg","15":"loop-entry"},"taxonomy_info":{"product_cat":[{"value":52,"label":"Flour"}]},"featured_image_src_large":["https:\/\/sultanspices.es\/wp-content\/uploads\/2025\/02\/ProductsPIX-62-1024x1024.png",1024,1024,true],"author_info":[],"comment_info":0,"jetpack_sharing_enabled":true,"_links":{"self":[{"href":"https:\/\/sultanspices.es\/es\/wp-json\/wp\/v2\/product\/4934","targetHints":{"allow":["GET"]}}],"collection":[{"href":"https:\/\/sultanspices.es\/es\/wp-json\/wp\/v2\/product"}],"about":[{"href":"https:\/\/sultanspices.es\/es\/wp-json\/wp\/v2\/types\/product"}],"replies":[{"embeddable":true,"href":"https:\/\/sultanspices.es\/es\/wp-json\/wp\/v2\/comments?post=4934"}],"wp:featuredmedia":[{"embeddable":true,"href":"https:\/\/sultanspices.es\/es\/wp-json\/wp\/v2\/media\/5080"}],"wp:attachment":[{"href":"https:\/\/sultanspices.es\/es\/wp-json\/wp\/v2\/media?parent=4934"}],"wp:term":[{"taxonomy":"product_brand","embeddable":true,"href":"https:\/\/sultanspices.es\/es\/wp-json\/wp\/v2\/product_brand?post=4934"},{"taxonomy":"product_cat","embeddable":true,"href":"https:\/\/sultanspices.es\/es\/wp-json\/wp\/v2\/product_cat?post=4934"},{"taxonomy":"product_tag","embeddable":true,"href":"https:\/\/sultanspices.es\/es\/wp-json\/wp\/v2\/product_tag?post=4934"}],"curies":[{"name":"wp","href":"https:\/\/api.w.org\/{rel}","templated":true}]}}