{"id":4932,"date":"2025-02-16T18:23:14","date_gmt":"2025-02-16T17:23:14","guid":{"rendered":"https:\/\/sultanspices.es\/product\/7955-pure-heaven-drink-white-grape-750ml\/"},"modified":"2026-02-23T12:40:28","modified_gmt":"2026-02-23T11:40:28","slug":"pure-heaven-drink-white-grape-750ml","status":"publish","type":"product","link":"https:\/\/sultanspices.es\/es\/producto\/pure-heaven-drink-white-grape-750ml\/","title":{"rendered":"7955 PURE HEAVEN DRINK UVA BLANCA 750ML"},"content":{"rendered":"<p>Sacia tu sed con el refrescante sabor de <strong>Pure Heaven Bebida de Uva Blanca (750ml)<\/strong>Una bebida naturalmente dulce y deliciosa elaborada con las mejores uvas blancas. Perfecta para cualquier ocasi\u00f3n, esta bebida ofrece un sabor ligero y afrutado que resulta refrescante y satisfactorio. Disfr\u00fatela fr\u00eda sola o util\u00edcela como base para c\u00f3cteles y mocktails. Sin aditivos artificiales ni alcohol, la Bebida de Uva Blanca Pure Heaven es una opci\u00f3n saludable y deliciosa para todas las edades. P\u00eddala ahora a Sultan Spices y disfrute de esta bebida de uva de primera calidad entregada en cualquier lugar de Espa\u00f1a.<\/p>\n<p><strong>Palabras clave:<\/strong> Pure Heaven White Grape Drink, bebida de uva blanca, bebidas refrescantes, bebida de fruta natural, Sultan Spices M\u00e1laga, comestibles indios Espa\u00f1a, bebidas saludables.<\/p>","protected":false},"excerpt":{"rendered":"<p>Sacia tu sed con el refrescante sabor de Pure Heaven White Grape Drink (750 ml), una bebida naturalmente dulce y deliciosa elaborada con las mejores uvas blancas. Perfecta para cualquier ocasi\u00f3n, esta bebida ofrece un sabor ligero y afrutado que resulta refrescante y satisfactorio. Disfr\u00fatela fr\u00eda sola o util\u00edcela como base para...<\/p>","protected":false},"featured_media":5082,"comment_status":"open","ping_status":"closed","template":"","meta":{"_kad_blocks_custom_css":"","_kad_blocks_head_custom_js":"","_kad_blocks_body_custom_js":"","_kad_blocks_footer_custom_js":"","_kadence_starter_templates_imported_post":false,"_kad_post_transparent":"default","_kad_post_title":"","_kad_post_layout":"default","_kad_post_sidebar_id":"","_kad_post_content_style":"default","_kad_post_vertical_padding":"default","_kad_post_feature":"","_kad_post_feature_position":"","_kad_post_header":false,"_kad_post_footer":false,"_kad_post_classname":""},"product_brand":[],"product_cat":[58],"product_tag":[],"class_list":{"0":"post-4932","1":"product","2":"type-product","3":"status-publish","4":"has-post-thumbnail","6":"product_cat-beverages","8":"first","9":"instock","10":"shipping-taxable","11":"purchasable","12":"product-type-simple","13":"entry","14":"content-bg","15":"loop-entry"},"taxonomy_info":{"product_cat":[{"value":58,"label":"Beverages"}]},"featured_image_src_large":["https:\/\/sultanspices.es\/wp-content\/uploads\/2025\/02\/ProductsPIX-63-1024x1024.png",1024,1024,true],"author_info":[],"comment_info":0,"jetpack_sharing_enabled":true,"_links":{"self":[{"href":"https:\/\/sultanspices.es\/es\/wp-json\/wp\/v2\/product\/4932","targetHints":{"allow":["GET"]}}],"collection":[{"href":"https:\/\/sultanspices.es\/es\/wp-json\/wp\/v2\/product"}],"about":[{"href":"https:\/\/sultanspices.es\/es\/wp-json\/wp\/v2\/types\/product"}],"replies":[{"embeddable":true,"href":"https:\/\/sultanspices.es\/es\/wp-json\/wp\/v2\/comments?post=4932"}],"wp:featuredmedia":[{"embeddable":true,"href":"https:\/\/sultanspices.es\/es\/wp-json\/wp\/v2\/media\/5082"}],"wp:attachment":[{"href":"https:\/\/sultanspices.es\/es\/wp-json\/wp\/v2\/media?parent=4932"}],"wp:term":[{"taxonomy":"product_brand","embeddable":true,"href":"https:\/\/sultanspices.es\/es\/wp-json\/wp\/v2\/product_brand?post=4932"},{"taxonomy":"product_cat","embeddable":true,"href":"https:\/\/sultanspices.es\/es\/wp-json\/wp\/v2\/product_cat?post=4932"},{"taxonomy":"product_tag","embeddable":true,"href":"https:\/\/sultanspices.es\/es\/wp-json\/wp\/v2\/product_tag?post=4932"}],"curies":[{"name":"wp","href":"https:\/\/api.w.org\/{rel}","templated":true}]}}