{"id":4717,"date":"2024-06-23T17:03:03","date_gmt":"2024-06-23T15:03:03","guid":{"rendered":"https:\/\/sultanspices.es\/urid-flour-ali-baba-1kg\/"},"modified":"2026-02-23T12:41:27","modified_gmt":"2026-02-23T11:41:27","slug":"urid-flour-ali-baba-1kg","status":"publish","type":"product","link":"https:\/\/sultanspices.es\/es\/producto\/urid-flour-ali-baba-1kg\/","title":{"rendered":"HARINA DE URID ALI BABA 1KG"},"content":{"rendered":"<p>Descubra el aut\u00e9ntico sabor de la cocina tradicional india con <strong>HARINA DE URID ALI BABA 1KG<\/strong>disponible en Sultan Spices, su tienda india de confianza en M\u00e1laga. Esta harina de primera calidad, hecha de urid dal (gramo negro) finamente molido, es un alimento b\u00e1sico en muchos hogares indios. Tanto si prepara deliciosas dosas, crujientes papadums o suaves idlis, esta vers\u00e1til harina es un ingrediente esencial para conseguir la textura y el sabor perfectos.<\/p>\n<p><strong>Caracter\u00edsticas principales:<\/strong><\/p>\n<ul>\n<li><strong>Calidad superior:<\/strong> Se obtiene del mejor urid dal, lo que garantiza una textura suave y consistente.<\/li>\n<li><strong>Uso vers\u00e1til:<\/strong> Ideal para preparar una gran variedad de platos indios como dosas, idlis y papadums.<\/li>\n<li><strong>Rico en nutrientes:<\/strong> Repleto de prote\u00ednas y fibras diet\u00e9ticas, lo que lo convierte en una opci\u00f3n saludable para sus comidas.<\/li>\n<li><strong>Sabor aut\u00e9ntico:<\/strong> Lleva a su cocina los verdaderos sabores de la cocina tradicional india.<\/li>\n<li><strong>C\u00f3modo embalaje:<\/strong> Se presenta en un envase de 1 kg, perfecto para su uso y almacenamiento habituales.<\/li>\n<\/ul>\n<p>En Sultan Spices, nos enorgullecemos de ofrecer una amplia gama de productos de alimentaci\u00f3n indios de alta calidad. Nuestra <strong>HARINA DE URID ALI BABA 1KG<\/strong> no es una excepci\u00f3n, proporcion\u00e1ndole el sabor aut\u00e9ntico y los beneficios nutricionales que son esenciales en la cocina india. Visite nuestra tienda de comestibles indios en M\u00e1laga para explorar nuestra variada selecci\u00f3n de especias, harinas y otros ingredientes que elevar\u00e1n su cocina.<\/p>\n<p>Eleve sus creaciones culinarias con <strong>HARINA DE URID ALI BABA 1KG<\/strong> de Sultan Spices, y experimente los ricos sabores tradicionales de la India en su propia casa.<\/p>","protected":false},"excerpt":{"rendered":"<p>Descubra el aut\u00e9ntico sabor de la cocina tradicional india con HARINA URID ALI BABA 1KG, disponible en Sultan Spices, su tienda de alimentaci\u00f3n india de confianza en M\u00e1laga. Esta harina de primera calidad, hecha de urid dal (gramo negro) finamente molido, es un alimento b\u00e1sico en muchos hogares indios. Ya sea para preparar deliciosas dosas, crujientes papadums o suaves idlis, esta...<\/p>","protected":false},"featured_media":4719,"comment_status":"open","ping_status":"closed","template":"","meta":{"_kad_blocks_custom_css":"","_kad_blocks_head_custom_js":"","_kad_blocks_body_custom_js":"","_kad_blocks_footer_custom_js":"","_kadence_starter_templates_imported_post":false,"_kad_post_transparent":"default","_kad_post_title":"","_kad_post_layout":"default","_kad_post_sidebar_id":"","_kad_post_content_style":"default","_kad_post_vertical_padding":"default","_kad_post_feature":"","_kad_post_feature_position":"","_kad_post_header":false,"_kad_post_footer":false,"_kad_post_classname":""},"product_brand":[],"product_cat":[52],"product_tag":[],"class_list":{"0":"post-4717","1":"product","2":"type-product","3":"status-publish","4":"has-post-thumbnail","6":"product_cat-flour","8":"first","9":"outofstock","10":"shipping-taxable","11":"purchasable","12":"product-type-simple","13":"entry","14":"content-bg","15":"loop-entry"},"taxonomy_info":{"product_cat":[{"value":52,"label":"Flour"}]},"featured_image_src_large":["https:\/\/sultanspices.es\/wp-content\/uploads\/2024\/06\/ProductsPIX-1024x1024.png",1024,1024,true],"author_info":[],"comment_info":0,"jetpack_sharing_enabled":true,"_links":{"self":[{"href":"https:\/\/sultanspices.es\/es\/wp-json\/wp\/v2\/product\/4717","targetHints":{"allow":["GET"]}}],"collection":[{"href":"https:\/\/sultanspices.es\/es\/wp-json\/wp\/v2\/product"}],"about":[{"href":"https:\/\/sultanspices.es\/es\/wp-json\/wp\/v2\/types\/product"}],"replies":[{"embeddable":true,"href":"https:\/\/sultanspices.es\/es\/wp-json\/wp\/v2\/comments?post=4717"}],"wp:featuredmedia":[{"embeddable":true,"href":"https:\/\/sultanspices.es\/es\/wp-json\/wp\/v2\/media\/4719"}],"wp:attachment":[{"href":"https:\/\/sultanspices.es\/es\/wp-json\/wp\/v2\/media?parent=4717"}],"wp:term":[{"taxonomy":"product_brand","embeddable":true,"href":"https:\/\/sultanspices.es\/es\/wp-json\/wp\/v2\/product_brand?post=4717"},{"taxonomy":"product_cat","embeddable":true,"href":"https:\/\/sultanspices.es\/es\/wp-json\/wp\/v2\/product_cat?post=4717"},{"taxonomy":"product_tag","embeddable":true,"href":"https:\/\/sultanspices.es\/es\/wp-json\/wp\/v2\/product_tag?post=4717"}],"curies":[{"name":"wp","href":"https:\/\/api.w.org\/{rel}","templated":true}]}}