{"id":4712,"date":"2024-06-23T17:02:58","date_gmt":"2024-06-23T15:02:58","guid":{"rendered":"https:\/\/sultanspices.es\/semolina-fine-trs-500g\/"},"modified":"2026-02-23T12:41:16","modified_gmt":"2026-02-23T11:41:16","slug":"semolina-fine-trs-500g","status":"publish","type":"product","link":"https:\/\/sultanspices.es\/es\/producto\/semola-fina-trs-500g\/","title":{"rendered":"S\u00c9MOLA FINA TRS 500G"},"content":{"rendered":"<div class=\"flex flex-grow flex-col max-w-full\">\n<div class=\"min-h-[20px] text-message flex flex-col items-start whitespace-pre-wrap break-words [.text-message+&amp;]:mt-5 juice:w-full juice:items-end overflow-x-auto gap-2\" dir=\"auto\" data-message-author-role=\"assistant\" data-message-id=\"8b305698-28e7-4b46-9740-873654992106\">\n<div class=\"flex w-full flex-col gap-1 juice:empty:hidden juice:first:pt-[3px]\">\n<div class=\"markdown prose w-full break-words dark:prose-invert dark\">\n<p>Experimente la excelente calidad y los usos vers\u00e1tiles de <strong>S\u00c9MOLA FINA TRS 500G<\/strong>La s\u00e9mola de trigo es un ingrediente indispensable en cualquier cocina para los amantes de las creaciones culinarias variadas. Disponible en Sultan Spices, tu tienda de alimentaci\u00f3n india de referencia en M\u00e1laga, esta s\u00e9mola es perfecta para elaborar una amplia variedad de platos, desde dulces tradicionales indios hasta delicias saladas.<\/p>\n<p><strong>Caracter\u00edsticas principales:<\/strong><\/p>\n<ul>\n<li><strong>S\u00e9mola de alta calidad:<\/strong> Elaborada con trigo duro cuidadosamente seleccionado, lo que garantiza una textura fina y consistente.<\/li>\n<li><strong>Ingrediente vers\u00e1til:<\/strong> Ideal para preparar dulces indios como halwa y platos salados como upma, as\u00ed como para hornear y hacer pasta.<\/li>\n<li><strong>Denso en nutrientes:<\/strong> Rico en prote\u00ednas, fibras alimentarias y nutrientes esenciales, lo que lo convierte en una opci\u00f3n saludable para sus comidas.<\/li>\n<li><strong>Sabor aut\u00e9ntico:<\/strong> A\u00f1ade un sabor rico y tradicional a sus platos, mejorando su experiencia culinaria.<\/li>\n<li><strong>Tama\u00f1o pr\u00e1ctico:<\/strong> Se presenta en un envase de 500 g, perfecto para un uso regular y un f\u00e1cil almacenamiento.<\/li>\n<\/ul>\n<p>En Sultan Spices, nos comprometemos a ofrecer productos de la m\u00e1xima calidad que aporten sabores aut\u00e9nticos a su cocina. <strong>S\u00c9MOLA FINA TRS 500G<\/strong> es un producto b\u00e1sico para cualquier cocinero casero o profesional que desee crear platos deliciosos y nutritivos.<\/p>\n<p>Visite Sultan Spices, su tienda india de confianza en M\u00e1laga, para explorar nuestra amplia gama de especias, harinas y otros ingredientes esenciales. En <strong>S\u00c9MOLA FINA TRS 500G<\/strong>podr\u00e1 elevar su nivel culinario y disfrutar de los ricos sabores tradicionales de la cocina india.<\/p>\n<p>Transforme sus platos con <strong>S\u00c9MOLA FINA TRS 500G<\/strong> de Sultan Spices, y lleve los aut\u00e9nticos sabores de la India a su hogar.<\/p>\n<\/div>\n<\/div>\n<\/div>\n<\/div>","protected":false},"excerpt":{"rendered":"<p>Experimente la fina calidad y los vers\u00e1tiles usos de SEMOLINA FINE TRS 500G, imprescindible en toda cocina para aquellos a los que les gusta explorar diversas creaciones culinarias. Disponible en Sultan Spices, tu tienda de alimentaci\u00f3n india de referencia en M\u00e1laga, esta s\u00e9mola es perfecta para elaborar una amplia variedad de platos, desde dulces tradicionales indios hasta sabrosas delicias....<\/p>","protected":false},"featured_media":4721,"comment_status":"open","ping_status":"closed","template":"","meta":{"_kad_blocks_custom_css":"","_kad_blocks_head_custom_js":"","_kad_blocks_body_custom_js":"","_kad_blocks_footer_custom_js":"","_kadence_starter_templates_imported_post":false,"_kad_post_transparent":"default","_kad_post_title":"","_kad_post_layout":"default","_kad_post_sidebar_id":"","_kad_post_content_style":"default","_kad_post_vertical_padding":"default","_kad_post_feature":"","_kad_post_feature_position":"","_kad_post_header":false,"_kad_post_footer":false,"_kad_post_classname":""},"product_brand":[],"product_cat":[52],"product_tag":[],"class_list":{"0":"post-4712","1":"product","2":"type-product","3":"status-publish","4":"has-post-thumbnail","6":"product_cat-flour","8":"first","9":"instock","10":"shipping-taxable","11":"purchasable","12":"product-type-simple","13":"entry","14":"content-bg","15":"loop-entry"},"taxonomy_info":{"product_cat":[{"value":52,"label":"Flour"}]},"featured_image_src_large":["https:\/\/sultanspices.es\/wp-content\/uploads\/2024\/06\/ProductsPIX-1-1024x1024.png",1024,1024,true],"author_info":[],"comment_info":0,"jetpack_sharing_enabled":true,"_links":{"self":[{"href":"https:\/\/sultanspices.es\/es\/wp-json\/wp\/v2\/product\/4712","targetHints":{"allow":["GET"]}}],"collection":[{"href":"https:\/\/sultanspices.es\/es\/wp-json\/wp\/v2\/product"}],"about":[{"href":"https:\/\/sultanspices.es\/es\/wp-json\/wp\/v2\/types\/product"}],"replies":[{"embeddable":true,"href":"https:\/\/sultanspices.es\/es\/wp-json\/wp\/v2\/comments?post=4712"}],"wp:featuredmedia":[{"embeddable":true,"href":"https:\/\/sultanspices.es\/es\/wp-json\/wp\/v2\/media\/4721"}],"wp:attachment":[{"href":"https:\/\/sultanspices.es\/es\/wp-json\/wp\/v2\/media?parent=4712"}],"wp:term":[{"taxonomy":"product_brand","embeddable":true,"href":"https:\/\/sultanspices.es\/es\/wp-json\/wp\/v2\/product_brand?post=4712"},{"taxonomy":"product_cat","embeddable":true,"href":"https:\/\/sultanspices.es\/es\/wp-json\/wp\/v2\/product_cat?post=4712"},{"taxonomy":"product_tag","embeddable":true,"href":"https:\/\/sultanspices.es\/es\/wp-json\/wp\/v2\/product_tag?post=4712"}],"curies":[{"name":"wp","href":"https:\/\/api.w.org\/{rel}","templated":true}]}}