{"id":4709,"date":"2024-06-23T17:02:57","date_gmt":"2024-06-23T15:02:57","guid":{"rendered":"https:\/\/sultanspices.es\/sauce-ahmed-soya-300g\/"},"modified":"2026-04-10T20:03:17","modified_gmt":"2026-04-10T18:03:17","slug":"sauce-ahmed-soya-300g","status":"publish","type":"product","link":"https:\/\/sultanspices.es\/es\/producto\/sauce-ahmed-soya-300g\/","title":{"rendered":"SALSA AHMED SOJA 300G"},"content":{"rendered":"<div class=\"flex flex-grow flex-col max-w-full\">\n<div class=\"min-h-[20px] text-message flex flex-col items-start whitespace-pre-wrap break-words [.text-message+&amp;]:mt-5 juice:w-full juice:items-end overflow-x-auto gap-2\" dir=\"auto\" data-message-author-role=\"assistant\" data-message-id=\"4f5e9e01-4389-4ea5-8bdf-00dbd988a2d3\">\n<div class=\"flex w-full flex-col gap-1 juice:empty:hidden juice:first:pt-[3px]\">\n<div class=\"markdown prose w-full break-words dark:prose-invert dark\">\n<p>Realce sus creaciones culinarias con el rico y sabroso sabor del <strong>SALSA AHMED SOJA 300G<\/strong>ahora disponible en Sultan Spices, su tienda de alimentaci\u00f3n india de referencia en M\u00e1laga. Esta salsa de soja de alta calidad es perfecta para a\u00f1adir un toque de umami a una gran variedad de platos, desde recetas tradicionales indias hasta sus platos asi\u00e1ticos favoritos.<\/p>\n<p><strong>Caracter\u00edsticas principales:<\/strong><\/p>\n<ul>\n<li><strong>Calidad superior:<\/strong> Elaborado a partir de semillas de soja cuidadosamente seleccionadas, lo que garantiza un sabor profundo y aut\u00e9ntico.<\/li>\n<li><strong>Uso vers\u00e1til:<\/strong> Ideal para marinar, saltear, mojar y sazonar una gran variedad de platos.<\/li>\n<li><strong>Rico en Umami:<\/strong> A\u00f1ade una sabrosa profundidad a sus comidas, realzando el sabor y el aroma en general.<\/li>\n<li><strong>C\u00f3modo embalaje:<\/strong> Se presenta en un frasco de 300 g, perfecto para uso regular y f\u00e1cil almacenamiento.<\/li>\n<li><strong>Sabor aut\u00e9ntico:<\/strong> Proporciona el aut\u00e9ntico sabor de la salsa de soja tradicional, elevando su cocina.<\/li>\n<\/ul>\n<p>En Sultan Spices, nos enorgullecemos de ofrecer una variada selecci\u00f3n de productos de alta calidad que aportan sabores aut\u00e9nticos a su cocina. <strong>SALSA AHMED SOJA 300G<\/strong> no es una excepci\u00f3n, ya que le proporciona el sabor rico y sabroso que es esencial en muchas tradiciones culinarias.<\/p>\n<p>Visite Sultan Spices, su tienda india de confianza en M\u00e1laga, para explorar nuestra amplia gama de salsas, especias y otros ingredientes esenciales. Con <strong>SALSA AHMED SOJA 300G<\/strong>, podr\u00e1 elevar sus platos y disfrutar de los aut\u00e9nticos sabores de las cocinas india y asi\u00e1tica.<\/p>\n<p>Transforme sus comidas con <strong>SALSA AHMED SOJA 300G<\/strong> de Sultan Spices, y lleve el rico sabor tradicional de la salsa de soja a su cocina casera.<\/p>\n<\/div>\n<\/div>\n<\/div>\n<\/div>","protected":false},"excerpt":{"rendered":"<p>Mejore sus creaciones culinarias con el rico y sabroso sabor de SAUCE AHMED SOYA 300G, ahora disponible en Sultan Spices, su principal tienda de comestibles indios en M\u00e1laga. Esta salsa de soja de alta calidad es perfecta para a\u00f1adir una explosi\u00f3n de umami a una gran variedad de platos, desde recetas tradicionales indias a sus cocinas asi\u00e1ticas favoritas. Caracter\u00edsticas principales:...<\/p>","protected":false},"featured_media":4722,"comment_status":"open","ping_status":"closed","template":"","meta":{"_kad_blocks_custom_css":"","_kad_blocks_head_custom_js":"","_kad_blocks_body_custom_js":"","_kad_blocks_footer_custom_js":"","_kadence_starter_templates_imported_post":false,"_kad_post_transparent":"default","_kad_post_title":"","_kad_post_layout":"default","_kad_post_sidebar_id":"","_kad_post_content_style":"default","_kad_post_vertical_padding":"default","_kad_post_feature":"","_kad_post_feature_position":"","_kad_post_header":false,"_kad_post_footer":false,"_kad_post_classname":""},"product_brand":[],"product_cat":[55],"product_tag":[],"class_list":{"0":"post-4709","1":"product","2":"type-product","3":"status-publish","4":"has-post-thumbnail","6":"product_cat-pastes","8":"first","9":"instock","10":"shipping-taxable","11":"purchasable","12":"product-type-simple","13":"entry","14":"content-bg","15":"loop-entry"},"taxonomy_info":{"product_cat":[{"value":55,"label":"Pastes, Pickles &amp; Sauces"}]},"featured_image_src_large":["https:\/\/sultanspices.es\/wp-content\/uploads\/2024\/06\/ProductsPIX-2-1024x1024.png",1024,1024,true],"author_info":[],"comment_info":1,"jetpack_sharing_enabled":true,"_links":{"self":[{"href":"https:\/\/sultanspices.es\/es\/wp-json\/wp\/v2\/product\/4709","targetHints":{"allow":["GET"]}}],"collection":[{"href":"https:\/\/sultanspices.es\/es\/wp-json\/wp\/v2\/product"}],"about":[{"href":"https:\/\/sultanspices.es\/es\/wp-json\/wp\/v2\/types\/product"}],"replies":[{"embeddable":true,"href":"https:\/\/sultanspices.es\/es\/wp-json\/wp\/v2\/comments?post=4709"}],"wp:featuredmedia":[{"embeddable":true,"href":"https:\/\/sultanspices.es\/es\/wp-json\/wp\/v2\/media\/4722"}],"wp:attachment":[{"href":"https:\/\/sultanspices.es\/es\/wp-json\/wp\/v2\/media?parent=4709"}],"wp:term":[{"taxonomy":"product_brand","embeddable":true,"href":"https:\/\/sultanspices.es\/es\/wp-json\/wp\/v2\/product_brand?post=4709"},{"taxonomy":"product_cat","embeddable":true,"href":"https:\/\/sultanspices.es\/es\/wp-json\/wp\/v2\/product_cat?post=4709"},{"taxonomy":"product_tag","embeddable":true,"href":"https:\/\/sultanspices.es\/es\/wp-json\/wp\/v2\/product_tag?post=4709"}],"curies":[{"name":"wp","href":"https:\/\/api.w.org\/{rel}","templated":true}]}}