{"id":4708,"date":"2024-06-23T17:02:56","date_gmt":"2024-06-23T15:02:56","guid":{"rendered":"https:\/\/sultanspices.es\/sauce-ahmed-red-chilli-300g\/"},"modified":"2026-04-10T20:03:17","modified_gmt":"2026-04-10T18:03:17","slug":"sauce-ahmed-red-chilli-300g","status":"publish","type":"product","link":"https:\/\/sultanspices.es\/es\/producto\/sauce-ahmed-red-chilli-300g\/","title":{"rendered":"SALSA AHMED CHILE ROJO 300G"},"content":{"rendered":"<div class=\"flex-1 overflow-hidden\">\n<div class=\"h-full\">\n<div class=\"react-scroll-to-bottom--css-nhckf-79elbk h-full\">\n<div class=\"react-scroll-to-bottom--css-nhckf-1n7m0yu\">\n<div class=\"flex flex-col text-sm md:pb-9\">\n<div class=\"w-full text-token-text-primary\" dir=\"auto\" data-testid=\"conversation-turn-9\" data-scroll-anchor=\"true\">\n<div class=\"py-2 juice:py-[18px] px-3 text-base md:px-4 m-auto md:px-5 lg:px-1 xl:px-5\">\n<div class=\"mx-auto flex flex-1 gap-3 text-base juice:gap-4 juice:md:gap-5 juice:lg:gap-6 md:max-w-3xl lg:max-w-[40rem] xl:max-w-[48rem]\">\n<div class=\"group\/conversation-turn relative flex w-full min-w-0 flex-col agent-turn\">\n<div class=\"flex-col gap-1 md:gap-3\">\n<div class=\"flex flex-grow flex-col max-w-full\">\n<div class=\"min-h-[20px] text-message flex flex-col items-start whitespace-pre-wrap break-words [.text-message+&amp;]:mt-5 juice:w-full juice:items-end overflow-x-auto gap-2\" dir=\"auto\" data-message-author-role=\"assistant\" data-message-id=\"eb652e37-9071-465c-96a5-97d009b52371\">\n<div class=\"flex w-full flex-col gap-1 juice:empty:hidden juice:first:pt-[3px]\">\n<div class=\"markdown prose w-full break-words dark:prose-invert dark\">\n<p>Encienda sus papilas gustativas con el audaz y ardiente sabor de <strong>SALSA AHMED CHILE ROJO 300G<\/strong>disponible en Sultan Spices, tu tienda de alimentaci\u00f3n india de referencia en M\u00e1laga. Esta salsa de chile rojo de alta calidad es perfecta para a\u00f1adir un toque picante a una gran variedad de platos, desde recetas tradicionales indias hasta tus aperitivos y salteados favoritos.<\/p>\n<p><strong>Caracter\u00edsticas principales:<\/strong><\/p>\n<ul>\n<li><strong>Calidad superior:<\/strong> Elaborado con guindillas rojas cuidadosamente seleccionadas, lo que garantiza un sabor intenso y vibrante.<\/li>\n<li><strong>Uso vers\u00e1til:<\/strong> Ideal para marinar, mojar, saltear y sazonar una gran variedad de platos.<\/li>\n<li><strong>Picante y atrevido:<\/strong> A\u00f1ade un toque picante a sus comidas, realzando su sabor y aroma.<\/li>\n<li><strong>C\u00f3modo embalaje:<\/strong> Se presenta en un frasco de 300 g, perfecto para uso regular y f\u00e1cil almacenamiento.<\/li>\n<li><strong>Sabor aut\u00e9ntico:<\/strong> Proporciona el aut\u00e9ntico sabor de la salsa de guindilla roja tradicional, elevando su cocina.<\/li>\n<\/ul>\n<p>En Sultan Spices, nos dedicamos a ofrecer una variada selecci\u00f3n de productos de alta calidad que aportan sabores aut\u00e9nticos a su cocina. <strong>SALSA AHMED CHILE ROJO 300G<\/strong> no es una excepci\u00f3n, ya que le proporciona el sabor atrevido y picante que es esencial en muchas tradiciones culinarias.<\/p>\n<p>Visite Sultan Spices, su tienda india de confianza en M\u00e1laga, para explorar nuestra amplia gama de salsas, especias y otros ingredientes esenciales. Con <strong>SALSA AHMED CHILE ROJO 300G<\/strong>, podr\u00e1 elevar sus platos y disfrutar de los aut\u00e9nticos sabores de las cocinas india y asi\u00e1tica.<\/p>\n<p>Condimente sus comidas con <strong>SALSA AHMED CHILE ROJO 300G<\/strong> de Sultan Spices, y lleve el sabor atrevido y tradicional de la salsa de guindilla roja a su cocina casera.<\/p>\n<\/div>\n<\/div>\n<\/div>\n<\/div>\n<\/div>\n<\/div>\n<\/div>\n<\/div>\n<\/div>\n<\/div>\n<\/div>\n<\/div>\n<\/div>\n<\/div>","protected":false},"excerpt":{"rendered":"<p>Encienda sus papilas gustativas con el sabor audaz y ardiente de SAUCE AHMED RED CHILLI 300G, disponible en Sultan Spices, su principal tienda de comestibles indios en M\u00e1laga. Esta salsa de chile rojo de alta calidad es perfecta para a\u00f1adir un toque picante a una gran variedad de platos, desde recetas tradicionales indias hasta sus aperitivos y salteados favoritos. Clave...<\/p>","protected":false},"featured_media":4724,"comment_status":"open","ping_status":"closed","template":"","meta":{"_kad_blocks_custom_css":"","_kad_blocks_head_custom_js":"","_kad_blocks_body_custom_js":"","_kad_blocks_footer_custom_js":"","_kadence_starter_templates_imported_post":false,"_kad_post_transparent":"default","_kad_post_title":"","_kad_post_layout":"default","_kad_post_sidebar_id":"","_kad_post_content_style":"default","_kad_post_vertical_padding":"default","_kad_post_feature":"","_kad_post_feature_position":"","_kad_post_header":false,"_kad_post_footer":false,"_kad_post_classname":""},"product_brand":[],"product_cat":[55],"product_tag":[],"class_list":{"0":"post-4708","1":"product","2":"type-product","3":"status-publish","4":"has-post-thumbnail","6":"product_cat-pastes","8":"first","9":"instock","10":"shipping-taxable","11":"purchasable","12":"product-type-simple","13":"entry","14":"content-bg","15":"loop-entry"},"taxonomy_info":{"product_cat":[{"value":55,"label":"Pastes, Pickles &amp; Sauces"}]},"featured_image_src_large":["https:\/\/sultanspices.es\/wp-content\/uploads\/2024\/06\/ProductsPIX-3-1024x1024.png",1024,1024,true],"author_info":[],"comment_info":1,"jetpack_sharing_enabled":true,"_links":{"self":[{"href":"https:\/\/sultanspices.es\/es\/wp-json\/wp\/v2\/product\/4708","targetHints":{"allow":["GET"]}}],"collection":[{"href":"https:\/\/sultanspices.es\/es\/wp-json\/wp\/v2\/product"}],"about":[{"href":"https:\/\/sultanspices.es\/es\/wp-json\/wp\/v2\/types\/product"}],"replies":[{"embeddable":true,"href":"https:\/\/sultanspices.es\/es\/wp-json\/wp\/v2\/comments?post=4708"}],"wp:featuredmedia":[{"embeddable":true,"href":"https:\/\/sultanspices.es\/es\/wp-json\/wp\/v2\/media\/4724"}],"wp:attachment":[{"href":"https:\/\/sultanspices.es\/es\/wp-json\/wp\/v2\/media?parent=4708"}],"wp:term":[{"taxonomy":"product_brand","embeddable":true,"href":"https:\/\/sultanspices.es\/es\/wp-json\/wp\/v2\/product_brand?post=4708"},{"taxonomy":"product_cat","embeddable":true,"href":"https:\/\/sultanspices.es\/es\/wp-json\/wp\/v2\/product_cat?post=4708"},{"taxonomy":"product_tag","embeddable":true,"href":"https:\/\/sultanspices.es\/es\/wp-json\/wp\/v2\/product_tag?post=4708"}],"curies":[{"name":"wp","href":"https:\/\/api.w.org\/{rel}","templated":true}]}}