{"id":4707,"date":"2024-06-23T17:02:55","date_gmt":"2024-06-23T15:02:55","guid":{"rendered":"https:\/\/sultanspices.es\/sauce-ahmed-mint-300g\/"},"modified":"2026-03-11T22:38:57","modified_gmt":"2026-03-11T21:38:57","slug":"sauce-ahmed-mint-300g","status":"publish","type":"product","link":"https:\/\/sultanspices.es\/es\/producto\/salsa-ahmed-menta-300g\/","title":{"rendered":"SALSA AHMED MENTA 300G"},"content":{"rendered":"<div class=\"flex flex-grow flex-col max-w-full\">\n<div class=\"min-h-[20px] text-message flex flex-col items-start whitespace-pre-wrap break-words [.text-message+&amp;]:mt-5 juice:w-full juice:items-end overflow-x-auto gap-2\" dir=\"auto\" data-message-author-role=\"assistant\" data-message-id=\"b0d41118-de07-4c14-81a7-f227108d96a2\">\n<div class=\"flex w-full flex-col gap-1 juice:empty:hidden juice:first:pt-[3px]\">\n<div class=\"markdown prose w-full break-words dark:prose-invert dark\">\n<p>Refresque su paladar con el sabor fresco y \u00e1cido de <strong>SALSA AHMED MENTA 300G<\/strong>disponible en Sultan Spices, su tienda india de confianza en M\u00e1laga. Esta salsa de menta de primera calidad es perfecta para a\u00f1adir un toque refrescante a una gran variedad de platos, desde comidas indias tradicionales hasta ensaladas y salsas.<\/p>\n<p><strong>Caracter\u00edsticas principales:<\/strong><\/p>\n<ul>\n<li><strong>Calidad superior:<\/strong> Elaborado con hojas de menta fresca cuidadosamente seleccionadas, lo que garantiza un sabor vibrante y refrescante.<\/li>\n<li><strong>Uso vers\u00e1til:<\/strong> Ideal para marinar, mojar y sazonar una gran variedad de platos, como carnes, verduras y aperitivos.<\/li>\n<li><strong>Fresco y picante:<\/strong> A\u00f1ade un sabor fresco y picante a sus comidas, realzando el perfil de sabor general.<\/li>\n<li><strong>C\u00f3modo embalaje:<\/strong> Se presenta en un frasco de 300 g, perfecto para uso regular y f\u00e1cil almacenamiento.<\/li>\n<li><strong>Sabor aut\u00e9ntico:<\/strong> Proporciona el sabor genuino de la salsa de menta tradicional, elevando su cocina.<\/li>\n<\/ul>\n<p>En Sultan Spices, nos comprometemos a ofrecer una variada selecci\u00f3n de productos de alta calidad que aporten sabores aut\u00e9nticos a su cocina. <strong>SALSA AHMED MENTA 300G<\/strong> no es una excepci\u00f3n, ya que le proporciona el sabor fresco y \u00e1cido esencial en muchas tradiciones culinarias.<\/p>\n<p>Visite Sultan Spices, su tienda india de confianza en M\u00e1laga, para explorar nuestra amplia gama de salsas, especias y otros ingredientes esenciales. Con <strong>SALSA AHMED MENTA 300G<\/strong>, podr\u00e1 elevar sus platos y disfrutar de los aut\u00e9nticos sabores de la cocina india.<\/p>\n<p>Refresque sus comidas con <strong>SALSA AHMED MENTA 300G<\/strong> de Sultan Spices, y lleve el sabor fresco y tradicional de la salsa de menta a su cocina casera.<\/p>\n<\/div>\n<\/div>\n<\/div>\n<\/div>","protected":false},"excerpt":{"rendered":"<p>Refresque su paladar con el sabor fresco y \u00e1cido de SAUCE AHMED MINT 300G, disponible en Sultan Spices, su tienda de alimentaci\u00f3n india de confianza en M\u00e1laga. Esta salsa de menta de primera calidad es perfecta para a\u00f1adir un toque refrescante a una gran variedad de platos, desde comidas indias tradicionales hasta ensaladas y salsas. Caracter\u00edsticas principales: Calidad Premium: Hecha de...<\/p>","protected":false},"featured_media":4725,"comment_status":"open","ping_status":"closed","template":"","meta":{"_kad_blocks_custom_css":"","_kad_blocks_head_custom_js":"","_kad_blocks_body_custom_js":"","_kad_blocks_footer_custom_js":"","_kadence_starter_templates_imported_post":false,"_kad_post_transparent":"default","_kad_post_title":"","_kad_post_layout":"default","_kad_post_sidebar_id":"","_kad_post_content_style":"default","_kad_post_vertical_padding":"default","_kad_post_feature":"","_kad_post_feature_position":"","_kad_post_header":false,"_kad_post_footer":false,"_kad_post_classname":""},"product_brand":[],"product_cat":[55],"product_tag":[],"class_list":{"0":"post-4707","1":"product","2":"type-product","3":"status-publish","4":"has-post-thumbnail","6":"product_cat-pastes","8":"first","9":"instock","10":"shipping-taxable","11":"purchasable","12":"product-type-simple","13":"entry","14":"content-bg","15":"loop-entry"},"taxonomy_info":{"product_cat":[{"value":55,"label":"Pastes, Pickles &amp; Sauces"}]},"featured_image_src_large":["https:\/\/sultanspices.es\/wp-content\/uploads\/2024\/06\/ProductsPIX-4-1024x1024.png",1024,1024,true],"author_info":[],"comment_info":0,"jetpack_sharing_enabled":true,"_links":{"self":[{"href":"https:\/\/sultanspices.es\/es\/wp-json\/wp\/v2\/product\/4707","targetHints":{"allow":["GET"]}}],"collection":[{"href":"https:\/\/sultanspices.es\/es\/wp-json\/wp\/v2\/product"}],"about":[{"href":"https:\/\/sultanspices.es\/es\/wp-json\/wp\/v2\/types\/product"}],"replies":[{"embeddable":true,"href":"https:\/\/sultanspices.es\/es\/wp-json\/wp\/v2\/comments?post=4707"}],"wp:featuredmedia":[{"embeddable":true,"href":"https:\/\/sultanspices.es\/es\/wp-json\/wp\/v2\/media\/4725"}],"wp:attachment":[{"href":"https:\/\/sultanspices.es\/es\/wp-json\/wp\/v2\/media?parent=4707"}],"wp:term":[{"taxonomy":"product_brand","embeddable":true,"href":"https:\/\/sultanspices.es\/es\/wp-json\/wp\/v2\/product_brand?post=4707"},{"taxonomy":"product_cat","embeddable":true,"href":"https:\/\/sultanspices.es\/es\/wp-json\/wp\/v2\/product_cat?post=4707"},{"taxonomy":"product_tag","embeddable":true,"href":"https:\/\/sultanspices.es\/es\/wp-json\/wp\/v2\/product_tag?post=4707"}],"curies":[{"name":"wp","href":"https:\/\/api.w.org\/{rel}","templated":true}]}}