{"id":4706,"date":"2024-06-23T17:02:54","date_gmt":"2024-06-23T15:02:54","guid":{"rendered":"https:\/\/sultanspices.es\/sauce-ahmed-green-chilli-300g\/"},"modified":"2026-04-10T20:03:17","modified_gmt":"2026-04-10T18:03:17","slug":"sauce-ahmed-green-chilli-300g","status":"publish","type":"product","link":"https:\/\/sultanspices.es\/es\/producto\/salsa-ahmed-chilli-verde-300g\/","title":{"rendered":"SALSA AHMED CHILE VERDE 300G"},"content":{"rendered":"<p>A\u00f1ada un toque picante a sus comidas con <strong>SALSA AHMED CHILE VERDE 300G<\/strong>disponible en Sultan Spices, su tienda de alimentaci\u00f3n india de referencia en M\u00e1laga. Esta salsa de chile verde de primera calidad es perfecta para realzar el sabor de una gran variedad de platos, desde recetas indias tradicionales hasta aperitivos y salteados contempor\u00e1neos.<\/p>\n<p><strong>Caracter\u00edsticas principales:<\/strong><\/p>\n<ul>\n<li><strong>Calidad superior:<\/strong> Elaborado con guindillas verdes cuidadosamente seleccionadas, lo que garantiza un sabor vibrante y picante.<\/li>\n<li><strong>Uso vers\u00e1til:<\/strong> Ideal para marinar, mojar, saltear y sazonar una gran variedad de platos.<\/li>\n<li><strong>Picante y picante:<\/strong> A\u00f1ade un toque picante y especiado a sus comidas, realzando su sabor y aroma.<\/li>\n<li><strong>C\u00f3modo embalaje:<\/strong> Se presenta en un frasco de 300 g, perfecto para uso regular y f\u00e1cil almacenamiento.<\/li>\n<li><strong>Sabor aut\u00e9ntico:<\/strong> Proporciona el aut\u00e9ntico sabor de la salsa de guindilla verde tradicional, elevando su cocina.<\/li>\n<\/ul>\n<p>En Sultan Spices, nos enorgullecemos de ofrecer una variada selecci\u00f3n de productos de alta calidad que aportan sabores aut\u00e9nticos a su cocina. <strong>SALSA AHMED CHILE VERDE 300G<\/strong> no es una excepci\u00f3n, ya que le proporciona el sabor picante y especiado esencial en muchas tradiciones culinarias.<\/p>\n<p>Visite Sultan Spices, su tienda india de confianza en M\u00e1laga, para explorar nuestra amplia gama de salsas, especias y otros ingredientes esenciales. Con <strong>SALSA AHMED CHILE VERDE 300G<\/strong>, podr\u00e1 elevar sus platos y disfrutar de los aut\u00e9nticos sabores de las cocinas india y asi\u00e1tica.<\/p>\n<p>Condimente sus comidas con <strong>SALSA AHMED CHILE VERDE 300G<\/strong> de Sultan Spices, y lleve el sabor picante y tradicional de la salsa de guindilla verde a su cocina casera.<\/p>","protected":false},"excerpt":{"rendered":"<p>A\u00f1ade un toque picante a tus comidas con SAUCE AHMED GREEN CHILLI 300G, disponible en Sultan Spices, tu tienda de alimentaci\u00f3n india en M\u00e1laga. Esta salsa de chile verde de primera calidad es perfecta para realzar el sabor de una gran variedad de platos, desde recetas indias tradicionales hasta aperitivos y salteados contempor\u00e1neos. Caracter\u00edsticas principales: Calidad Premium:...<\/p>","protected":false},"featured_media":4727,"comment_status":"open","ping_status":"closed","template":"","meta":{"_kad_blocks_custom_css":"","_kad_blocks_head_custom_js":"","_kad_blocks_body_custom_js":"","_kad_blocks_footer_custom_js":"","_kadence_starter_templates_imported_post":false,"_kad_post_transparent":"default","_kad_post_title":"","_kad_post_layout":"default","_kad_post_sidebar_id":"","_kad_post_content_style":"default","_kad_post_vertical_padding":"default","_kad_post_feature":"","_kad_post_feature_position":"","_kad_post_header":false,"_kad_post_footer":false,"_kad_post_classname":""},"product_brand":[],"product_cat":[55],"product_tag":[],"class_list":{"0":"post-4706","1":"product","2":"type-product","3":"status-publish","4":"has-post-thumbnail","6":"product_cat-pastes","8":"first","9":"instock","10":"shipping-taxable","11":"purchasable","12":"product-type-simple","13":"entry","14":"content-bg","15":"loop-entry"},"taxonomy_info":{"product_cat":[{"value":55,"label":"Pastes, Pickles &amp; Sauces"}]},"featured_image_src_large":["https:\/\/sultanspices.es\/wp-content\/uploads\/2024\/06\/ProductsPIX-5-1024x1024.png",1024,1024,true],"author_info":[],"comment_info":2,"jetpack_sharing_enabled":true,"_links":{"self":[{"href":"https:\/\/sultanspices.es\/es\/wp-json\/wp\/v2\/product\/4706","targetHints":{"allow":["GET"]}}],"collection":[{"href":"https:\/\/sultanspices.es\/es\/wp-json\/wp\/v2\/product"}],"about":[{"href":"https:\/\/sultanspices.es\/es\/wp-json\/wp\/v2\/types\/product"}],"replies":[{"embeddable":true,"href":"https:\/\/sultanspices.es\/es\/wp-json\/wp\/v2\/comments?post=4706"}],"wp:featuredmedia":[{"embeddable":true,"href":"https:\/\/sultanspices.es\/es\/wp-json\/wp\/v2\/media\/4727"}],"wp:attachment":[{"href":"https:\/\/sultanspices.es\/es\/wp-json\/wp\/v2\/media?parent=4706"}],"wp:term":[{"taxonomy":"product_brand","embeddable":true,"href":"https:\/\/sultanspices.es\/es\/wp-json\/wp\/v2\/product_brand?post=4706"},{"taxonomy":"product_cat","embeddable":true,"href":"https:\/\/sultanspices.es\/es\/wp-json\/wp\/v2\/product_cat?post=4706"},{"taxonomy":"product_tag","embeddable":true,"href":"https:\/\/sultanspices.es\/es\/wp-json\/wp\/v2\/product_tag?post=4706"}],"curies":[{"name":"wp","href":"https:\/\/api.w.org\/{rel}","templated":true}]}}