{"id":4703,"date":"2024-06-23T17:02:49","date_gmt":"2024-06-23T15:02:49","guid":{"rendered":"https:\/\/sultanspices.es\/paprika-pwd-trs-400g\/"},"modified":"2026-02-23T12:41:09","modified_gmt":"2026-02-23T11:41:09","slug":"paprika-pwd-trs-400g","status":"publish","type":"product","link":"https:\/\/sultanspices.es\/es\/producto\/pimenton-pwd-trs-400g\/","title":{"rendered":"PIMENT\u00d3N PWD TRS 400G"},"content":{"rendered":"<div class=\"flex flex-grow flex-col max-w-full\">\n<div class=\"min-h-[20px] text-message flex flex-col items-start whitespace-pre-wrap break-words [.text-message+&amp;]:mt-5 juice:w-full juice:items-end overflow-x-auto gap-2\" dir=\"auto\" data-message-author-role=\"assistant\" data-message-id=\"24d99341-289b-43c1-bc15-799036b6913b\">\n<div class=\"flex w-full flex-col gap-1 juice:empty:hidden juice:first:pt-[3px]\">\n<div class=\"markdown prose w-full break-words dark:prose-invert dark\">\n<p>Realce el color y el sabor de sus platos con <strong>PIMENT\u00d3N PWD TRS 400G<\/strong>disponible en Sultan Spices, su tienda india de confianza en M\u00e1laga. Este piment\u00f3n en polvo de alta calidad es perfecto para a\u00f1adir un rico sabor ahumado y un vibrante tono rojo a una gran variedad de platos, desde recetas tradicionales indias a cocinas internacionales.<\/p>\n<p><strong>Caracter\u00edsticas principales:<\/strong><\/p>\n<ul>\n<li><strong>Calidad superior:<\/strong> Elaborado con pimientos rojos secos cuidadosamente seleccionados, lo que garantiza un sabor consistente y rico.<\/li>\n<li><strong>Uso vers\u00e1til:<\/strong> Ideal para condimentar carnes, verduras, sopas, guisos y mucho m\u00e1s.<\/li>\n<li><strong>Rico y ahumado:<\/strong> A\u00f1ade un sabor ahumado intenso y un color vibrante a sus comidas, realzando tanto su sabor como su aspecto.<\/li>\n<li><strong>Rico en nutrientes:<\/strong> Repleto de vitaminas y antioxidantes, es un complemento saludable para sus platos.<\/li>\n<li><strong>C\u00f3modo embalaje:<\/strong> Se presenta en un envase de 400 g, perfecto para un uso regular y un f\u00e1cil almacenamiento.<\/li>\n<\/ul>\n<p>En Sultan Spices, nos enorgullecemos de ofrecer una variada selecci\u00f3n de productos de alta calidad que aportan sabores aut\u00e9nticos a su cocina. <strong>PIMENT\u00d3N PWD TRS 400G<\/strong> no es una excepci\u00f3n, ya que le proporciona el sabor rico y ahumado que es esencial en muchas tradiciones culinarias.<\/p>\n<p>Visite Sultan Spices, su tienda de comestibles indios en M\u00e1laga, para explorar nuestra amplia gama de especias, harinas y otros ingredientes esenciales. En <strong>PIMENT\u00d3N PWD TRS 400G<\/strong>, podr\u00e1 elevar sus platos y disfrutar de los aut\u00e9nticos sabores de las cocinas india e internacional.<\/p>\n<p>Transforme su cocina con <strong>PIMENT\u00d3N PWD TRS 400G<\/strong> de Sultan Spices, y lleve a su hogar el sabor rico y tradicional del piment\u00f3n de alta calidad.<\/p>\n<\/div>\n<\/div>\n<\/div>\n<\/div>","protected":false},"excerpt":{"rendered":"<p>Realza el color y el sabor de tus platos con PAPRIKA PWD TRS 400G, disponible en Sultan Spices, tu tienda de alimentaci\u00f3n india de confianza en M\u00e1laga. Este piment\u00f3n en polvo de alta calidad es perfecto para a\u00f1adir un rico sabor ahumado y un vibrante tono rojo a una gran variedad de platos, desde recetas tradicionales indias hasta cocinas internacionales. Caracter\u00edsticas principales: Piment\u00f3n...<\/p>","protected":false},"featured_media":4728,"comment_status":"open","ping_status":"closed","template":"","meta":{"_kad_blocks_custom_css":"","_kad_blocks_head_custom_js":"","_kad_blocks_body_custom_js":"","_kad_blocks_footer_custom_js":"","_kadence_starter_templates_imported_post":false,"_kad_post_transparent":"default","_kad_post_title":"","_kad_post_layout":"default","_kad_post_sidebar_id":"","_kad_post_content_style":"default","_kad_post_vertical_padding":"default","_kad_post_feature":"","_kad_post_feature_position":"","_kad_post_header":false,"_kad_post_footer":false,"_kad_post_classname":""},"product_brand":[],"product_cat":[50],"product_tag":[],"class_list":{"0":"post-4703","1":"product","2":"type-product","3":"status-publish","4":"has-post-thumbnail","6":"product_cat-spices","8":"first","9":"instock","10":"shipping-taxable","11":"purchasable","12":"product-type-simple","13":"entry","14":"content-bg","15":"loop-entry"},"taxonomy_info":{"product_cat":[{"value":50,"label":"Spices"}]},"featured_image_src_large":["https:\/\/sultanspices.es\/wp-content\/uploads\/2024\/06\/ProductsPIX-6-1024x1024.png",1024,1024,true],"author_info":[],"comment_info":0,"jetpack_sharing_enabled":true,"_links":{"self":[{"href":"https:\/\/sultanspices.es\/es\/wp-json\/wp\/v2\/product\/4703","targetHints":{"allow":["GET"]}}],"collection":[{"href":"https:\/\/sultanspices.es\/es\/wp-json\/wp\/v2\/product"}],"about":[{"href":"https:\/\/sultanspices.es\/es\/wp-json\/wp\/v2\/types\/product"}],"replies":[{"embeddable":true,"href":"https:\/\/sultanspices.es\/es\/wp-json\/wp\/v2\/comments?post=4703"}],"wp:featuredmedia":[{"embeddable":true,"href":"https:\/\/sultanspices.es\/es\/wp-json\/wp\/v2\/media\/4728"}],"wp:attachment":[{"href":"https:\/\/sultanspices.es\/es\/wp-json\/wp\/v2\/media?parent=4703"}],"wp:term":[{"taxonomy":"product_brand","embeddable":true,"href":"https:\/\/sultanspices.es\/es\/wp-json\/wp\/v2\/product_brand?post=4703"},{"taxonomy":"product_cat","embeddable":true,"href":"https:\/\/sultanspices.es\/es\/wp-json\/wp\/v2\/product_cat?post=4703"},{"taxonomy":"product_tag","embeddable":true,"href":"https:\/\/sultanspices.es\/es\/wp-json\/wp\/v2\/product_tag?post=4703"}],"curies":[{"name":"wp","href":"https:\/\/api.w.org\/{rel}","templated":true}]}}