{"id":4701,"date":"2024-06-23T17:02:44","date_gmt":"2024-06-23T15:02:44","guid":{"rendered":"https:\/\/sultanspices.es\/noodles-knorr-chicken-66g\/"},"modified":"2026-02-23T12:41:05","modified_gmt":"2026-02-23T11:41:05","slug":"noodles-knorr-chicken-66g","status":"publish","type":"product","link":"https:\/\/sultanspices.es\/es\/producto\/fideos-knorr-pollo-66g\/","title":{"rendered":"FIDEOS KNORR POLLO 66G"},"content":{"rendered":"<p>Descubra la sabrosa delicia de <strong>FIDEOS KNORR POLLO 66G<\/strong>disponibles en Sultan Spices, tu tienda de alimentaci\u00f3n india de referencia en M\u00e1laga. Estos pr\u00e1cticos fideos con sabor a pollo ofrecen una soluci\u00f3n de comida r\u00e1pida y deliciosa, perfecta para d\u00edas ajetreados o cuando te apetece un plato reconfortante.<\/p>\n<p><strong>Caracter\u00edsticas principales:<\/strong><\/p>\n<ul>\n<li><strong>Sabrosos fideos con pollo:<\/strong> Hecho con aut\u00e9ntico sabor a pollo para una experiencia de sabor satisfactoria.<\/li>\n<li><strong>R\u00e1pido y sencillo:<\/strong> Listo para cocinar en minutos, lo que lo hace ideal para comidas r\u00e1pidas o tentempi\u00e9s.<\/li>\n<li><strong>Uso vers\u00e1til:<\/strong> Disfr\u00fatelo como plato independiente o complem\u00e9ntelo con sus verduras y prote\u00ednas favoritas.<\/li>\n<li><strong>C\u00f3modo embalaje:<\/strong> Se presenta en un envase de 66 gramos, f\u00e1cil de guardar y de utilizar cuando aprieta el hambre.<\/li>\n<\/ul>\n<p>En Sultan Spices, nos enorgullecemos de ofrecer una variada selecci\u00f3n de productos de alta calidad que satisfacen sus necesidades culinarias. <strong>FIDEOS KNORR POLLO 66G<\/strong> proporciona el sabroso sabor y la comodidad que usted espera de los productos Knorr.<\/p>\n<p>Visite Sultan Spices, su tienda india de confianza en M\u00e1laga, para explorar nuestra amplia gama de fideos, salsas, especias y mucho m\u00e1s. Con <strong>FIDEOS KNORR POLLO 66G<\/strong>con los fideos de pollo Knorr, podr\u00e1 disfrutar de una comida deliciosa y satisfactoria que llevar\u00e1 los sabores de los fideos de pollo Knorr a su mesa.<\/p>\n<p>Sacia tu hambre con <strong>FIDEOS KNORR POLLO 66G<\/strong> de Sultan Spices, y experimente en casa la comodidad y la exquisitez de los fideos con sabor a pollo de Knorr.<\/p>","protected":false},"excerpt":{"rendered":"<p>Descubra la sabrosa delicia de NOODLES KNORR CHICKEN 66G, disponible en Sultan Spices, su principal tienda de comestibles indios en M\u00e1laga. Estos pr\u00e1cticos fideos con sabor a pollo ofrecen una soluci\u00f3n de comida r\u00e1pida y deliciosa, perfecta para los d\u00edas ajetreados o cuando te apetece un plato reconfortante. Caracter\u00edsticas principales: Sabrosos fideos de pollo: Hechos con aut\u00e9ntico sabor a pollo para un satisfactorio...<\/p>","protected":false},"featured_media":4731,"comment_status":"open","ping_status":"closed","template":"","meta":{"_kad_blocks_custom_css":"","_kad_blocks_head_custom_js":"","_kad_blocks_body_custom_js":"","_kad_blocks_footer_custom_js":"","_kadence_starter_templates_imported_post":false,"_kad_post_transparent":"default","_kad_post_title":"","_kad_post_layout":"default","_kad_post_sidebar_id":"","_kad_post_content_style":"default","_kad_post_vertical_padding":"default","_kad_post_feature":"","_kad_post_feature_position":"","_kad_post_header":false,"_kad_post_footer":false,"_kad_post_classname":""},"product_brand":[],"product_cat":[56],"product_tag":[],"class_list":{"0":"post-4701","1":"product","2":"type-product","3":"status-publish","4":"has-post-thumbnail","6":"product_cat-indian-snacks","8":"first","9":"instock","10":"shipping-taxable","11":"purchasable","12":"product-type-simple","13":"entry","14":"content-bg","15":"loop-entry"},"taxonomy_info":{"product_cat":[{"value":56,"label":"Snacks"}]},"featured_image_src_large":["https:\/\/sultanspices.es\/wp-content\/uploads\/2024\/06\/ProductsPIX-7-1024x1024.png",1024,1024,true],"author_info":[],"comment_info":11,"jetpack_sharing_enabled":true,"_links":{"self":[{"href":"https:\/\/sultanspices.es\/es\/wp-json\/wp\/v2\/product\/4701","targetHints":{"allow":["GET"]}}],"collection":[{"href":"https:\/\/sultanspices.es\/es\/wp-json\/wp\/v2\/product"}],"about":[{"href":"https:\/\/sultanspices.es\/es\/wp-json\/wp\/v2\/types\/product"}],"replies":[{"embeddable":true,"href":"https:\/\/sultanspices.es\/es\/wp-json\/wp\/v2\/comments?post=4701"}],"wp:featuredmedia":[{"embeddable":true,"href":"https:\/\/sultanspices.es\/es\/wp-json\/wp\/v2\/media\/4731"}],"wp:attachment":[{"href":"https:\/\/sultanspices.es\/es\/wp-json\/wp\/v2\/media?parent=4701"}],"wp:term":[{"taxonomy":"product_brand","embeddable":true,"href":"https:\/\/sultanspices.es\/es\/wp-json\/wp\/v2\/product_brand?post=4701"},{"taxonomy":"product_cat","embeddable":true,"href":"https:\/\/sultanspices.es\/es\/wp-json\/wp\/v2\/product_cat?post=4701"},{"taxonomy":"product_tag","embeddable":true,"href":"https:\/\/sultanspices.es\/es\/wp-json\/wp\/v2\/product_tag?post=4701"}],"curies":[{"name":"wp","href":"https:\/\/api.w.org\/{rel}","templated":true}]}}