{"id":4699,"date":"2024-06-23T17:02:41","date_gmt":"2024-06-23T15:02:41","guid":{"rendered":"https:\/\/sultanspices.es\/mustard-oil-ali-baba-1lt\/"},"modified":"2026-04-06T00:21:06","modified_gmt":"2026-04-05T22:21:06","slug":"mustard-oil-ali-baba-1lt","status":"publish","type":"product","link":"https:\/\/sultanspices.es\/es\/producto\/aceite-de-mostaza-ali-baba-1lt\/","title":{"rendered":"ACEITE DE MOSTAZA ALI BABA 1LT"},"content":{"rendered":"<div class=\"flex flex-grow flex-col max-w-full\">\n<div class=\"min-h-[20px] text-message flex flex-col items-start whitespace-pre-wrap break-words [.text-message+&amp;]:mt-5 juice:w-full juice:items-end overflow-x-auto gap-2\" dir=\"auto\" data-message-author-role=\"assistant\" data-message-id=\"d88eceaf-6fa9-47ab-920b-5320dc0fefd7\">\n<div class=\"flex w-full flex-col gap-1 juice:empty:hidden juice:first:pt-[3px]\">\n<div class=\"markdown prose w-full break-words dark:prose-invert dark\">\n<p>Experimente el sabor intenso y los beneficios para la salud de <strong>ACEITE DE MOSTAZA ALI BABA 1LT<\/strong> en Sultan Spices, su tienda de alimentaci\u00f3n india de confianza en M\u00e1laga. Este aceite de mostaza de primera calidad es conocido por su sabor distintivo y su versatilidad en la cocina, por lo que es un elemento b\u00e1sico en la cocina india y del sudeste asi\u00e1tico.<\/p>\n<p><strong>Caracter\u00edsticas principales:<\/strong><\/p>\n<ul>\n<li><strong>Calidad superior:<\/strong> Prensado en fr\u00edo a partir de granos de mostaza seleccionados para preservar los sabores y nutrientes naturales.<\/li>\n<li><strong>Sabor distintivo:<\/strong> A\u00f1ade a los platos un rico sabor y aroma a nuez, realzando su autenticidad.<\/li>\n<li><strong>Elecci\u00f3n saludable:<\/strong> Alto contenido en grasas monoinsaturadas, antioxidantes y \u00e1cidos grasos omega-3 para una dieta equilibrada.<\/li>\n<li><strong>Uso vers\u00e1til:<\/strong> Ideal para fre\u00edr, saltear, marinar y ali\u00f1ar ensaladas, sacando lo mejor de sus recetas.<\/li>\n<li><strong>C\u00f3modo embalaje:<\/strong> Se presenta en una botella de 1 litro, lo que garantiza su frescura y facilidad de uso en su cocina.<\/li>\n<\/ul>\n<p>En Sultan Spices, nos enorgullecemos de ofrecer ingredientes aut\u00e9nticos que reflejan la riqueza de la cocina india. <strong>ACEITE DE MOSTAZA ALI BABA 1LT<\/strong> ejemplifica nuestro compromiso con la calidad y el sabor.<\/p>\n<p>Visite Sultan Spices en M\u00e1laga para explorar nuestra amplia gama de especias, aceites e ingredientes esenciales. Con <strong>ACEITE DE MOSTAZA ALI BABA 1LT<\/strong>Con el aceite de mostaza, puede mejorar su cocina con el sabor inconfundible y los beneficios para la salud del aceite de mostaza.<\/p>\n<p>Descubra las posibilidades culinarias con <strong>ACEITE DE MOSTAZA ALI BABA 1LT<\/strong> de Sultan Spices, y disfrute de los sabores aut\u00e9nticos y las ventajas nutricionales que aporta a sus comidas.<\/p>\n<\/div>\n<\/div>\n<\/div>\n<\/div>","protected":false},"excerpt":{"rendered":"<p>Experimente el sabor robusto y los beneficios para la salud del ACEITE DE MOSTAZA ALI BABA 1LT en Sultan Spices, su tienda de alimentaci\u00f3n india de confianza en M\u00e1laga. Este aceite de mostaza de primera calidad es conocido por su sabor distintivo y versatilidad en la cocina, por lo que es un elemento b\u00e1sico en la cocina india y del sudeste asi\u00e1tico. Caracter\u00edsticas principales: Calidad Premium: Prensado en fr\u00edo a partir de...<\/p>","protected":false},"featured_media":4735,"comment_status":"open","ping_status":"closed","template":"","meta":{"_kad_blocks_custom_css":"","_kad_blocks_head_custom_js":"","_kad_blocks_body_custom_js":"","_kad_blocks_footer_custom_js":"","_kadence_starter_templates_imported_post":false,"_kad_post_transparent":"default","_kad_post_title":"","_kad_post_layout":"default","_kad_post_sidebar_id":"","_kad_post_content_style":"default","_kad_post_vertical_padding":"default","_kad_post_feature":"","_kad_post_feature_position":"","_kad_post_header":false,"_kad_post_footer":false,"_kad_post_classname":""},"product_brand":[],"product_cat":[62],"product_tag":[],"class_list":{"0":"post-4699","1":"product","2":"type-product","3":"status-publish","4":"has-post-thumbnail","6":"product_cat-oils","8":"first","9":"instock","10":"sale","11":"shipping-taxable","12":"purchasable","13":"product-type-simple","14":"entry","15":"content-bg","16":"loop-entry"},"taxonomy_info":{"product_cat":[{"value":62,"label":"Oils"}]},"featured_image_src_large":["https:\/\/sultanspices.es\/wp-content\/uploads\/2024\/06\/ProductsPIX-9-1024x1024.png",1024,1024,true],"author_info":[],"comment_info":0,"jetpack_sharing_enabled":true,"_links":{"self":[{"href":"https:\/\/sultanspices.es\/es\/wp-json\/wp\/v2\/product\/4699","targetHints":{"allow":["GET"]}}],"collection":[{"href":"https:\/\/sultanspices.es\/es\/wp-json\/wp\/v2\/product"}],"about":[{"href":"https:\/\/sultanspices.es\/es\/wp-json\/wp\/v2\/types\/product"}],"replies":[{"embeddable":true,"href":"https:\/\/sultanspices.es\/es\/wp-json\/wp\/v2\/comments?post=4699"}],"wp:featuredmedia":[{"embeddable":true,"href":"https:\/\/sultanspices.es\/es\/wp-json\/wp\/v2\/media\/4735"}],"wp:attachment":[{"href":"https:\/\/sultanspices.es\/es\/wp-json\/wp\/v2\/media?parent=4699"}],"wp:term":[{"taxonomy":"product_brand","embeddable":true,"href":"https:\/\/sultanspices.es\/es\/wp-json\/wp\/v2\/product_brand?post=4699"},{"taxonomy":"product_cat","embeddable":true,"href":"https:\/\/sultanspices.es\/es\/wp-json\/wp\/v2\/product_cat?post=4699"},{"taxonomy":"product_tag","embeddable":true,"href":"https:\/\/sultanspices.es\/es\/wp-json\/wp\/v2\/product_tag?post=4699"}],"curies":[{"name":"wp","href":"https:\/\/api.w.org\/{rel}","templated":true}]}}