{"id":4698,"date":"2024-06-23T17:02:41","date_gmt":"2024-06-23T15:02:41","guid":{"rendered":"https:\/\/sultanspices.es\/mung-flour-ali-baba-1kg\/"},"modified":"2026-02-23T12:40:57","modified_gmt":"2026-02-23T11:40:57","slug":"mung-flour-ali-baba-1kg","status":"publish","type":"product","link":"https:\/\/sultanspices.es\/es\/producto\/harina-de-mungo-ali-baba-1kg\/","title":{"rendered":"HARINA DE MUNGO ALI BABA 1KG"},"content":{"rendered":"<p>Explore la versatilidad de <strong>HARINA DE MUNGO ALI BABA 1KG<\/strong> en Sultan Spices, su tienda india de confianza en M\u00e1laga. Esta harina de frijol mungo de primera calidad ofrece una adici\u00f3n nutritiva y sabrosa a sus creaciones culinarias, perfecta tanto para platos indios tradicionales como para recetas modernas.<\/p>\n<p><strong>Caracter\u00edsticas principales:<\/strong><\/p>\n<ul>\n<li><strong>Calidad superior:<\/strong> Finamente molido a partir de jud\u00edas mungo seleccionadas para garantizar una textura y un sabor superiores.<\/li>\n<li><strong>Ingrediente vers\u00e1til:<\/strong> Ideal para preparar crujientes bhajias, esponjosas tortitas y productos horneados sin gluten.<\/li>\n<li><strong>Rico en nutrientes:<\/strong> Tiene un alto contenido en prote\u00ednas y fibra diet\u00e9tica, lo que la convierte en una opci\u00f3n sana para cocinar de forma saludable.<\/li>\n<li><strong>Sabor aut\u00e9ntico:<\/strong> Realza los aut\u00e9nticos sabores de la cocina india al tiempo que se adapta a diversas necesidades diet\u00e9ticas.<\/li>\n<li><strong>C\u00f3modo embalaje:<\/strong> Se presenta en envases de 1 kg, lo que garantiza su frescura y facilita su almacenamiento.<\/li>\n<\/ul>\n<p>En Sultan Spices, nos especializamos en proporcionar ingredientes de alta calidad que elevan su experiencia culinaria. <strong>HARINA DE MUNGO ALI BABA 1KG<\/strong> ejemplifica nuestro compromiso de ofrecer aut\u00e9nticos comestibles indios que satisfagan sus necesidades culinarias.<\/p>\n<p>Visite Sultan Spices en M\u00e1laga para explorar nuestra amplia selecci\u00f3n de especias, harinas e ingredientes especiales. Con <strong>HARINA DE MUNGO ALI BABA 1KG<\/strong>con el que podr\u00e1 descubrir nuevas dimensiones de sabor y nutrici\u00f3n en su cocina.<\/p>\n<p>Mejore sus platos con <strong>HARINA DE MUNGO ALI BABA 1KG<\/strong> de Sultan Spices, y disfrute de los beneficios nutritivos y el aut\u00e9ntico sabor de la harina de jud\u00eda mungo en cada comida.<\/p>","protected":false},"excerpt":{"rendered":"<p>Explore la versatilidad de la HARINA DE FRIJOL MUNG ALI BABA 1KG en Sultan Spices, su tienda de alimentaci\u00f3n india de confianza en M\u00e1laga. Esta harina de frijol mungo de primera calidad ofrece una adici\u00f3n nutritiva y sabrosa a sus creaciones culinarias, perfecta tanto para platos indios tradicionales como para recetas modernas. Caracter\u00edsticas principales: Calidad superior: Finamente molida a partir de jud\u00edas mungo seleccionadas para garantizar...<\/p>","protected":false},"featured_media":4733,"comment_status":"open","ping_status":"closed","template":"","meta":{"_kad_blocks_custom_css":"","_kad_blocks_head_custom_js":"","_kad_blocks_body_custom_js":"","_kad_blocks_footer_custom_js":"","_kadence_starter_templates_imported_post":false,"_kad_post_transparent":"default","_kad_post_title":"","_kad_post_layout":"default","_kad_post_sidebar_id":"","_kad_post_content_style":"default","_kad_post_vertical_padding":"default","_kad_post_feature":"","_kad_post_feature_position":"","_kad_post_header":false,"_kad_post_footer":false,"_kad_post_classname":""},"product_brand":[],"product_cat":[52],"product_tag":[],"class_list":{"0":"post-4698","1":"product","2":"type-product","3":"status-publish","4":"has-post-thumbnail","6":"product_cat-flour","8":"first","9":"instock","10":"shipping-taxable","11":"purchasable","12":"product-type-simple","13":"entry","14":"content-bg","15":"loop-entry"},"taxonomy_info":{"product_cat":[{"value":52,"label":"Flour"}]},"featured_image_src_large":["https:\/\/sultanspices.es\/wp-content\/uploads\/2024\/06\/ProductsPIX-8-1024x1024.png",1024,1024,true],"author_info":[],"comment_info":1,"jetpack_sharing_enabled":true,"_links":{"self":[{"href":"https:\/\/sultanspices.es\/es\/wp-json\/wp\/v2\/product\/4698","targetHints":{"allow":["GET"]}}],"collection":[{"href":"https:\/\/sultanspices.es\/es\/wp-json\/wp\/v2\/product"}],"about":[{"href":"https:\/\/sultanspices.es\/es\/wp-json\/wp\/v2\/types\/product"}],"replies":[{"embeddable":true,"href":"https:\/\/sultanspices.es\/es\/wp-json\/wp\/v2\/comments?post=4698"}],"wp:featuredmedia":[{"embeddable":true,"href":"https:\/\/sultanspices.es\/es\/wp-json\/wp\/v2\/media\/4733"}],"wp:attachment":[{"href":"https:\/\/sultanspices.es\/es\/wp-json\/wp\/v2\/media?parent=4698"}],"wp:term":[{"taxonomy":"product_brand","embeddable":true,"href":"https:\/\/sultanspices.es\/es\/wp-json\/wp\/v2\/product_brand?post=4698"},{"taxonomy":"product_cat","embeddable":true,"href":"https:\/\/sultanspices.es\/es\/wp-json\/wp\/v2\/product_cat?post=4698"},{"taxonomy":"product_tag","embeddable":true,"href":"https:\/\/sultanspices.es\/es\/wp-json\/wp\/v2\/product_tag?post=4698"}],"curies":[{"name":"wp","href":"https:\/\/api.w.org\/{rel}","templated":true}]}}