{"id":4697,"date":"2024-06-23T17:02:40","date_gmt":"2024-06-23T15:02:40","guid":{"rendered":"https:\/\/sultanspices.es\/mung-dallchilka-ali-baba-2kg\/"},"modified":"2026-04-08T00:00:32","modified_gmt":"2026-04-07T22:00:32","slug":"mung-dallchilka-ali-baba-2kg","status":"publish","type":"product","link":"https:\/\/sultanspices.es\/es\/producto\/mung-dallchilka-ali-baba-2kg\/","title":{"rendered":"MUNG DALL(CHILKA) ALI BABA 2KG"},"content":{"rendered":"<p>Descubra el sabor saludable y los beneficios nutricionales de <strong>MUNG DALL(CHILKA) ALI BABA 2KG<\/strong> en Sultan Spices, su tienda india de confianza en M\u00e1laga. Esta jud\u00eda mungo partida de alta calidad, conocida como chilka dal, es un ingrediente vers\u00e1til que enriquece una gran variedad de platos indios con su sabor a nuez y su textura cremosa.<\/p>\n<p><strong>Caracter\u00edsticas principales:<\/strong><\/p>\n<ul>\n<li><strong>Calidad superior:<\/strong> Se obtienen de las mejores jud\u00edas mungo partidas con la c\u00e1scara intacta, lo que garantiza un sabor y una textura superiores.<\/li>\n<li><strong>Rico en nutrientes:<\/strong> Con un alto contenido en prote\u00ednas, fibra y minerales esenciales, favorece una dieta equilibrada y el bienestar general.<\/li>\n<li><strong>Uso vers\u00e1til:<\/strong> Ideal para preparar dals, sopas, currys y dulces tradicionales indios como el moong dal halwa.<\/li>\n<li><strong>Sabor aut\u00e9ntico:<\/strong> Realza los aut\u00e9nticos sabores de la cocina india, perfecta tanto para comidas cotidianas como para ocasiones especiales.<\/li>\n<li><strong>C\u00f3modo embalaje:<\/strong> Se presenta en un envase de 2KG, que proporciona una cantidad suficiente para las comidas familiares y un f\u00e1cil almacenamiento.<\/li>\n<\/ul>\n<p>En Sultan Spices, nos especializamos en ofrecer ingredientes de primera calidad que satisfagan las necesidades culinarias de nuestros clientes. <strong>MUNG DALL(CHILKA) ALI BABA 2KG<\/strong> ejemplifica nuestro compromiso con la calidad y la autenticidad.<\/p>\n<p>Visite Sultan Spices en M\u00e1laga para explorar nuestra amplia gama de lentejas, especias y art\u00edculos especiales. Con <strong>MUNG DALL(CHILKA) ALI BABA 2KG<\/strong>con los ricos sabores y los beneficios nutricionales de las jud\u00edas mungo partidas.<\/p>\n<p>Realce sus platos con <strong>MUNG DALL(CHILKA) ALI BABA 2KG<\/strong> de Sultan Spices, y disfrute de los beneficios saludables y el aut\u00e9ntico sabor del chilka dal en cada bocado.<\/p>","protected":false},"excerpt":{"rendered":"<p>Descubra el sabor saludable y los beneficios nutricionales de MUNG DALL(CHILKA) ALI BABA 2KG en Sultan Spices, su tienda de alimentaci\u00f3n india de confianza en M\u00e1laga. Esta jud\u00eda mungo partida de alta calidad, conocida como chilka dal, es un ingrediente vers\u00e1til que enriquece una gran variedad de platos indios con su sabor a nuez y su textura cremosa. Caracter\u00edsticas principales: Calidad superior: De origen...<\/p>","protected":false},"featured_media":4736,"comment_status":"open","ping_status":"closed","template":"","meta":{"_kad_blocks_custom_css":"","_kad_blocks_head_custom_js":"","_kad_blocks_body_custom_js":"","_kad_blocks_footer_custom_js":"","_kadence_starter_templates_imported_post":false,"_kad_post_transparent":"default","_kad_post_title":"","_kad_post_layout":"default","_kad_post_sidebar_id":"","_kad_post_content_style":"default","_kad_post_vertical_padding":"default","_kad_post_feature":"","_kad_post_feature_position":"","_kad_post_header":false,"_kad_post_footer":false,"_kad_post_classname":""},"product_brand":[],"product_cat":[47],"product_tag":[],"class_list":{"0":"post-4697","1":"product","2":"type-product","3":"status-publish","4":"has-post-thumbnail","6":"product_cat-lentils","8":"first","9":"instock","10":"shipping-taxable","11":"purchasable","12":"product-type-simple","13":"entry","14":"content-bg","15":"loop-entry"},"taxonomy_info":{"product_cat":[{"value":47,"label":"Lentils"}]},"featured_image_src_large":["https:\/\/sultanspices.es\/wp-content\/uploads\/2024\/06\/ProductsPIX-10-1024x1024.png",1024,1024,true],"author_info":[],"comment_info":0,"jetpack_sharing_enabled":true,"_links":{"self":[{"href":"https:\/\/sultanspices.es\/es\/wp-json\/wp\/v2\/product\/4697","targetHints":{"allow":["GET"]}}],"collection":[{"href":"https:\/\/sultanspices.es\/es\/wp-json\/wp\/v2\/product"}],"about":[{"href":"https:\/\/sultanspices.es\/es\/wp-json\/wp\/v2\/types\/product"}],"replies":[{"embeddable":true,"href":"https:\/\/sultanspices.es\/es\/wp-json\/wp\/v2\/comments?post=4697"}],"wp:featuredmedia":[{"embeddable":true,"href":"https:\/\/sultanspices.es\/es\/wp-json\/wp\/v2\/media\/4736"}],"wp:attachment":[{"href":"https:\/\/sultanspices.es\/es\/wp-json\/wp\/v2\/media?parent=4697"}],"wp:term":[{"taxonomy":"product_brand","embeddable":true,"href":"https:\/\/sultanspices.es\/es\/wp-json\/wp\/v2\/product_brand?post=4697"},{"taxonomy":"product_cat","embeddable":true,"href":"https:\/\/sultanspices.es\/es\/wp-json\/wp\/v2\/product_cat?post=4697"},{"taxonomy":"product_tag","embeddable":true,"href":"https:\/\/sultanspices.es\/es\/wp-json\/wp\/v2\/product_tag?post=4697"}],"curies":[{"name":"wp","href":"https:\/\/api.w.org\/{rel}","templated":true}]}}