{"id":4696,"date":"2024-06-23T17:02:39","date_gmt":"2024-06-23T15:02:39","guid":{"rendered":"https:\/\/sultanspices.es\/mung-dallchilka-ali-baba-1kg\/"},"modified":"2026-04-08T00:00:25","modified_gmt":"2026-04-07T22:00:25","slug":"mung-dallchilka-ali-baba-1kg","status":"publish","type":"product","link":"https:\/\/sultanspices.es\/es\/producto\/mung-dallchilka-ali-baba-1kg\/","title":{"rendered":"MUNG DALL(CHILKA) ALI BABA 1KG"},"content":{"rendered":"<p>Explore el rico sabor y los beneficios nutricionales del <strong>MUNG DALL(CHILKA) ALI BABA 1KG<\/strong> en Sultan Spices, su tienda india de confianza en M\u00e1laga. Este chilka dal de primera calidad, elaborado con jud\u00edas mungo partidas con la c\u00e1scara intacta, es un ingrediente vers\u00e1til que a\u00f1ade profundidad a una gran variedad de platos indios.<\/p>\n<p><strong>Caracter\u00edsticas principales:<\/strong><\/p>\n<ul>\n<li><strong>Calidad superior:<\/strong> Se obtienen de las mejores jud\u00edas mungo partidas con c\u00e1scara, lo que garantiza un sabor y una textura superiores.<\/li>\n<li><strong>Rico en nutrientes:<\/strong> Con un alto contenido en prote\u00ednas, fibra y minerales esenciales, favorece una dieta equilibrada y el bienestar general.<\/li>\n<li><strong>Uso vers\u00e1til:<\/strong> Ideal para preparar dals, sopas, currys y dulces tradicionales indios como el moong dal halwa.<\/li>\n<li><strong>Sabor aut\u00e9ntico:<\/strong> Realza los aut\u00e9nticos sabores de la cocina india, perfecta tanto para comidas cotidianas como para ocasiones especiales.<\/li>\n<li><strong>C\u00f3modo embalaje:<\/strong> Se presenta en un envase de 1 kg, que proporciona una cantidad suficiente para uso dom\u00e9stico y f\u00e1cil almacenamiento.<\/li>\n<\/ul>\n<p>En Sultan Spices, nos enorgullecemos de ofrecer ingredientes de alta calidad que satisfacen las necesidades culinarias de nuestros clientes. <strong>MUNG DALL(CHILKA) ALI BABA 1KG<\/strong> ejemplifica nuestro compromiso con la autenticidad y el sabor.<\/p>\n<p>Visite Sultan Spices en M\u00e1laga para explorar nuestra amplia selecci\u00f3n de lentejas, especias y art\u00edculos especiales. Con <strong>MUNG DALL(CHILKA) ALI BABA 1KG<\/strong>con los ricos sabores y los beneficios nutricionales de las jud\u00edas mungo partidas.<\/p>\n<p>Realce sus platos con <strong>MUNG DALL(CHILKA) ALI BABA 1KG<\/strong> de Sultan Spices, y saboree la bondad saludable y el aut\u00e9ntico sabor del chilka dal en cada comida.<\/p>","protected":false},"excerpt":{"rendered":"<p>Explore el rico sabor y los beneficios nutricionales de MUNG DALL(CHILKA) ALI BABA 1KG en Sultan Spices, su tienda de alimentaci\u00f3n india de confianza en M\u00e1laga. Este chilka dal de primera calidad, elaborado con jud\u00edas mungo partidas con la c\u00e1scara intacta, es un ingrediente vers\u00e1til que a\u00f1ade profundidad a una gran variedad de platos indios. Caracter\u00edsticas principales: Calidad superior: Procedente de...<\/p>","protected":false},"featured_media":4738,"comment_status":"open","ping_status":"closed","template":"","meta":{"_kad_blocks_custom_css":"","_kad_blocks_head_custom_js":"","_kad_blocks_body_custom_js":"","_kad_blocks_footer_custom_js":"","_kadence_starter_templates_imported_post":false,"_kad_post_transparent":"default","_kad_post_title":"","_kad_post_layout":"default","_kad_post_sidebar_id":"","_kad_post_content_style":"default","_kad_post_vertical_padding":"default","_kad_post_feature":"","_kad_post_feature_position":"","_kad_post_header":false,"_kad_post_footer":false,"_kad_post_classname":""},"product_brand":[],"product_cat":[47],"product_tag":[],"class_list":{"0":"post-4696","1":"product","2":"type-product","3":"status-publish","4":"has-post-thumbnail","6":"product_cat-lentils","8":"first","9":"instock","10":"shipping-taxable","11":"purchasable","12":"product-type-simple","13":"entry","14":"content-bg","15":"loop-entry"},"taxonomy_info":{"product_cat":[{"value":47,"label":"Lentils"}]},"featured_image_src_large":["https:\/\/sultanspices.es\/wp-content\/uploads\/2024\/06\/ProductsPIX-11-1024x1024.png",1024,1024,true],"author_info":[],"comment_info":0,"jetpack_sharing_enabled":true,"_links":{"self":[{"href":"https:\/\/sultanspices.es\/es\/wp-json\/wp\/v2\/product\/4696","targetHints":{"allow":["GET"]}}],"collection":[{"href":"https:\/\/sultanspices.es\/es\/wp-json\/wp\/v2\/product"}],"about":[{"href":"https:\/\/sultanspices.es\/es\/wp-json\/wp\/v2\/types\/product"}],"replies":[{"embeddable":true,"href":"https:\/\/sultanspices.es\/es\/wp-json\/wp\/v2\/comments?post=4696"}],"wp:featuredmedia":[{"embeddable":true,"href":"https:\/\/sultanspices.es\/es\/wp-json\/wp\/v2\/media\/4738"}],"wp:attachment":[{"href":"https:\/\/sultanspices.es\/es\/wp-json\/wp\/v2\/media?parent=4696"}],"wp:term":[{"taxonomy":"product_brand","embeddable":true,"href":"https:\/\/sultanspices.es\/es\/wp-json\/wp\/v2\/product_brand?post=4696"},{"taxonomy":"product_cat","embeddable":true,"href":"https:\/\/sultanspices.es\/es\/wp-json\/wp\/v2\/product_cat?post=4696"},{"taxonomy":"product_tag","embeddable":true,"href":"https:\/\/sultanspices.es\/es\/wp-json\/wp\/v2\/product_tag?post=4696"}],"curies":[{"name":"wp","href":"https:\/\/api.w.org\/{rel}","templated":true}]}}