{"id":4695,"date":"2024-06-23T17:02:37","date_gmt":"2024-06-23T15:02:37","guid":{"rendered":"https:\/\/sultanspices.es\/mehndi-pwd-kangana-black-60g\/"},"modified":"2026-02-23T12:40:55","modified_gmt":"2026-02-23T11:40:55","slug":"mehndi-pwd-kangana-black-60g","status":"publish","type":"product","link":"https:\/\/sultanspices.es\/es\/producto\/mehndi-pwd-kangana-negro-60g\/","title":{"rendered":"MEHNDI PWD KANGANA NEGRO 60G"},"content":{"rendered":"<p>Transforma tu look con <strong>MEHNDI PWD KANGANA NEGRO 60G<\/strong>disponible en Sultan Spices, su principal tienda de alimentaci\u00f3n india en M\u00e1laga. Este polvo de henna negra de alta calidad de Kangana es perfecto para crear dise\u00f1os de henna intrincados y duraderos, enriqueciendo tanto las celebraciones culturales como el adorno personal.<\/p>\n<p><strong>Caracter\u00edsticas principales:<\/strong><\/p>\n<ul>\n<li><strong>Calidad superior:<\/strong> Elaborada con las mejores hojas de henna, garantiza un color intenso y un resultado duradero.<\/li>\n<li><strong>Natural y seguro:<\/strong> No contiene sustancias qu\u00edmicas nocivas, por lo que su aplicaci\u00f3n es segura para la piel y el cabello.<\/li>\n<li><strong>Uso vers\u00e1til:<\/strong> Ideal para el arte corporal tradicional con henna y la coloraci\u00f3n del cabello, ya que ofrece un color vibrante y duradero.<\/li>\n<li><strong>Importancia cultural:<\/strong> Realza ocasiones festivas como bodas y festivales con su encanto tradicional.<\/li>\n<li><strong>C\u00f3modo embalaje:<\/strong> Viene en un paquete de 60G, f\u00e1cil de usar y almacenar para m\u00faltiples aplicaciones.<\/li>\n<\/ul>\n<p>En Sultan Spices nos especializamos en ofrecer productos aut\u00e9nticos que responden a las tradiciones culturales y a los rituales de belleza personales. <strong>MEHNDI PWD KANGANA NEGRO 60G<\/strong> ejemplifica nuestro compromiso con la calidad y la importancia cultural.<\/p>\n<p>Visite Sultan Spices en M\u00e1laga para explorar nuestra amplia gama de productos de belleza, especias e ingredientes esenciales. Con <strong>MEHNDI PWD KANGANA NEGRO 60G<\/strong>Si lo desea, puede adornarse con la belleza intemporal de la henna negra, que realzar\u00e1 su aspecto con su elegancia natural.<\/p>\n<p>Abrace el arte de la henna con <strong>MEHNDI PWD KANGANA NEGRO 60G<\/strong> de Sultan Spices, y del\u00e9itese con el rico color y la herencia cultural que aporta a su piel y su cabello.<\/p>","protected":false},"excerpt":{"rendered":"<p>Transforma tu look con MEHNDI PWD KANGANA BLACK 60G, disponible en Sultan Spices, tu tienda india de confianza en M\u00e1laga. Este polvo de henna negro de alta calidad de Kangana es perfecto para crear dise\u00f1os de henna intrincados y duraderos, enriqueciendo las celebraciones culturales y el adorno personal por igual. Caracter\u00edsticas principales: Calidad Premium: Hecho de las hojas de henna m\u00e1s finas, asegurando...<\/p>","protected":false},"featured_media":4740,"comment_status":"open","ping_status":"closed","template":"","meta":{"_kad_blocks_custom_css":"","_kad_blocks_head_custom_js":"","_kad_blocks_body_custom_js":"","_kad_blocks_footer_custom_js":"","_kadence_starter_templates_imported_post":false,"_kad_post_transparent":"default","_kad_post_title":"","_kad_post_layout":"default","_kad_post_sidebar_id":"","_kad_post_content_style":"default","_kad_post_vertical_padding":"default","_kad_post_feature":"","_kad_post_feature_position":"","_kad_post_header":false,"_kad_post_footer":false,"_kad_post_classname":""},"product_brand":[],"product_cat":[15],"product_tag":[],"class_list":{"0":"post-4695","1":"product","2":"type-product","3":"status-publish","4":"has-post-thumbnail","6":"product_cat-indian-items","8":"first","9":"instock","10":"shipping-taxable","11":"purchasable","12":"product-type-simple","13":"entry","14":"content-bg","15":"loop-entry"},"taxonomy_info":{"product_cat":[{"value":15,"label":"Other Indian Items"}]},"featured_image_src_large":["https:\/\/sultanspices.es\/wp-content\/uploads\/2024\/06\/ProductsPIX-12-1024x1024.png",1024,1024,true],"author_info":[],"comment_info":0,"jetpack_sharing_enabled":true,"_links":{"self":[{"href":"https:\/\/sultanspices.es\/es\/wp-json\/wp\/v2\/product\/4695","targetHints":{"allow":["GET"]}}],"collection":[{"href":"https:\/\/sultanspices.es\/es\/wp-json\/wp\/v2\/product"}],"about":[{"href":"https:\/\/sultanspices.es\/es\/wp-json\/wp\/v2\/types\/product"}],"replies":[{"embeddable":true,"href":"https:\/\/sultanspices.es\/es\/wp-json\/wp\/v2\/comments?post=4695"}],"wp:featuredmedia":[{"embeddable":true,"href":"https:\/\/sultanspices.es\/es\/wp-json\/wp\/v2\/media\/4740"}],"wp:attachment":[{"href":"https:\/\/sultanspices.es\/es\/wp-json\/wp\/v2\/media?parent=4695"}],"wp:term":[{"taxonomy":"product_brand","embeddable":true,"href":"https:\/\/sultanspices.es\/es\/wp-json\/wp\/v2\/product_brand?post=4695"},{"taxonomy":"product_cat","embeddable":true,"href":"https:\/\/sultanspices.es\/es\/wp-json\/wp\/v2\/product_cat?post=4695"},{"taxonomy":"product_tag","embeddable":true,"href":"https:\/\/sultanspices.es\/es\/wp-json\/wp\/v2\/product_tag?post=4695"}],"curies":[{"name":"wp","href":"https:\/\/api.w.org\/{rel}","templated":true}]}}