{"id":4688,"date":"2024-06-23T17:02:33","date_gmt":"2024-06-23T15:02:33","guid":{"rendered":"https:\/\/sultanspices.es\/haldis-moong-dal-200g\/"},"modified":"2026-02-23T12:40:47","modified_gmt":"2026-02-23T11:40:47","slug":"haldis-moong-dal-200g","status":"publish","type":"product","link":"https:\/\/sultanspices.es\/es\/producto\/haldis-moong-dal-200g\/","title":{"rendered":"MOONG DAL DE HALDI 200G"},"content":{"rendered":"<div class=\"flex flex-grow flex-col max-w-full\">\n<div class=\"min-h-[20px] text-message flex flex-col items-start whitespace-pre-wrap break-words [.text-message+&amp;]:mt-5 juice:w-full juice:items-end overflow-x-auto gap-2\" dir=\"auto\" data-message-author-role=\"assistant\" data-message-id=\"ce9d8cd9-920d-4fa6-b5ec-09b76b11fca3\">\n<div class=\"flex w-full flex-col gap-1 juice:empty:hidden juice:first:pt-[3px]\">\n<div class=\"markdown prose w-full break-words dark:prose-invert dark\">\n<p>Descubra los beneficios de <strong>MOONG DAL DE HALDI 200G<\/strong> en Sultan Spices, su tienda india de confianza en M\u00e1laga. Este moong dal de primera calidad, curado por Haldi's, ofrece una adici\u00f3n nutritiva y vers\u00e1til a su repertorio culinario, perfecto para platos indios tradicionales y recetas innovadoras por igual.<\/p>\n<p><strong>Caracter\u00edsticas principales:<\/strong><\/p>\n<ul>\n<li><strong>Calidad superior:<\/strong> El moong dal cuidadosamente seleccionado garantiza un sabor y una textura superiores.<\/li>\n<li><strong>Rico en nutrientes:<\/strong> Alto contenido en prote\u00ednas, fibra y minerales esenciales para una dieta equilibrada.<\/li>\n<li><strong>Uso vers\u00e1til:<\/strong> Ideal para preparaciones de dal, sopas, guisos y aperitivos como el moong dal halwa.<\/li>\n<li><strong>Sabor aut\u00e9ntico:<\/strong> Realza los sabores de la cocina india, perfecta para comidas cotidianas y ocasiones festivas.<\/li>\n<li><strong>C\u00f3modo embalaje:<\/strong> Se presenta en un envase de 200 g, pr\u00e1ctico para el uso dom\u00e9stico y el almacenamiento.<\/li>\n<\/ul>\n<p>En Sultan Spices, nos enorgullecemos de ofrecer ingredientes de alta calidad que mejoran su experiencia culinaria. <strong>MOONG DAL DE HALDI 200G<\/strong> ejemplifica nuestro compromiso con la autenticidad y el sabor.<\/p>\n<p>Visite Sultan Spices en M\u00e1laga para explorar nuestra amplia gama de lentejas, especias y art\u00edculos especiales. Con <strong>MOONG DAL DE HALDI 200G<\/strong>Si lo desea, puede realzar sus platos con los ricos sabores y los beneficios nutricionales del moong dal.<\/p>\n<p>Mejore su cocina con <strong>MOONG DAL DE HALDI 200G<\/strong> de Sultan Spices, y saboree los beneficios saludables y el sabor aut\u00e9ntico que aporta a sus comidas.<\/p>\n<\/div>\n<\/div>\n<\/div>\n<\/div>","protected":false},"excerpt":{"rendered":"<p>Descubra los beneficios de HALDI'S MOONG DAL 200G en Sultan Spices, su tienda de alimentaci\u00f3n india de confianza en M\u00e1laga. Este moong dal de primera calidad, curado por Haldi's, ofrece una adici\u00f3n nutritiva y vers\u00e1til a su repertorio culinario, perfecto para platos indios tradicionales y recetas innovadoras por igual. Caracter\u00edsticas principales: Calidad superior: El moong dal cuidadosamente seleccionado garantiza...<\/p>","protected":false},"featured_media":4742,"comment_status":"open","ping_status":"closed","template":"","meta":{"_kad_blocks_custom_css":"","_kad_blocks_head_custom_js":"","_kad_blocks_body_custom_js":"","_kad_blocks_footer_custom_js":"","_kadence_starter_templates_imported_post":false,"_kad_post_transparent":"default","_kad_post_title":"","_kad_post_layout":"default","_kad_post_sidebar_id":"","_kad_post_content_style":"default","_kad_post_vertical_padding":"default","_kad_post_feature":"","_kad_post_feature_position":"","_kad_post_header":false,"_kad_post_footer":false,"_kad_post_classname":""},"product_brand":[],"product_cat":[47,56],"product_tag":[],"class_list":{"0":"post-4688","1":"product","2":"type-product","3":"status-publish","4":"has-post-thumbnail","6":"product_cat-lentils","7":"product_cat-indian-snacks","9":"first","10":"outofstock","11":"shipping-taxable","12":"purchasable","13":"product-type-simple","14":"entry","15":"content-bg","16":"loop-entry"},"taxonomy_info":{"product_cat":[{"value":47,"label":"Lentils"},{"value":56,"label":"Snacks"}]},"featured_image_src_large":["https:\/\/sultanspices.es\/wp-content\/uploads\/2024\/06\/ProductsPIX-13-1024x1024.png",1024,1024,true],"author_info":[],"comment_info":0,"jetpack_sharing_enabled":true,"_links":{"self":[{"href":"https:\/\/sultanspices.es\/es\/wp-json\/wp\/v2\/product\/4688","targetHints":{"allow":["GET"]}}],"collection":[{"href":"https:\/\/sultanspices.es\/es\/wp-json\/wp\/v2\/product"}],"about":[{"href":"https:\/\/sultanspices.es\/es\/wp-json\/wp\/v2\/types\/product"}],"replies":[{"embeddable":true,"href":"https:\/\/sultanspices.es\/es\/wp-json\/wp\/v2\/comments?post=4688"}],"wp:featuredmedia":[{"embeddable":true,"href":"https:\/\/sultanspices.es\/es\/wp-json\/wp\/v2\/media\/4742"}],"wp:attachment":[{"href":"https:\/\/sultanspices.es\/es\/wp-json\/wp\/v2\/media?parent=4688"}],"wp:term":[{"taxonomy":"product_brand","embeddable":true,"href":"https:\/\/sultanspices.es\/es\/wp-json\/wp\/v2\/product_brand?post=4688"},{"taxonomy":"product_cat","embeddable":true,"href":"https:\/\/sultanspices.es\/es\/wp-json\/wp\/v2\/product_cat?post=4688"},{"taxonomy":"product_tag","embeddable":true,"href":"https:\/\/sultanspices.es\/es\/wp-json\/wp\/v2\/product_tag?post=4688"}],"curies":[{"name":"wp","href":"https:\/\/api.w.org\/{rel}","templated":true}]}}