{"id":4687,"date":"2024-06-23T17:02:32","date_gmt":"2024-06-23T15:02:32","guid":{"rendered":"https:\/\/sultanspices.es\/haldis-chana-dal-200g\/"},"modified":"2026-02-23T12:40:47","modified_gmt":"2026-02-23T11:40:47","slug":"haldis-chana-dal-200g","status":"publish","type":"product","link":"https:\/\/sultanspices.es\/es\/producto\/haldis-chana-dal-200g\/","title":{"rendered":"HALDI'S CHANA DAL 200G"},"content":{"rendered":"<p>Descubra la riqueza de <strong>HALDI'S CHANA DAL 200G<\/strong> en Sultan Spices, tu tienda de alimentaci\u00f3n india en M\u00e1laga. Este chana dal de primera calidad, comisariada por Haldi's, es una adici\u00f3n vers\u00e1til y nutritiva a su despensa, perfecto para una variedad de platos indios y creaciones culinarias.<\/p>\n<p><strong>Caracter\u00edsticas principales:<\/strong><\/p>\n<ul>\n<li><strong>Calidad superior:<\/strong> El chana dal cuidadosamente seleccionado garantiza un sabor y una textura superiores.<\/li>\n<li><strong>Rico en nutrientes:<\/strong> Alto contenido en prote\u00ednas, fibra y minerales esenciales, lo que favorece una dieta equilibrada.<\/li>\n<li><strong>Uso vers\u00e1til:<\/strong> Ideal para preparaciones de dal, sopas, guisos y aperitivos como chana dal chaat.<\/li>\n<li><strong>Sabor aut\u00e9ntico:<\/strong> Realza los sabores de la cocina india, perfecta para comidas cotidianas y ocasiones festivas.<\/li>\n<li><strong>C\u00f3modo embalaje:<\/strong> Se presenta en un envase de 200 g, ideal para uso dom\u00e9stico y f\u00e1cil almacenamiento.<\/li>\n<\/ul>\n<p>En Sultan Spices, nos comprometemos a proporcionar ingredientes de alta calidad que mejoren su experiencia culinaria. <strong>HALDI'S CHANA DAL 200G<\/strong> refleja nuestra dedicaci\u00f3n a la autenticidad y el sabor.<\/p>\n<p>Visite Sultan Spices en M\u00e1laga para explorar nuestra amplia gama de lentejas, especias y art\u00edculos especiales. Con <strong>HALDI'S CHANA DAL 200G<\/strong>Con el chana dal, puede realzar sus platos con los ricos sabores y los beneficios nutricionales del chana dal.<\/p>\n<p>Mejore su cocina con <strong>HALDI'S CHANA DAL 200G<\/strong> de Sultan Spices, y disfrute de su sabor sano y aut\u00e9ntico.<\/p>","protected":false},"excerpt":{"rendered":"<p>Descubra la riqueza de HALDI'S CHANA DAL 200G en Sultan Spices, su tienda de alimentaci\u00f3n india en M\u00e1laga. Este chana dal de primera calidad, curado por Haldi's, es una adici\u00f3n vers\u00e1til y nutritiva a su despensa, perfecto para una variedad de platos indios y creaciones culinarias. Caracter\u00edsticas principales: Calidad superior: El chana dal cuidadosamente seleccionado garantiza un sabor superior....<\/p>","protected":false},"featured_media":4743,"comment_status":"open","ping_status":"closed","template":"","meta":{"_kad_blocks_custom_css":"","_kad_blocks_head_custom_js":"","_kad_blocks_body_custom_js":"","_kad_blocks_footer_custom_js":"","_kadence_starter_templates_imported_post":false,"_kad_post_transparent":"default","_kad_post_title":"","_kad_post_layout":"default","_kad_post_sidebar_id":"","_kad_post_content_style":"default","_kad_post_vertical_padding":"default","_kad_post_feature":"","_kad_post_feature_position":"","_kad_post_header":false,"_kad_post_footer":false,"_kad_post_classname":""},"product_brand":[],"product_cat":[56,47],"product_tag":[],"class_list":{"0":"post-4687","1":"product","2":"type-product","3":"status-publish","4":"has-post-thumbnail","6":"product_cat-indian-snacks","7":"product_cat-lentils","9":"first","10":"outofstock","11":"shipping-taxable","12":"purchasable","13":"product-type-simple","14":"entry","15":"content-bg","16":"loop-entry"},"taxonomy_info":{"product_cat":[{"value":56,"label":"Snacks"},{"value":47,"label":"Lentils"}]},"featured_image_src_large":["https:\/\/sultanspices.es\/wp-content\/uploads\/2024\/06\/ProductsPIX-14-1024x1024.png",1024,1024,true],"author_info":[],"comment_info":1,"jetpack_sharing_enabled":true,"_links":{"self":[{"href":"https:\/\/sultanspices.es\/es\/wp-json\/wp\/v2\/product\/4687","targetHints":{"allow":["GET"]}}],"collection":[{"href":"https:\/\/sultanspices.es\/es\/wp-json\/wp\/v2\/product"}],"about":[{"href":"https:\/\/sultanspices.es\/es\/wp-json\/wp\/v2\/types\/product"}],"replies":[{"embeddable":true,"href":"https:\/\/sultanspices.es\/es\/wp-json\/wp\/v2\/comments?post=4687"}],"wp:featuredmedia":[{"embeddable":true,"href":"https:\/\/sultanspices.es\/es\/wp-json\/wp\/v2\/media\/4743"}],"wp:attachment":[{"href":"https:\/\/sultanspices.es\/es\/wp-json\/wp\/v2\/media?parent=4687"}],"wp:term":[{"taxonomy":"product_brand","embeddable":true,"href":"https:\/\/sultanspices.es\/es\/wp-json\/wp\/v2\/product_brand?post=4687"},{"taxonomy":"product_cat","embeddable":true,"href":"https:\/\/sultanspices.es\/es\/wp-json\/wp\/v2\/product_cat?post=4687"},{"taxonomy":"product_tag","embeddable":true,"href":"https:\/\/sultanspices.es\/es\/wp-json\/wp\/v2\/product_tag?post=4687"}],"curies":[{"name":"wp","href":"https:\/\/api.w.org\/{rel}","templated":true}]}}