{"id":4685,"date":"2024-06-23T17:02:31","date_gmt":"2024-06-23T15:02:31","guid":{"rendered":"https:\/\/sultanspices.es\/gram-flour-trs-2kg\/"},"modified":"2026-02-23T12:40:47","modified_gmt":"2026-02-23T11:40:47","slug":"gram-flour-trs-2kg","status":"publish","type":"product","link":"https:\/\/sultanspices.es\/es\/producto\/gramo-harina-trs-2kg\/","title":{"rendered":"HARINA DE GRAMO TRS 2KG"},"content":{"rendered":"<div class=\"flex flex-grow flex-col max-w-full\">\n<div class=\"min-h-[20px] text-message flex flex-col items-start whitespace-pre-wrap break-words [.text-message+&amp;]:mt-5 juice:w-full juice:items-end overflow-x-auto gap-2\" dir=\"auto\" data-message-author-role=\"assistant\" data-message-id=\"282ed558-a1da-43e8-9117-9ae2ee1009fc\">\n<div class=\"flex w-full flex-col gap-1 juice:empty:hidden juice:first:pt-[3px]\">\n<div class=\"markdown prose w-full break-words dark:prose-invert dark\">\n<p>Descubra la versatilidad de <strong>HARINA DE GRAMO TRS 2KG<\/strong> en Sultan Spices, su tienda india de confianza en M\u00e1laga. Tambi\u00e9n conocida como besan, esta harina de gramo premium de TRS es un ingrediente b\u00e1sico en la cocina india, ofreciendo sabor y nutrici\u00f3n a una amplia gama de platos.<\/p>\n<p><strong>Caracter\u00edsticas principales:<\/strong><\/p>\n<ul>\n<li><strong>Calidad superior:<\/strong> Elaborado con garbanzos finamente molidos para garantizar una textura y un sabor superiores.<\/li>\n<li><strong>Rico en nutrientes:<\/strong> Alto contenido en prote\u00ednas, fibra diet\u00e9tica y minerales esenciales, que contribuyen a una dieta equilibrada.<\/li>\n<li><strong>Uso vers\u00e1til:<\/strong> Ideal para preparar platos tradicionales como pakoras, bhajis y dulces como besan ladoo.<\/li>\n<li><strong>Alternativa sin gluten:<\/strong> Apto para dietas sin gluten y lo suficientemente vers\u00e1til para hornear y espesar salsas.<\/li>\n<li><strong>C\u00f3modo embalaje:<\/strong> Viene en un paquete de 2KG, perfecto para uso frecuente y f\u00e1cil almacenamiento.<\/li>\n<\/ul>\n<p>En Sultan Spices, nos enorgullecemos de ofrecer ingredientes de alta calidad que realzan sus creaciones culinarias. <strong>HARINA DE GRAMO TRS 2KG<\/strong> ejemplifica nuestro compromiso con la autenticidad y el sabor.<\/p>\n<p>Visite Sultan Spices en M\u00e1laga para explorar nuestra variada selecci\u00f3n de harinas, especias y art\u00edculos especiales. En <strong>HARINA DE GRAMO TRS 2KG<\/strong>Si lo desea, puede mejorar su cocina con los ricos sabores y los beneficios nutricionales del besan.<\/p>\n<p>Realce sus platos con <strong>HARINA DE GRAMO TRS 2KG<\/strong> de Sultan Spices, y disfrute de la bondad vers\u00e1til y el sabor aut\u00e9ntico que aporta a su cocina.<\/p>\n<\/div>\n<\/div>\n<\/div>\n<\/div>","protected":false},"excerpt":{"rendered":"<p>Descubra la versatilidad de la HARINA DE GRAMO TRS 2KG en Sultan Spices, su tienda de alimentaci\u00f3n india de confianza en M\u00e1laga. Tambi\u00e9n conocida como besan, esta harina de gramo premium de TRS es un ingrediente b\u00e1sico en la cocina india, ofreciendo tanto sabor como nutrici\u00f3n a una amplia gama de platos. Caracter\u00edsticas principales: Calidad superior: Elaborada a partir de...<\/p>","protected":false},"featured_media":4745,"comment_status":"open","ping_status":"closed","template":"","meta":{"_kad_blocks_custom_css":"","_kad_blocks_head_custom_js":"","_kad_blocks_body_custom_js":"","_kad_blocks_footer_custom_js":"","_kadence_starter_templates_imported_post":false,"_kad_post_transparent":"default","_kad_post_title":"","_kad_post_layout":"default","_kad_post_sidebar_id":"","_kad_post_content_style":"default","_kad_post_vertical_padding":"default","_kad_post_feature":"","_kad_post_feature_position":"","_kad_post_header":false,"_kad_post_footer":false,"_kad_post_classname":""},"product_brand":[],"product_cat":[52],"product_tag":[],"class_list":{"0":"post-4685","1":"product","2":"type-product","3":"status-publish","4":"has-post-thumbnail","6":"product_cat-flour","8":"first","9":"outofstock","10":"shipping-taxable","11":"purchasable","12":"product-type-simple","13":"entry","14":"content-bg","15":"loop-entry"},"taxonomy_info":{"product_cat":[{"value":52,"label":"Flour"}]},"featured_image_src_large":["https:\/\/sultanspices.es\/wp-content\/uploads\/2024\/06\/ProductsPIX-15-1024x1024.png",1024,1024,true],"author_info":[],"comment_info":1,"jetpack_sharing_enabled":true,"_links":{"self":[{"href":"https:\/\/sultanspices.es\/es\/wp-json\/wp\/v2\/product\/4685","targetHints":{"allow":["GET"]}}],"collection":[{"href":"https:\/\/sultanspices.es\/es\/wp-json\/wp\/v2\/product"}],"about":[{"href":"https:\/\/sultanspices.es\/es\/wp-json\/wp\/v2\/types\/product"}],"replies":[{"embeddable":true,"href":"https:\/\/sultanspices.es\/es\/wp-json\/wp\/v2\/comments?post=4685"}],"wp:featuredmedia":[{"embeddable":true,"href":"https:\/\/sultanspices.es\/es\/wp-json\/wp\/v2\/media\/4745"}],"wp:attachment":[{"href":"https:\/\/sultanspices.es\/es\/wp-json\/wp\/v2\/media?parent=4685"}],"wp:term":[{"taxonomy":"product_brand","embeddable":true,"href":"https:\/\/sultanspices.es\/es\/wp-json\/wp\/v2\/product_brand?post=4685"},{"taxonomy":"product_cat","embeddable":true,"href":"https:\/\/sultanspices.es\/es\/wp-json\/wp\/v2\/product_cat?post=4685"},{"taxonomy":"product_tag","embeddable":true,"href":"https:\/\/sultanspices.es\/es\/wp-json\/wp\/v2\/product_tag?post=4685"}],"curies":[{"name":"wp","href":"https:\/\/api.w.org\/{rel}","templated":true}]}}