{"id":4683,"date":"2024-06-23T17:02:30","date_gmt":"2024-06-23T15:02:30","guid":{"rendered":"https:\/\/sultanspices.es\/golden-peacock-chapatti-atta-25kg\/"},"modified":"2025-07-19T12:37:16","modified_gmt":"2025-07-19T10:37:16","slug":"golden-peacock-chapatti-atta-25kg","status":"publish","type":"product","link":"https:\/\/sultanspices.es\/es\/producto\/golden-peacock-chapatti-atta-25kg\/","title":{"rendered":"GOLDEN PEACOCK CHAPATTI ATTA 25KG"},"content":{"rendered":"<p>Experimente la mejor calidad <strong>GOLDEN PEACOCK CHAPATTI ATTA 25KG<\/strong> en Sultan Spices, su principal tienda de alimentaci\u00f3n india en M\u00e1laga. Esta harina de trigo integral de primera calidad, conocida como chapatti atta, es elaborada a la perfecci\u00f3n por Golden Peacock, garantizando chapattis suaves y esponjosos y una experiencia culinaria saludable.<\/p>\n<p><strong>Caracter\u00edsticas principales:<\/strong><\/p>\n<ul>\n<li><strong>Calidad superior:<\/strong> Elaborado con granos de trigo integral cuidadosamente seleccionados para obtener una textura y un sabor superiores.<\/li>\n<li><strong>Sabor aut\u00e9ntico:<\/strong> Produce chapattis suaves y esponjosos que complementan una gran variedad de platos indios.<\/li>\n<li><strong>Uso vers\u00e1til:<\/strong> Ideal para preparar chapattis, parathas, puris y otros panes tradicionales de la India.<\/li>\n<li><strong>Rico en nutrientes:<\/strong> Alto contenido en fibra, vitaminas y minerales, que favorecen un estilo de vida saludable.<\/li>\n<li><strong>C\u00f3modo embalaje:<\/strong> Viene en una bolsa de 25KG, perfecta para hogares y cocinas comerciales.<\/li>\n<\/ul>\n<p>En Sultan Spices, nos comprometemos a ofrecer ingredientes de alta calidad que mejoren su experiencia culinaria. <strong>GOLDEN PEACOCK CHAPATTI ATTA 25KG<\/strong> refleja nuestra dedicaci\u00f3n a la autenticidad y el sabor.<\/p>\n<p>Visite Sultan Spices en M\u00e1laga para explorar nuestra amplia gama de harinas, especias y art\u00edculos especiales. Con <strong>GOLDEN PEACOCK CHAPATTI ATTA 25KG<\/strong>Si le apetece cocinar, puede mejorar su cocina con los beneficios saludables y el aut\u00e9ntico sabor del chapatti atta.<\/p>\n<p>Cree deliciosos platos con <strong>GOLDEN PEACOCK CHAPATTI ATTA 25KG<\/strong> de Sultan Spices, y disfrute de la calidad y el sabor superiores que aporta a su cocina.<\/p>","protected":false},"excerpt":{"rendered":"<p>Experimente la mejor calidad de GOLDEN PEACOCK CHAPATTI ATTA 25KG en Sultan Spices, su principal tienda de comestibles indios en M\u00e1laga. Esta harina de trigo integral de primera calidad, conocida como chapatti atta, es elaborada a la perfecci\u00f3n por Golden Peacock, garantizando chapattis suaves y esponjosos y una experiencia culinaria saludable. Caracter\u00edsticas principales: Calidad superior: Elaborada con granos de trigo integral cuidadosamente seleccionados...<\/p>","protected":false},"featured_media":4747,"comment_status":"open","ping_status":"closed","template":"","meta":{"_kad_blocks_custom_css":"","_kad_blocks_head_custom_js":"","_kad_blocks_body_custom_js":"","_kad_blocks_footer_custom_js":"","_kadence_starter_templates_imported_post":false,"_kad_post_transparent":"default","_kad_post_title":"","_kad_post_layout":"default","_kad_post_sidebar_id":"","_kad_post_content_style":"default","_kad_post_vertical_padding":"default","_kad_post_feature":"","_kad_post_feature_position":"","_kad_post_header":false,"_kad_post_footer":false,"_kad_post_classname":""},"product_brand":[],"product_cat":[52],"product_tag":[],"class_list":{"0":"post-4683","1":"product","2":"type-product","3":"status-publish","4":"has-post-thumbnail","6":"product_cat-flour","8":"first","9":"outofstock","10":"shipping-taxable","11":"purchasable","12":"product-type-simple","13":"entry","14":"content-bg","15":"loop-entry"},"taxonomy_info":{"product_cat":[{"value":52,"label":"Flour"}]},"featured_image_src_large":["https:\/\/sultanspices.es\/wp-content\/uploads\/2024\/06\/ProductsPIX-16-1024x1024.png",1024,1024,true],"author_info":[],"comment_info":2,"jetpack_sharing_enabled":true,"_links":{"self":[{"href":"https:\/\/sultanspices.es\/es\/wp-json\/wp\/v2\/product\/4683","targetHints":{"allow":["GET"]}}],"collection":[{"href":"https:\/\/sultanspices.es\/es\/wp-json\/wp\/v2\/product"}],"about":[{"href":"https:\/\/sultanspices.es\/es\/wp-json\/wp\/v2\/types\/product"}],"replies":[{"embeddable":true,"href":"https:\/\/sultanspices.es\/es\/wp-json\/wp\/v2\/comments?post=4683"}],"wp:featuredmedia":[{"embeddable":true,"href":"https:\/\/sultanspices.es\/es\/wp-json\/wp\/v2\/media\/4747"}],"wp:attachment":[{"href":"https:\/\/sultanspices.es\/es\/wp-json\/wp\/v2\/media?parent=4683"}],"wp:term":[{"taxonomy":"product_brand","embeddable":true,"href":"https:\/\/sultanspices.es\/es\/wp-json\/wp\/v2\/product_brand?post=4683"},{"taxonomy":"product_cat","embeddable":true,"href":"https:\/\/sultanspices.es\/es\/wp-json\/wp\/v2\/product_cat?post=4683"},{"taxonomy":"product_tag","embeddable":true,"href":"https:\/\/sultanspices.es\/es\/wp-json\/wp\/v2\/product_tag?post=4683"}],"curies":[{"name":"wp","href":"https:\/\/api.w.org\/{rel}","templated":true}]}}